{"id":2277,"date":"2022-01-18T10:05:21","date_gmt":"2022-01-18T10:05:21","guid":{"rendered":"https:\/\/fundacionporlajusticia.accesia.info\/?page_id=6781"},"modified":"2022-03-23T12:14:56","modified_gmt":"2022-03-23T12:14:56","slug":"secciones","status":"publish","type":"page","link":"https:\/\/fundacionporlajusticia.org\/en\/humansfest\/secciones\/","title":{"rendered":"Sections"},"content":{"rendered":"[et_pb_section fb_built=\u00bb1&#8243; _builder_version=\u00bb4.15&#8243; global_colors_info=\u00bb{}\u00bb][et_pb_row column_structure=\u00bb1_2,1_2&#8243; _builder_version=\u00bb4.15&#8243; background_size=\u00bbinitial\u00bb background_position=\u00bbtop_left\u00bb background_repeat=\u00bbrepeat\u00bb global_colors_info=\u00bb{}\u00bb][et_pb_column type=\u00bb1_2&#8243; _builder_version=\u00bb4.15&#8243; custom_padding=\u00bb|||\u00bb global_colors_info=\u00bb{}\u00bb custom_padding__hover=\u00bb|||\u00bb][et_pb_image src=\u00bbhttps:\/\/fundacionporlajusticia.org\/wp-content\/uploads\/2022\/03\/Bases_inscribete.png\u00bb title_text=\u00bbBases_inscribete\u00bb url=\u00bbhttps:\/\/fundacionporlajusticia.org\/humansfest\/humans-fest-2022-bases\/\u00bb _builder_version=\u00bb4.15.1&#8243; _module_preset=\u00bbdefault\u00bb width=\u00bb93%\u00bb width_tablet=\u00bb93%\u00bb width_phone=\u00bb93%\u00bb width_last_edited=\u00bbon|phone\u00bb max_width=\u00bb93%\u00bb global_colors_info=\u00bb{}\u00bb][\/et_pb_image][\/et_pb_column][et_pb_column type=\u00bb1_2&#8243; _builder_version=\u00bb4.15&#8243; custom_padding=\u00bb|||\u00bb global_colors_info=\u00bb{}\u00bb custom_padding__hover=\u00bb|||\u00bb][et_pb_text _builder_version=\u00bb4.15.1&#8243; background_size=\u00bbinitial\u00bb background_position=\u00bbtop_left\u00bb background_repeat=\u00bbrepeat\u00bb hover_enabled=\u00bb0&#8243; global_colors_info=\u00bb{}\u00bb sticky_enabled=\u00bb0&#8243;]<figure class=\"wp-block-image size-large\"><\/figure>\n<p>&nbsp;<\/p>\n<p><strong>Premios Secci\u00f3n Oficial<\/strong><\/p>\n<ul class=\"wp-block-list\">\n<li><strong>Secci\u00f3n Humans Docs-Mejor largometraje &#8211; 1.000 \u20ac<\/strong><\/li>\n<li><strong>Secci\u00f3n Humans Fic- Mejor largometraje documental &#8211; 1.000 \u20ac<\/strong><\/li>\n<li><strong>Curt i Barrejat <\/strong>: mejor corto de ficci\u00f3n &#8211; 350 \u20ac \/ mejor corto documental &#8211; 350 \u20ac<\/li>\n<li><strong>Secci\u00f3n Acollida<\/strong>: secci\u00f3n de cortometrajes valencianos por los derechos humanos- 350\u20ac<\/li>\n<li><strong>Secci\u00f3n 1 minut, 1 frontera<\/strong> Nuestra tradicional secci\u00f3n 1 minuto, 1 derecho est\u00e1 dedicada este a\u00f1o a las fronteras. 300\u20ac<\/li>\n<\/ul>\n<p><\/p>\n<p><strong>No competencia<\/strong><\/p>\n<ul>\n<li><strong>Proyecciones especiales: todos los g\u00e9neros <\/strong>(fuera de concurso) para proyectos pasados, invitados de otros a\u00f1os&#8230; etc.<\/li>\n<\/ul>\n<p><\/p>\n<p><\/p>[\/et_pb_text][et_pb_button button_url=\u00bbhttps:\/\/fundacionporlajusticia.org\/humansfest\/humans-fest-2022-bases\/\u00bb button_text=\u00bbAccede a las Bases\u00bb button_alignment=\u00bbcenter\u00bb button_alignment_tablet=\u00bbcenter\u00bb button_alignment_phone=\u00bbcenter\u00bb button_alignment_last_edited=\u00bbon|phone\u00bb _builder_version=\u00bb4.15.1&#8243; _module_preset=\u00bbdefault\u00bb global_colors_info=\u00bb{}\u00bb][\/et_pb_button][\/et_pb_column][\/et_pb_row][\/et_pb_section]","protected":false},"excerpt":{"rendered":"<p>&nbsp; Premios Secci\u00f3n Oficial Secci\u00f3n Humans Docs-Mejor largometraje &#8211; 1.000 \u20ac Secci\u00f3n Humans Fic- Mejor largometraje documental &#8211; 1.000 \u20ac Curt i Barrejat : mejor corto de ficci\u00f3n &#8211; 350 \u20ac \/ mejor corto documental &#8211; 350 \u20ac Secci\u00f3n Acollida: secci\u00f3n de cortometrajes valencianos por los derechos humanos- 350\u20ac Secci\u00f3n 1 minut, 1 frontera Nuestra [&hellip;]<\/p>\n","protected":false},"author":2,"featured_media":0,"parent":442,"menu_order":0,"comment_status":"closed","ping_status":"closed","template":"","meta":{"_et_pb_use_builder":"on","_et_pb_old_content":"<!-- wp:image {\"id\":6888,\"sizeSlug\":\"large\",\"linkDestination\":\"media\"} -->\r\n<figure class=\"wp-block-image size-large\"><\/figure>\r\n<!-- \/wp:image --><!-- wp:paragraph -->\r\n<p>Premios Secci\u00f3n Oficial<\/p>\r\n<!-- \/wp:paragraph --><!-- wp:list -->\r\n<ul>\r\n<li><strong>Secci\u00f3n Humans Docs-Mejor largometraje - 1.000 \u20ac<\/strong><\/li>\r\n<li><strong>Secci\u00f3n Humans Fic- Mejor largometraje documental - 1.000 \u20ac<\/strong><\/li>\r\n<li><strong>Curt i Barrejat <\/strong>: mejor corto de ficci\u00f3n - 350 \u20ac \/ mejor corto documental - 350 \u20ac<\/li>\r\n<li><strong>Secci\u00f3n Acollida<\/strong>: secci\u00f3n de cortometrajes valencianos por los derechos humanos- 350\u20ac<\/li>\r\n<li><strong>Secci\u00f3n 1 minut, 1 frontera<\/strong> Nuestra tradicional secci\u00f3n 1 minuto, 1 derecho est\u00e1 dedicada este a\u00f1o a las fronteras. 300\u20ac<\/li>\r\n<\/ul>\r\n<!-- \/wp:list --><!-- wp:paragraph -->\r\n<p>No competencia:\u00a0<\/p>\r\n<!-- \/wp:paragraph --><!-- wp:list -->\r\n<ul>\r\n<li><strong>Proyecciones especiales: todos los g\u00e9neros <\/strong>(fuera de concurso) para proyectos pasados, invitados de otros a\u00f1os... etc.<\/li>\r\n<\/ul>\r\n<!-- \/wp:list --><!-- wp:paragraph -->\r\n<p>Accede a las <a href=\"https:\/\/fundacionporlajusticia.org\/bases-2022\/\">bases completas<\/a><\/p>\r\n<!-- \/wp:paragraph --><!-- wp:paragraph -->\r\n<p>\u00a0<\/p>\r\n<!-- \/wp:paragraph -->","_et_gb_content_width":"","_uf_show_specific_survey":0,"_uf_disable_surveys":false,"footnotes":""},"class_list":["post-2277","page","type-page","status-publish","hentry"],"aioseo_notices":[],"_links":{"self":[{"href":"https:\/\/fundacionporlajusticia.org\/en\/wp-json\/wp\/v2\/pages\/2277","targetHints":{"allow":["GET"]}}],"collection":[{"href":"https:\/\/fundacionporlajusticia.org\/en\/wp-json\/wp\/v2\/pages"}],"about":[{"href":"https:\/\/fundacionporlajusticia.org\/en\/wp-json\/wp\/v2\/types\/page"}],"author":[{"embeddable":true,"href":"https:\/\/fundacionporlajusticia.org\/en\/wp-json\/wp\/v2\/users\/2"}],"replies":[{"embeddable":true,"href":"https:\/\/fundacionporlajusticia.org\/en\/wp-json\/wp\/v2\/comments?post=2277"}],"version-history":[{"count":4,"href":"https:\/\/fundacionporlajusticia.org\/en\/wp-json\/wp\/v2\/pages\/2277\/revisions"}],"predecessor-version":[{"id":3731,"href":"https:\/\/fundacionporlajusticia.org\/en\/wp-json\/wp\/v2\/pages\/2277\/revisions\/3731"}],"up":[{"embeddable":true,"href":"https:\/\/fundacionporlajusticia.org\/en\/wp-json\/wp\/v2\/pages\/442"}],"wp:attachment":[{"href":"https:\/\/fundacionporlajusticia.org\/en\/wp-json\/wp\/v2\/media?parent=2277"}],"curies":[{"name":"wp","href":"https:\/\/api.w.org\/{rel}","templated":true}]}}