{"id":2216,"date":"2014-09-16T08:38:05","date_gmt":"2014-09-16T08:38:05","guid":{"rendered":"https:\/\/fundacionporlajusticia.accesia.info\/?page_id=297"},"modified":"2022-03-21T16:22:06","modified_gmt":"2022-03-21T16:22:06","slug":"colaboradores","status":"publish","type":"page","link":"https:\/\/fundacionporlajusticia.org\/en\/colaboradores\/","title":{"rendered":"COLLABORATORS 2014"},"content":{"rendered":"<p><strong>COORGANIZE:<\/strong><\/p>\n<p><a href=\"http:\/\/quatrefilms.com\/\"><img loading=\"lazy\" decoding=\"async\" class=\"wp-image-808 alignleft\" src=\"https:\/\/fundacionporlajusticia.org\/wp-content\/uploads\/2014\/09\/LogoQuatrefilmsSmall-150x150.jpg\" alt=\"Quatre Films\" width=\"87\" height=\"87\" \/><\/a><\/p>\n<p>&nbsp;<\/p>\n<p>&nbsp;<\/p>\n<p>&nbsp;<\/p>\n<p>&nbsp;<\/p>\n<p>&nbsp;<\/p>\n<p>&nbsp;<\/p>\n<p><strong>SPONSOR:<\/strong><\/p>\n<p>VALENCIA CITY COUNCIL<\/p>\n<p><strong>THEY COLLABORATE:<\/strong><\/p>\n<p>VALENCIAN FILMOTECA \u2013 IVAC<\/p>\n<p>UNIVERSITAT OF VALENCIA<\/p>\n<p>AECID SPANISH AGENCY FOR INTERNATIONAL COOPERATION<\/p>\n<p>CINEMA CLASSROOM OF CINEMA UNIVERSITAT DE VAL\u00c8NCIA<\/p>\n<p>LOMBARDO TOLEDANO CENTER FOR PHILOSOPHICAL, POLITICAL AND SOCIAL STUDIES OF MEXICO<\/p>\n<p>SOME LIKE IT SHORT<\/p>\n<p>SGNS<\/p>\n<p>EASD ESCOLA D\u00b4ART I SUPERIOR DE DESIGN DE VAL\u00c8NCIA<\/p>\n<p>UNIVERSITY OF SALAMANCA<\/p>\n<p><span style=\"color: #222222;\">UCA \u2013 UNIVERSITY OF CENTRAL AMERICA (EL SALVADOR)<\/span><br style=\"color: #222222;\" \/><br style=\"color: #222222;\" \/><span style=\"color: #222222;\">IDHUCA \u2013 Human Rights Institute of El Salvador.<\/span><br style=\"color: #222222;\" \/><br style=\"color: #222222;\" \/><span style=\"color: #222222;\">Sao Paulo Bar Association \u2013 Brazil<\/span><br style=\"color: #222222;\" \/><br style=\"color: #222222;\" \/><span style=\"color: #222222;\">Funda\u00e7\u00e3o Padre Anchieta Brazil<\/span><br style=\"color: #222222;\" \/><br style=\"color: #222222;\" \/><span style=\"color: #222222;\">TV CULTURE BRAZIL<\/span><br style=\"color: #222222;\" \/><br style=\"color: #222222;\" \/>SAN SEBASTI\u00c1N FILM AND HUMAN RIGHTS FESTIVAL<\/p>\n<p>MADRID DOCUMENTS<\/p>\n<p>CORDOBA AFRICAN FILM FESTIVAL<br style=\"color: #222222;\" \/><br style=\"color: #222222;\" \/><span style=\"color: #222222;\">UNESCO CENTER VALENCIA<\/span><\/p>\n<p><span style=\"color: #222222;\">INTERNATIONAL AMNESTY<\/span><br style=\"color: #222222;\" \/><br style=\"color: #222222;\" \/><span style=\"color: #222222;\">CEAR<\/span><br style=\"color: #222222;\" \/><br style=\"color: #222222;\" \/><span style=\"color: #222222;\">PICASSENT PENITENTIARY CENTER<\/span><\/p>\n<p><span style=\"color: #222222;\">10 IES (SECONDARY EDUCATION INSTITUTES) OF VALENCIA<\/span><\/p>\n<p>HISPANIC SYRIAN ASSOCIATION<\/p>\n<p><span style=\"color: #222222;\">HISPANIC SYRIAN DOCTORS ASSOCIATION<\/span><\/p>","protected":false},"excerpt":{"rendered":"<p>COORGANIZA: &nbsp; &nbsp; &nbsp; &nbsp; &nbsp; &nbsp; PATROCINAN: AYUNTAMIENTO DE VALENCIA COLABORAN: FILMOTECA VALENCIANA &#8211; IVAC UNIVERSITAT DE VAL\u00c8NCIA AECID AGENCIA ESPA\u00d1OLA DE COOPERACI\u00d3N INTERNACIONAL AULA DE CINEMA DE CINEMA UNIVERSITAT DE VAL\u00c8NCIA CENTRO DE ESTUDIOS FILOS\u00d3FICO, POL\u00cdTICOS Y SOCIALES LOMBARDO TOLEDANO DE M\u00c9XICO SOME LIKE IT SHORT SGNS EASD ESCOLA D\u00b4ART I SUPERIOR DE [&hellip;]<\/p>\n","protected":false},"author":2,"featured_media":0,"parent":0,"menu_order":0,"comment_status":"open","ping_status":"closed","template":"","meta":{"_et_pb_use_builder":"","_et_pb_old_content":"","_et_gb_content_width":"","_uf_show_specific_survey":0,"_uf_disable_surveys":false,"footnotes":""},"class_list":["post-2216","page","type-page","status-publish","hentry"],"aioseo_notices":[],"_links":{"self":[{"href":"https:\/\/fundacionporlajusticia.org\/en\/wp-json\/wp\/v2\/pages\/2216","targetHints":{"allow":["GET"]}}],"collection":[{"href":"https:\/\/fundacionporlajusticia.org\/en\/wp-json\/wp\/v2\/pages"}],"about":[{"href":"https:\/\/fundacionporlajusticia.org\/en\/wp-json\/wp\/v2\/types\/page"}],"author":[{"embeddable":true,"href":"https:\/\/fundacionporlajusticia.org\/en\/wp-json\/wp\/v2\/users\/2"}],"replies":[{"embeddable":true,"href":"https:\/\/fundacionporlajusticia.org\/en\/wp-json\/wp\/v2\/comments?post=2216"}],"version-history":[{"count":1,"href":"https:\/\/fundacionporlajusticia.org\/en\/wp-json\/wp\/v2\/pages\/2216\/revisions"}],"predecessor-version":[{"id":3493,"href":"https:\/\/fundacionporlajusticia.org\/en\/wp-json\/wp\/v2\/pages\/2216\/revisions\/3493"}],"wp:attachment":[{"href":"https:\/\/fundacionporlajusticia.org\/en\/wp-json\/wp\/v2\/media?parent=2216"}],"curies":[{"name":"wp","href":"https:\/\/api.w.org\/{rel}","templated":true}]}}