{"id":2188,"date":"2020-10-06T09:07:51","date_gmt":"2020-10-06T09:07:51","guid":{"rendered":"https:\/\/fundacionporlajusticia.accesia.info\/?page_id=6372"},"modified":"2022-03-21T20:12:51","modified_gmt":"2022-03-21T20:12:51","slug":"calendario-2021","status":"publish","type":"page","link":"https:\/\/fundacionporlajusticia.org\/en\/humansfest\/2021-x-edicion\/calendario-2021\/","title":{"rendered":"2021 Calendar"},"content":{"rendered":"<p><span style=\"color: #002b9e;\"><b>16.10<\/b><\/span><br \/>\nRESISTANCES 18: One day yes<\/p>\n<hr \/>\n<p><span style=\"color: #002b9e;\"><b>19.10<\/b><\/span><br \/>\nAGA&#039;S HOUSE Oviedo screening, in collaboration with the NGO Coordinator of the Principality of Asturias<\/p>\n<hr \/>\n<p><span style=\"color: #002b9e;\"><b>22.10<\/b><\/span><br \/>\nQuartmetratges, projection The flowers that you pluck<\/p>\n<hr \/>\n<p><span style=\"color: #002b9e;\"><b>22\u201325.10<\/b><\/span><br \/>\nPRIME THE ANIMATION! Virtual<\/p>\n<hr \/>\n<p><span style=\"color: #002b9e;\"><b>23.10<\/b><\/span><br \/>\nRESISTANCES 19: Isabel Herguera, Animation<\/p>\n<hr \/>\n<p><span style=\"color: #002b9e;\"><b>23.10<\/b><\/span><br \/>\nInauguration of polio exhibition, Casa del Rellotge<\/p>\n<hr \/>\n<p><span style=\"color: #002b9e;\"><b>24.10<\/b><\/span><br \/>\nPolio day.<\/p>\n<hr \/>\n<p><span style=\"color: #002b9e;\"><b>30.10<\/b><\/span><br \/>\nRESISTANCES 20:<\/p>\n<hr \/>\n<p><span style=\"color: #002b9e;\"><b>06.11<\/b><\/span><br \/>\nRESISTANCES 21:<\/p>\n<hr \/>\n<p><span style=\"color: #002b9e;\"><b>7-19-20-26.11<\/b><\/span><br \/>\nPodcast workshop with Colombian refugee women<\/p>\n<hr \/>\n<p><span style=\"color: #002b9e;\"><b>13.11<\/b><\/span><br \/>\nRESISTANCES 22:<\/p>\n<hr \/>\n<p><span style=\"color: #002b9e;\"><b>18.11<\/b><\/span><br \/>\nSession with the General Directorate of Children&#039;s Rights<\/p>\n<hr \/>\n<p><span style=\"color: #002b9e;\"><b>HALF-NOVEMBER<\/b><\/span><br \/>\nSyria cycle begins at the Film Library until the end of December<\/p>\n<hr \/>\n<p><span style=\"color: #002b9e;\"><b>20.11<\/b><\/span><br \/>\nRESISTANCES 23:<\/p>\n<hr \/>\n<p><span style=\"color: #002b9e;\"><b>27.11<\/b><\/span><br \/>\nRESISTANCES 24:<\/p>\n<hr \/>\n<p><span style=\"color: #002b9e;\"><b>04.12<\/b><\/span><br \/>\nRESISTANCES 25:<\/p>\n<hr \/>\n<p><span style=\"color: #002b9e;\"><b>10.12<\/b><\/span><br \/>\nGamers Presentation<\/p>\n<hr \/>\n<p><span style=\"color: #002b9e;\"><b>10.12<\/b><\/span><br \/>\nWomen of the World Screening, Alacant Film Library. Human Rights Day.<\/p>\n<hr \/>\n<p><span style=\"color: #002b9e;\"><b>11.12<\/b><\/span><br \/>\nRESISTANCES 26:<\/p>\n<hr \/>\n<p><span style=\"color: #002b9e;\"><b>12.12<\/b><\/span><br \/>\neMove Gala<\/p>\n<hr \/>\n<p><span style=\"color: #002b9e;\"><b>18.12<\/b><\/span><br \/>\nRESISTANCES 27:<\/p>\n<hr \/>\n<p><span style=\"color: #002b9e;\"><b>8 \u2013 29.01<\/b><\/span><br \/>\nMUSOC, screening The Flowers You Pluck<\/p>\n<hr \/>\n<p><span style=\"color: #002b9e;\"><b>25-30.01<\/b><\/span><br \/>\nHUMANS FEST Presentation to the media<\/p>\n<hr \/>\n<p><span style=\"color: #002b9e;\"><b>4.02<\/b><\/span><br \/>\nHUMANS FEST presentation to the public<\/p>\n<hr \/>\n<p><span style=\"color: #002b9e;\"><b>8 \u2013 22.02<\/b><\/span><br \/>\nHUMANS FEST<\/p>\n<hr \/>\n<p><span style=\"color: #002b9e;\"><b>24.02<\/b><\/span><br \/>\nUJI Castell\u00f3 anti-fraud project<\/p>","protected":false},"excerpt":{"rendered":"<p>16.10 RESISTENCIAS 18: One day yes 19.10 Proyecci\u00f3n AGA&#8217;S HOUSE Oviedo, en colaboraci\u00f3n con la Coordinadora de ONGd del Principado de Asturias 22.10 Quartmetratges, proyecci\u00f3n Las flores que arrancas 22\u201325.10 PRIME THE ANIMATION! Virtual 23.10 RESISTENCIAS 19: Isabel Herguera, Animaci\u00f3n 23.10 Inauguraci\u00f3n exposici\u00f3n polio, Casa del Rellotge 24.10 D\u00eda de la polio. 30.10 RESISTENCIAS 20: [&hellip;]<\/p>\n","protected":false},"author":2,"featured_media":0,"parent":2186,"menu_order":0,"comment_status":"closed","ping_status":"closed","template":"","meta":{"_et_pb_use_builder":"","_et_pb_old_content":"","_et_gb_content_width":"","_uf_show_specific_survey":0,"_uf_disable_surveys":false,"footnotes":""},"class_list":["post-2188","page","type-page","status-publish","hentry"],"aioseo_notices":[],"_links":{"self":[{"href":"https:\/\/fundacionporlajusticia.org\/en\/wp-json\/wp\/v2\/pages\/2188","targetHints":{"allow":["GET"]}}],"collection":[{"href":"https:\/\/fundacionporlajusticia.org\/en\/wp-json\/wp\/v2\/pages"}],"about":[{"href":"https:\/\/fundacionporlajusticia.org\/en\/wp-json\/wp\/v2\/types\/page"}],"author":[{"embeddable":true,"href":"https:\/\/fundacionporlajusticia.org\/en\/wp-json\/wp\/v2\/users\/2"}],"replies":[{"embeddable":true,"href":"https:\/\/fundacionporlajusticia.org\/en\/wp-json\/wp\/v2\/comments?post=2188"}],"version-history":[{"count":3,"href":"https:\/\/fundacionporlajusticia.org\/en\/wp-json\/wp\/v2\/pages\/2188\/revisions"}],"predecessor-version":[{"id":3482,"href":"https:\/\/fundacionporlajusticia.org\/en\/wp-json\/wp\/v2\/pages\/2188\/revisions\/3482"}],"up":[{"embeddable":true,"href":"https:\/\/fundacionporlajusticia.org\/en\/wp-json\/wp\/v2\/pages\/2186"}],"wp:attachment":[{"href":"https:\/\/fundacionporlajusticia.org\/en\/wp-json\/wp\/v2\/media?parent=2188"}],"curies":[{"name":"wp","href":"https:\/\/api.w.org\/{rel}","templated":true}]}}