{"id":2172,"date":"2019-10-02T19:33:17","date_gmt":"2019-10-02T19:33:17","guid":{"rendered":"https:\/\/fundacionporlajusticia.accesia.info\/?page_id=5681"},"modified":"2022-03-21T16:21:29","modified_gmt":"2022-03-21T16:21:29","slug":"2020-sedes","status":"publish","type":"page","link":"https:\/\/fundacionporlajusticia.org\/en\/humansfest\/2020-edicion\/2020-sedes\/","title":{"rendered":"2020 \u2013 Headquarters"},"content":{"rendered":"<p>The Festival will be held in the following cultural venues in Valencia and surrounding areas:<\/p>\n<h2>VALENCIAN FILMOTECA<\/h2>\n<p><strong>Official Feature Film Section<\/strong><br \/>\nRialto Building<br \/>\nTown Hall Square, 17<br \/>\n46002 Valencia<br \/>\nHumans Fest Headquarters<strong><br \/>\n<\/strong><\/p>\n<h2>LA NAU CULTURAL CENTER<\/h2>\n<p><strong>Special Section<\/strong><br \/>\nUniversitat Street, 2<br \/>\nValencia<\/p>\n<h2>OCCC<\/h2>\n<p><strong> Official Short Film Section<\/strong><br \/>\nCarrer de Sant Ferran, 12<br \/>\nVal\u00e8ncia<\/p>\n<h2>SGAE<\/h2>\n<p><strong>Humans VLC<\/strong><br \/>\nCarrer de la Blanqueria, 6<br \/>\nVal\u00e8ncia<\/p>\n<h2>MUVIM<\/h2>\n<p><b>Future(s)<\/b><br \/>\nQuevedo Street, 10<br \/>\nVal\u00e8ncia<\/p>\n<h2>RECTOR PESET MAYOR COLLEGE<\/h2>\n<p><strong> Human Rights Forum <\/strong><br \/>\nPla\u00e7a del Forn de Sant Nicolau, 4<br \/>\nVal\u00e8ncia<\/p>\n<h2>UNIVERSITAT OF VALENCIA<\/h2>\n<p><b>Future(s)<\/b><br \/>\nAv. de Blasco Ib\u00e1\u00f1ez, 13<br \/>\nVal\u00e8ncia<\/p>","protected":false},"excerpt":{"rendered":"<p>El Festival se celebrar\u00e1 en las siguientes sedes culturales de Valencia y alrededores: FILMOTECA VALENCIANA Secci\u00f3n Oficial de Largometrajes Edificio Rialto Plaza del Ayuntamiento, 17 46002 Val\u00e8ncia Sede principal de Humans Fest CENTRE CULTURAL LA NAU Secci\u00f3n Especial Calle Universitat, 2 Valencia OCCC Secci\u00f3n Oficial de Cortos Carrer de Sant Ferran, 12 Val\u00e8ncia SGAE Humans [&hellip;]<\/p>\n","protected":false},"author":2,"featured_media":0,"parent":2079,"menu_order":3,"comment_status":"closed","ping_status":"closed","template":"","meta":{"_et_pb_use_builder":"","_et_pb_old_content":"","_et_gb_content_width":"","_uf_show_specific_survey":0,"_uf_disable_surveys":false,"footnotes":""},"class_list":["post-2172","page","type-page","status-publish","hentry"],"aioseo_notices":[],"_links":{"self":[{"href":"https:\/\/fundacionporlajusticia.org\/en\/wp-json\/wp\/v2\/pages\/2172","targetHints":{"allow":["GET"]}}],"collection":[{"href":"https:\/\/fundacionporlajusticia.org\/en\/wp-json\/wp\/v2\/pages"}],"about":[{"href":"https:\/\/fundacionporlajusticia.org\/en\/wp-json\/wp\/v2\/types\/page"}],"author":[{"embeddable":true,"href":"https:\/\/fundacionporlajusticia.org\/en\/wp-json\/wp\/v2\/users\/2"}],"replies":[{"embeddable":true,"href":"https:\/\/fundacionporlajusticia.org\/en\/wp-json\/wp\/v2\/comments?post=2172"}],"version-history":[{"count":1,"href":"https:\/\/fundacionporlajusticia.org\/en\/wp-json\/wp\/v2\/pages\/2172\/revisions"}],"predecessor-version":[{"id":3478,"href":"https:\/\/fundacionporlajusticia.org\/en\/wp-json\/wp\/v2\/pages\/2172\/revisions\/3478"}],"up":[{"embeddable":true,"href":"https:\/\/fundacionporlajusticia.org\/en\/wp-json\/wp\/v2\/pages\/2079"}],"wp:attachment":[{"href":"https:\/\/fundacionporlajusticia.org\/en\/wp-json\/wp\/v2\/media?parent=2172"}],"curies":[{"name":"wp","href":"https:\/\/api.w.org\/{rel}","templated":true}]}}