{"id":2161,"date":"2019-10-02T16:17:19","date_gmt":"2019-10-02T16:17:19","guid":{"rendered":"https:\/\/fundacionporlajusticia.accesia.info\/?page_id=5622"},"modified":"2022-03-21T16:20:53","modified_gmt":"2022-03-21T16:20:53","slug":"2020-equipo","status":"publish","type":"page","link":"https:\/\/fundacionporlajusticia.org\/en\/humansfest\/2020-edicion\/2020-equipo\/","title":{"rendered":"2020 \u2013 Team"},"content":{"rendered":"\n<figure class=\"wp-block-image size-large\"><a href=\"https:\/\/fundacionporlajusticia.org\/wp-content\/uploads\/2022\/02\/Baner_rosa_festival_2022.png\"><img decoding=\"async\" src=\"https:\/\/fundacionporlajusticia.org\/wp-content\/uploads\/2022\/02\/Baner_rosa_festival_2022-1024x404.png\" alt=\"\" class=\"wp-image-6877\"\/><\/a><\/figure>\n\n\n<h2 style=\"border-top: solid 27px #d6d6d6; padding-top: 1em;\"><strong><img loading=\"lazy\" decoding=\"async\" class=\"wp-image-6757 alignleft\" src=\"https:\/\/fundacionporlajusticia.org\/wp-content\/uploads\/2022\/01\/Majo_Siscar-1-300x300.png\" alt=\"\" width=\"110\" height=\"110\" \/>Majo Siscar Banyuls.<\/strong> Directora del Humans Fest<\/h2>\n<p>[expand title=\u00bbConoce m\u00e1s sobre Majo\u00bb]<\/p>\n<p>Periodista con 15 a\u00f1os de experiencia en Europa y Am\u00e9rica Latina. Ha cubierto la violencia en Centroam\u00e9rica, las v\u00edctimas de la guerra contra el narco en M\u00e9xico, la migraci\u00f3n hacia los EE. UU. o el proceso de paz en Colombia, desde una perspectiva interseccional. Ha escrito para medios como The New York Times ES, Newsweek, M\u00e9xico, El Pa\u00eds, eldiario.es, 5W, la revista El Temps o Animal Pol\u00edtico. Tambi\u00e9n ha sido reportera de radio y tv. Estudi\u00f3 periodismo en la Universidad Aut\u00f3noma de Barcelona, tiene un m\u00e1ster en Estudios Latinoamericanos por la Universidad Nacional Aut\u00f3noma de M\u00e9xico y un posgrado en Derechos Humanos por la Universidad Iberoamericana.<\/p>\n<p>Su trabajo ha recibido premios como el Memorial Joan Gomis 2019 al periodismo solidario por el multimedia #SexSymbols sobre mujeres l\u00edderes en Bolivia, Indonesia y Rep\u00fablica Democr\u00e1tica del Congo, el Premio Manuel Alc\u00e1ntara de Periodismo Joven 2017 \u2013que otorga la Universidad de M\u00e1laga y el Diario Sur\u2013 por un reportaje sobre el proceso de paz en Colombia, publicado en 5W o el Premio Europeo a la Excelencia Period\u00edstica en Derechos Sexuales y Reproductivos 2011 \u2013que otorga la UE\u2013 por un reportaje sobre mujeres encarceladas por abortar, publicado en Periodismo Humano.<\/p>\n<p>Durante tres a\u00f1os ha sido la responsable de comunicaci\u00f3n del festival CineMigrante, en Barcelona. Ahora trabaja de guionista en el programa Lo de \u00c9vole, en La Sexta. Tambi\u00e9n trabaj\u00f3 de redactora en Terres de Cinema de \u00c0 Punt, premiada como Mejor Serie documental en los Premios Berlanga 2021.<\/p>\n<p>Fue guionista del documental \u2018\u00bfMe vas a gritar?\u2019, de Laura Herrero Garv\u00edn, M\u00e9xico 2018. En 2019 public\u00f3 el libro Tremendas, luchadoras latinoamericanas (Pruna Llibres y Barlin).<\/p>\n<p>[\/expand]<\/p>\n<h2 style=\"border-top: solid 1px #d6d6d6; padding-top: .5em;\"><strong> <img loading=\"lazy\" decoding=\"async\" class=\" wp-image-6759 alignleft\" src=\"https:\/\/fundacionporlajusticia.org\/wp-content\/uploads\/2022\/01\/Cristina_Vivo-300x300.png\" alt=\"\" width=\"110\" height=\"110\" \/>Cristina Viv\u00f3 Lucha.<\/strong> Coordinadora de producci\u00f3n<\/h2>\n<p>[expand title=\u00bbConoce m\u00e1s sobre Cristina\u00bb]<\/p>\n<p>Periodista y licenciada en Comunicaci\u00f3n Audiovisual. Responsable de la secci\u00f3n oficial de documentales en el departamento de prensa del Festival de M\u00e1laga desde 2016, cre\u00f3 y dirigi\u00f3 la secci\u00f3n de contenidos digitales en el Festival de Cine de Fuengirola en 2017.<\/p>\n<p>En el campo de la producci\u00f3n ha estado al frente de diferentes proyectos cinematogr\u00e1ficos y televisivos entre los que se encuentran \u2018Mala Memoria\u2019 (Vito Palanques, 2008), \u2018\u00daltimo Atardecer\u2019 (Sara Castell\u00f3, 2011), \u2018Almost Ghosts\u2019 (Ana Ram\u00f3n Rubio, 2019), \u2018El abismo de los dioses\u2019 (Ricardo Yebra, 2020), \u2018Mi familia en la mochila\u2019 (TVE, 2020 2021), \u2018Terres de Cinema\u2019 (\u00c0 Punt TV, 2021) o \u2018Bull Run\u2019 (Ana Ram\u00f3n Rubio, 2021,en fase de postproducci\u00f3n).<\/p>\n<p>En ficci\u00f3n, ha desarrollado su labor profesional como directora de producci\u00f3n de numerosos proyectos, premiados a nivel nacional e internacional, y como directora de arte. Algunos de sus trabajos realizados:<\/p>\n<p>\u201cTodos quer\u00edamos matar al presidente\u201d de Ana Ram\u00f3n Rubio (Direcci\u00f3n de Arte). Webserie<\/p>\n<p>\u201cMala Memoria\u201d de Vito Palanques (Producci\u00f3n). Cortometraje<\/p>\n<p>\u201c\u00daltimo Atardecer\u201d de Sara Castell\u00f3 Producci\u00f3n). Cortometraje<\/p>\n<p>\u201cEl Camerino\u201d de Ana Ram\u00f3n Rubio (Direcci\u00f3n de Arte). Cortometraje<\/p>\n<p>Su vinculaci\u00f3n e inter\u00e9s por los formatos digitales le lleva a crear la secci\u00f3n de Webseries del Festival Internacional de Cine de Fuengirola (M\u00e1laga),<\/p>\n<p>[\/expand]<\/p>\n<h2 style=\"border-top: solid 27px #d6d6d6; padding-top: 1em;\"><strong><img loading=\"lazy\" decoding=\"async\" class=\"alignleft wp-image-6758\" src=\"https:\/\/fundacionporlajusticia.org\/wp-content\/uploads\/2022\/01\/Pilar_Almenar-300x300.png\" alt=\"\" width=\"110\" height=\"110\" \/><\/strong><strong>Pilar Almenar.<\/strong> Coordinadora de Incidencia<\/h2>\n<p>[expand title=\u00bbConoce m\u00e1s sobre Pilar\u00bb]<\/p>\n<p dir=\"ltr\">Pilar Almenar es Licenciada en Ciencias Ambientales por la Universitat de Val\u00e8ncia y M\u00e1ster en Periodismo por la Universidad Aut\u00f3noma de Madrid y El Pa\u00eds. En la actualidad trabaja como periodista freelance, formadora y gestora de proyectos. Interesada en el reporterismo y el periodismo social, ha trabajado para numerosos medios de comunicaci\u00f3n en radio, digital, prensa y televisi\u00f3n (El Pa\u00eds, La Marea, El Salto, P\u00fablico, Jornada, Vice y \u00c0 Punt M\u00e8dia). Desde 2019 colabora con el programa matinal de la radio de \u00c0 Punt (Les Not\u00edcies del Mat\u00ed) como responsable de la secci\u00f3n #GentQueSuma, sobre proyectos con impacto social.\u00a0<\/p>\n<p dir=\"ltr\">Fue responsable de comunicaci\u00f3n de PhotOn Festival (Festival Internacional de fotoperiodismo con sede en Val\u00e8ncia) durante cuatro a\u00f1os, responsable de comunicaci\u00f3n durante tres ediciones de \u201cAbierto Valencia\u201d, apertura de la temporada de la Asociaci\u00f3n de Galer\u00edas de Arte Contempor\u00e1neo de la Comunidad Valenciana (LaVac) y ha liderado campa\u00f1as como Click Al Mercat (Concurso de fotograf\u00eda en los mercados municipales de Val\u00e8ncia, Ayuntamiento de Val\u00e8ncia), entre otras.<\/p>\n<p dir=\"ltr\">Como profesional de la comunicaci\u00f3n ha trabajado para asociaciones como Jarit (proyecto Gu\u00eda Gastron\u00f3mica de la Val\u00e8ncia Migrante); ha trabajado para Jovesolides (proyecto La Ventanilla Indiscreta), para la asociaci\u00f3n Por Ti Mujer, Interm\u00f3n Oxfam y la Coordinadora Valenciana de ONGDs (campa\u00f1a Pobresa Zero 2020 y 2021) entre otras.\u00a0Con amplia experiencia en proyectos con impacto social, desde 2017 dirige el <a href=\"http:\/\/www.impresas.org\/\" target=\"_blank\" rel=\"noopener\" data-saferedirecturl=\"https:\/\/www.google.com\/url?q=http:\/\/www.impresas.org&amp;source=gmail&amp;ust=1646996747608000&amp;usg=AOvVaw3brH1hoh01YDWaM-ij3GkR\">Proyecto Impresas<\/a>, revista editada por mujeres reclusas en la prisi\u00f3n de Picassent (Val\u00e8ncia). En 2019, recibi\u00f3 el Premio Africanidad al periodismo social por la Federaci\u00f3n Uni\u00f3n Africana Espa\u00f1a y,\u00a0 junto a Impresas, la Menci\u00f3n Especial del Jurado en la categor\u00eda Comunicaci\u00f3n en los I Premios Cooperaci\u00f3n de la Coordinadora Valenciana de ONGDs.<\/p>\n<p>[\/expand]<\/p>\n<h2 style=\"border-top: solid 1px #d6d6d6; padding-top: .5em;\"><strong> <img loading=\"lazy\" decoding=\"async\" class=\"alignleft wp-image-6989\" src=\"https:\/\/fundacionporlajusticia.org\/wp-content\/uploads\/2022\/03\/Laura-Bellver_web-1-300x300.png\" alt=\"\" width=\"110\" height=\"110\" \/>Laura Bellver.<\/strong> Responsable de Comunicaci\u00f3n<\/h2>\n<p>[expand title=\u00bbConoce m\u00e1s sobre Laura\u00bb]<\/p>\n<p><span style=\"font-weight: 400;\">Licenciada en periodismo por la Universitat de Val\u00e8ncia. He realizado el M\u00e1ster de Innovaci\u00f3n en Periodismo de la Universidad Miguel Hern\u00e1ndez de Alicante, cuyo proyecto final fue IGUAL: iniciativa para fomentar la perspectiva de g\u00e9nero entre los medios de comunicaci\u00f3n tanto en estructura como en contenidos. Asimismo, he completado el M\u00e1ster en G\u00e9nero y Pol\u00edticas de Igualdad de CCOO y el M\u00e1ster en Marketing Digital y Comercio Online de la EAE Business School.\u00a0<\/span><\/p>\n<p><span style=\"font-weight: 400;\">He trabajado durante casi diez a\u00f1os en agencias de comunicaci\u00f3n, donde he sido responsable de redes sociales, asumiendo planificaci\u00f3n de contenidos y acciones, campa\u00f1as de SEO y SEM, as\u00ed como gesti\u00f3n de perfiles en m\u00faltiples plataformas. Adem\u00e1s, aqu\u00ed tambi\u00e9n he desempe\u00f1ado funciones de gabinete de prensa: redacci\u00f3n de notas y contenidos para offline y online, coordinaci\u00f3n de publicaciones corporativas, relaci\u00f3n con medios de comunicaci\u00f3n, organizaci\u00f3n y cobertura de eventos\u2026<\/span><\/p>\n<p><span style=\"font-weight: 400;\">Por otra parte, he colaborado desde 2014 con la ONG AIDA, en la que no solo he sido voluntaria de su red de librer\u00edas solidarias, sino que tambi\u00e9n he ayudado en la comunicaci\u00f3n de la misma, en la relaci\u00f3n con medios de comunicaci\u00f3n y en las sinergias con otras entidades.<\/span><\/p>\n<p><span style=\"font-weight: 400;\">En febrero de 2020 decid\u00ed empezar a trabajar como <\/span><i><span style=\"font-weight: 400;\">freelance<\/span><\/i><span style=\"font-weight: 400;\">, aportando mi experiencia a diferentes proyectos, tanto propios como de terceros. Por ejemplo, he sido responsable de contenidos digitales y did\u00e1cticos del programa de divulgaci\u00f3n literaria <\/span><a href=\"https:\/\/www.apuntmedia.es\/programes\/una-habitacio-propia\"><span style=\"font-weight: 400;\">\u201cUna habitaci\u00f3 pr\u00f2pia\u201d<\/span><\/a><span style=\"font-weight: 400;\"> de \u00c0 Punt (radio-televisi\u00f3n p\u00fablicas valencianas); he elaborado las gu\u00edas did\u00e1cticas para pel\u00edculas como <\/span><a href=\"https:\/\/www.filmaffinity.com\/es\/film865524.html\"><span style=\"font-weight: 400;\">\u201cLa mort de Guillem Agull\u00f3\u201d<\/span><\/a><span style=\"font-weight: 400;\"> o <\/span><a href=\"https:\/\/www.filmaffinity.com\/es\/film747195.html\"><span style=\"font-weight: 400;\">\u201cLa innoc\u00e8ncia\u201d<\/span><\/a><span style=\"font-weight: 400;\">; he colaborado en la comunicaci\u00f3n del docuweb <\/span><a href=\"http:\/\/orgulldhorta.apuntmedia.es\/\"><span style=\"font-weight: 400;\">\u201cOrgull d\u2019horta\u201d<\/span><\/a><span style=\"font-weight: 400;\">; he gestionado las redes sociales de la pel\u00edcula <\/span><a href=\"https:\/\/linktr.ee\/MediterraneoFilm\"><span style=\"font-weight: 400;\">\u201cMediterr\u00e1neo\u201d<\/span><\/a><span style=\"font-weight: 400;\">; me he encargado de la comunicaci\u00f3n en la consultora de g\u00e9nero <\/span><a href=\"https:\/\/equalitymomentum.com\/\"><span style=\"font-weight: 400;\">Equality Momentum<\/span><\/a><span style=\"font-weight: 400;\">, en la asociaci\u00f3n <\/span><a href=\"https:\/\/adonar.es\/\"><span style=\"font-weight: 400;\">Adonar<\/span><\/a><span style=\"font-weight: 400;\"> para la transformaci\u00f3n social desde la cultura y de la campa\u00f1a anual Pobresa Zero de la <\/span><a href=\"https:\/\/www.cvongd.org\/es\/\"><span style=\"font-weight: 400;\">Coordinadora Valenciana de ONGDs<\/span><\/a><span style=\"font-weight: 400;\"> (2020 y 2021).<\/span><\/p>\n<p><span style=\"font-weight: 400;\">Ahora mismo, entre las tareas que tengo entre manos destacar\u00eda que soy la responsable de comunicaci\u00f3n (redes sociales, notas de prensa, contenido web, relaci\u00f3n con medios etc.) del proyecto europeo <\/span><a href=\"https:\/\/womenslegacyproject.eu\/\"><span style=\"font-weight: 400;\">Women\u2019s Legacy<\/span><\/a><span style=\"font-weight: 400;\">, del sindicato <\/span><a href=\"https:\/\/valencia.cnt.es\/\"><span style=\"font-weight: 400;\">CNT Val\u00e8ncia<\/span><\/a><span style=\"font-weight: 400;\"> y del <\/span><a href=\"https:\/\/cotsvalencia.com\/\"><span style=\"font-weight: 400;\">Colegio Oficial de Trabajo Social de Valencia<\/span><\/a><span style=\"font-weight: 400;\">.<\/span><\/p>\n<p><a href=\"https:\/\/www.linkedin.com\/in\/laura-bellver-cars%C3%AD\/\"><span style=\"font-weight: 400;\">M\u00e1s informaci\u00f3n en LinkedIn<\/span><\/a><\/p>\n<p>[\/expand]<\/p>\n<p align=\"LEFT\">\u00a0<\/p>\n\n\n<p><\/p>\n","protected":false},"excerpt":{"rendered":"<p>Majo Siscar Banyuls. Directora del Humans Fest [expand title=\u00bbConoce m\u00e1s sobre Majo\u00bb] Periodista con 15 a\u00f1os de experiencia en Europa y Am\u00e9rica Latina. Ha cubierto la violencia en Centroam\u00e9rica, las v\u00edctimas de la guerra contra el narco en M\u00e9xico, la migraci\u00f3n hacia los EE. UU. o el proceso de paz en Colombia, desde una perspectiva [&hellip;]<\/p>\n","protected":false},"author":2,"featured_media":0,"parent":2079,"menu_order":2,"comment_status":"closed","ping_status":"closed","template":"","meta":{"_et_pb_use_builder":"","_et_pb_old_content":"","_et_gb_content_width":"","_uf_show_specific_survey":0,"_uf_disable_surveys":false,"footnotes":""},"class_list":["post-2161","page","type-page","status-publish","hentry"],"aioseo_notices":[],"_links":{"self":[{"href":"https:\/\/fundacionporlajusticia.org\/en\/wp-json\/wp\/v2\/pages\/2161","targetHints":{"allow":["GET"]}}],"collection":[{"href":"https:\/\/fundacionporlajusticia.org\/en\/wp-json\/wp\/v2\/pages"}],"about":[{"href":"https:\/\/fundacionporlajusticia.org\/en\/wp-json\/wp\/v2\/types\/page"}],"author":[{"embeddable":true,"href":"https:\/\/fundacionporlajusticia.org\/en\/wp-json\/wp\/v2\/users\/2"}],"replies":[{"embeddable":true,"href":"https:\/\/fundacionporlajusticia.org\/en\/wp-json\/wp\/v2\/comments?post=2161"}],"version-history":[{"count":1,"href":"https:\/\/fundacionporlajusticia.org\/en\/wp-json\/wp\/v2\/pages\/2161\/revisions"}],"predecessor-version":[{"id":3476,"href":"https:\/\/fundacionporlajusticia.org\/en\/wp-json\/wp\/v2\/pages\/2161\/revisions\/3476"}],"up":[{"embeddable":true,"href":"https:\/\/fundacionporlajusticia.org\/en\/wp-json\/wp\/v2\/pages\/2079"}],"wp:attachment":[{"href":"https:\/\/fundacionporlajusticia.org\/en\/wp-json\/wp\/v2\/media?parent=2161"}],"curies":[{"name":"wp","href":"https:\/\/api.w.org\/{rel}","templated":true}]}}