{"id":2154,"date":"2019-10-02T12:51:16","date_gmt":"2019-10-02T12:51:16","guid":{"rendered":"https:\/\/fundacionporlajusticia.accesia.info\/?page_id=5493"},"modified":"2022-03-26T07:50:53","modified_gmt":"2022-03-26T07:50:53","slug":"2020-seccion-futurs","status":"publish","type":"page","link":"https:\/\/fundacionporlajusticia.org\/en\/humansfest\/2020-edicion\/2020-programacion\/2020-seccion-futurs\/","title":{"rendered":"2020 \u2013 Future Section(s)"},"content":{"rendered":"<p align=\"LEFT\"><span style=\"font-family: Montserrat; font-size: 12pt;\"><b>Future(s)\u00a0<\/b>It is the section dedicated to youth. From the festival we develop a program that covers all ages from four years old to university level. Additionally, every year we invite an international festival to contribute their programming for this section.<\/span><\/p>\r\n\r\n\r\n<p><strong>All this blood on the mountain\/ <\/strong><\/p>\r\n\r\n\r\n\r\n<div class=\"wp-block-image\"><figure class=\"alignright\"><img decoding=\"async\" src=\"https:\/\/fundacionporlajusticia.org\/wp-content\/uploads\/2020\/02\/Toda-esta-sangre-en-el-monte.jpg\" alt=\"\" class=\"wp-image-6211\"\/><\/figure><\/div>\r\n\r\n\r\n\r\n<p>2018\/ Mart\u00edn C\u00e9spedes\/ 71 min.<\/p>\r\n\r\n\r\n\r\n<p>FEBRUARY 18, UPV RECTORATE<\/p>\r\n\r\n\r\n\r\n<p><\/p>\r\n\r\n\r\n\r\n<p><\/p>\r\n\r\n\r\n\r\n<p><strong>Rain of cages\/<\/strong> <\/p>\r\n\r\n\r\n\r\n<div class=\"wp-block-image\"><figure class=\"alignright\"><img decoding=\"async\" src=\"https:\/\/fundacionporlajusticia.org\/wp-content\/uploads\/2020\/02\/Lluvia-de-jaulas.jpg\" alt=\"\" class=\"wp-image-6212\"\/><\/figure><\/div>\r\n\r\n\r\n\r\n<p> 2018\/ C\u00e9sar Gonz\u00e1lez\/ 82 min.<\/p>\r\n\r\n\r\n\r\n<p>FEBRUARY 20, UPV RECTORATE<\/p>\r\n\r\n\r\n\r\n<p><\/p>\r\n\r\n\r\n\r\n<p><strong>Marta show\/ <\/strong><\/p>\r\n\r\n\r\n\r\n<div class=\"wp-block-image\"><figure class=\"alignright is-resized\"><img loading=\"lazy\" decoding=\"async\" src=\"https:\/\/fundacionporlajusticia.org\/wp-content\/uploads\/2020\/02\/martashow.jpg\" alt=\"\" class=\"wp-image-6213\" width=\"304\" height=\"202\"\/><\/figure><\/div>\r\n\r\n\r\n\r\n<p>2018\/ Malema Moffatt\/ 75 min<\/p>\r\n\r\n\r\n\r\n<p>FEBRUARY 27, UPV RECTORATE<\/p>\r\n\r\n\r\n\r\n<p><\/p>\r\n\r\n\r\n\r\n<p><\/p>\r\n\r\n\r\n\r\n<p><strong>Good morning, human rights\/<\/strong> <\/p>\r\n\r\n\r\n\r\n<p>2020\/ Emilio Mart\u00ed\/ 3 min.<\/p>\r\n\r\n\r\n\r\n<p>FEBRUARY 25, The Film Library<\/p>","protected":false},"excerpt":{"rendered":"<p>Futur(s)\u00a0es la secci\u00f3n dedicada a la juventud. Desde el festival elaboramos una programaci\u00f3n que abarca todas las edades desde los cuatro a\u00f1os hasta el \u00e1mbito universitario. Adem\u00e1s, cada a\u00f1o invitamos a un festival internacional a que aporte su programaci\u00f3n para esta secci\u00f3n. Toda esta sangre en el monte\/ 2018\/ Mart\u00edn C\u00e9spedes\/ 71 min. 18 DE [&hellip;]<\/p>\n","protected":false},"author":2,"featured_media":0,"parent":2084,"menu_order":7,"comment_status":"closed","ping_status":"closed","template":"","meta":{"_et_pb_use_builder":"","_et_pb_old_content":"","_et_gb_content_width":"","_uf_show_specific_survey":0,"_uf_disable_surveys":false,"footnotes":""},"class_list":["post-2154","page","type-page","status-publish","hentry"],"aioseo_notices":[],"_links":{"self":[{"href":"https:\/\/fundacionporlajusticia.org\/en\/wp-json\/wp\/v2\/pages\/2154","targetHints":{"allow":["GET"]}}],"collection":[{"href":"https:\/\/fundacionporlajusticia.org\/en\/wp-json\/wp\/v2\/pages"}],"about":[{"href":"https:\/\/fundacionporlajusticia.org\/en\/wp-json\/wp\/v2\/types\/page"}],"author":[{"embeddable":true,"href":"https:\/\/fundacionporlajusticia.org\/en\/wp-json\/wp\/v2\/users\/2"}],"replies":[{"embeddable":true,"href":"https:\/\/fundacionporlajusticia.org\/en\/wp-json\/wp\/v2\/comments?post=2154"}],"version-history":[{"count":1,"href":"https:\/\/fundacionporlajusticia.org\/en\/wp-json\/wp\/v2\/pages\/2154\/revisions"}],"predecessor-version":[{"id":3472,"href":"https:\/\/fundacionporlajusticia.org\/en\/wp-json\/wp\/v2\/pages\/2154\/revisions\/3472"}],"up":[{"embeddable":true,"href":"https:\/\/fundacionporlajusticia.org\/en\/wp-json\/wp\/v2\/pages\/2084"}],"wp:attachment":[{"href":"https:\/\/fundacionporlajusticia.org\/en\/wp-json\/wp\/v2\/media?parent=2154"}],"curies":[{"name":"wp","href":"https:\/\/api.w.org\/{rel}","templated":true}]}}