{"id":2153,"date":"2019-01-30T16:15:35","date_gmt":"2019-01-30T16:15:35","guid":{"rendered":"https:\/\/fundacionporlajusticia.accesia.info\/es\/?page_id=5143"},"modified":"2022-03-26T07:50:37","modified_gmt":"2022-03-26T07:50:37","slug":"2020-forum-ddhh","status":"publish","type":"page","link":"https:\/\/fundacionporlajusticia.org\/en\/humansfest\/2020-edicion\/2020-programacion\/2020-forum-ddhh\/","title":{"rendered":"2020 \u2013 Human Rights Forum"},"content":{"rendered":"<p><strong>THURSDAY FEB 6\/ 1:00 PM\/ CENTER DEL CARME CONTEMPORARY CULTURE.<\/strong><\/p>\r\n<p>13:00 Drets Humans Forum<\/p>\r\n<p>Debat with Pepe Mujica, The future of human rights<\/p>\r\n<p>Center del Carme, Sala Ferreres<\/p>\r\n<p><b>SUNDAY FEB 23 | 18h | COL.LEGI MAJOR RECTOR PESET<br \/><\/b><\/p>\r\n<p>18:00 Human Rights Forum \u2013 25th anniversary Foundation for Justice<\/p>\r\n<p>Debate on corruption: Assets to whistleblowers<\/p>\r\n<p>Corruption, the harmful organism today (2019, d&#039;Albert Sanfeliu i Teresa Soler)<\/p>\r\n<p>Amb Joan Llinares, Teresa Soler and Joaquim Bosch<\/p>\r\n<p>Moderator Ana Mar\u00eda Fuertes Eugenio<\/p>\r\n<p>Col\u00b7legi Major Rector Peset<\/p>\r\n<p><b>FRIDAY FEB 28 | 9am-2pm | FACULTAT OF FINE ARTS-UPV<br \/><\/b><\/p>\r\n<p>Prosocial audiovisual workshop: a cridada a l&#039;action<\/p>\r\n<p>Amb <b>Bego\u00f1a Ivars Nicol\u00e1, Francisco Juli\u00e1n Mart\u00ednez Cano and Roc\u00edo Cifuentes Albeza of the Miguel Hern\u00e1ndez d&#039;Elx University<\/b><\/p>\r\n<p><b>Media Library, Faculty of Fine Arts \u2013 UPV<\/b><\/p>\r\n\r\n\r\n<p><\/p>","protected":false},"excerpt":{"rendered":"<p>JUEVES 6 FEB\/ 13.00H\/ CENTRE DEL CARME CULTURA CONTEMPOR\u00c0NIA. 13:00 Foro Drets Humans Debat amb Pepe Mujica, El futur dels drets humans Centre del Carme, Sala Ferreres DOMINGO 23 FEB | 18h | COL.LEGI MAJOR RECTOR PESET 18:00 Foro DDHH \u2013 25\u00e9 aniversari Fundaci\u00f3n por la Justicia Debat sobre corrupci\u00f3: L\u2019assetjament als denunciants Corrupci\u00f3n, el [&hellip;]<\/p>\n","protected":false},"author":2,"featured_media":0,"parent":2084,"menu_order":6,"comment_status":"closed","ping_status":"closed","template":"","meta":{"_et_pb_use_builder":"","_et_pb_old_content":"","_et_gb_content_width":"","_uf_show_specific_survey":0,"_uf_disable_surveys":false,"footnotes":""},"class_list":["post-2153","page","type-page","status-publish","hentry"],"aioseo_notices":[],"_links":{"self":[{"href":"https:\/\/fundacionporlajusticia.org\/en\/wp-json\/wp\/v2\/pages\/2153","targetHints":{"allow":["GET"]}}],"collection":[{"href":"https:\/\/fundacionporlajusticia.org\/en\/wp-json\/wp\/v2\/pages"}],"about":[{"href":"https:\/\/fundacionporlajusticia.org\/en\/wp-json\/wp\/v2\/types\/page"}],"author":[{"embeddable":true,"href":"https:\/\/fundacionporlajusticia.org\/en\/wp-json\/wp\/v2\/users\/2"}],"replies":[{"embeddable":true,"href":"https:\/\/fundacionporlajusticia.org\/en\/wp-json\/wp\/v2\/comments?post=2153"}],"version-history":[{"count":4,"href":"https:\/\/fundacionporlajusticia.org\/en\/wp-json\/wp\/v2\/pages\/2153\/revisions"}],"predecessor-version":[{"id":3471,"href":"https:\/\/fundacionporlajusticia.org\/en\/wp-json\/wp\/v2\/pages\/2153\/revisions\/3471"}],"up":[{"embeddable":true,"href":"https:\/\/fundacionporlajusticia.org\/en\/wp-json\/wp\/v2\/pages\/2084"}],"wp:attachment":[{"href":"https:\/\/fundacionporlajusticia.org\/en\/wp-json\/wp\/v2\/media?parent=2153"}],"curies":[{"name":"wp","href":"https:\/\/api.w.org\/{rel}","templated":true}]}}