{"id":2150,"date":"2019-01-30T16:55:04","date_gmt":"2019-01-30T16:55:04","guid":{"rendered":"https:\/\/fundacionporlajusticia.accesia.info\/es\/?page_id=5222"},"modified":"2022-03-26T07:50:23","modified_gmt":"2022-03-26T07:50:23","slug":"2020-premi-pau-i-justicia","status":"publish","type":"page","link":"https:\/\/fundacionporlajusticia.org\/en\/humansfest\/2020-edicion\/2020-programacion\/2020-premi-pau-i-justicia\/","title":{"rendered":"2020 \u2013 Pau I Justice Award"},"content":{"rendered":"<h2>Pepe Viyuela<\/h2>\n<p><img loading=\"lazy\" decoding=\"async\" class=\"aligncenter wp-image-6189 size-medium\" src=\"https:\/\/fundacionporlajusticia.org\/wp-content\/uploads\/2020\/02\/IMG-20200204-WA0048-200x300.jpg\" alt=\"\" width=\"200\" height=\"300\" \/><\/p>\n<p><strong>Pepe Viyuela<\/strong> He will receive the Pau i Justicia Award for his career and his firm commitment to human rights through humor. l<\/p>\n<p>He was under the orders of <a class=\"mw-redirect\" title=\"Julio Medem\" href=\"https:\/\/es.wikipedia.org\/wiki\/Julio_M%C3%A9dem\">Julio Medem<\/a> in <i><a class=\"mw-redirect\" title=\"Earth (film)\" href=\"https:\/\/es.wikipedia.org\/wiki\/Tierra_(pel%C3%ADcula)\">Land<\/a><\/i> (1995) and has subsequently played <i><a title=\"Filemon Pi\" href=\"https:\/\/es.wikipedia.org\/wiki\/Filem%C3%B3n_Pi\">Philemon<\/a><\/i> In the two films\u2014the first directed by <a title=\"Javier Fesser\" href=\"https:\/\/es.wikipedia.org\/wiki\/Javier_Fesser\">Javier Fesser<\/a> and the second for <a title=\"Miguel Bardem\" href=\"https:\/\/es.wikipedia.org\/wiki\/Miguel_Bardem\">Miguel Bardem<\/a>\u2014 set in these private detectives: <i><a title=\"The great adventure of Mortadelo and Filem\u00f3n\" href=\"https:\/\/es.wikipedia.org\/wiki\/La_gran_aventura_de_Mortadelo_y_Filem%C3%B3n\">The great adventure of Mortadelo and Filem\u00f3n<\/a><\/i> (2003) and <i><a title=\"Mortadelo and Filemon. Mission: save the Earth\" href=\"https:\/\/es.wikipedia.org\/wiki\/Mortadelo_y_Filem%C3%B3n._Misi%C3%B3n:_salvar_la_Tierra\">Mortadelo and Filemon. Mission: save the Earth<\/a><\/i> (2008).<\/p>\n<p>In theater he has participated in the <a class=\"mw-redirect\" title=\"M\u00e9rida Classical Theater Festival\" href=\"https:\/\/es.wikipedia.org\/wiki\/Festival_de_Teatro_Cl%C3%A1sico_de_M%C3%A9rida\">M\u00e9rida Classical Theater Festival<\/a>, with <i>Androcles and the lion<\/i> (1999), from <a title=\"George Bernard Shaw\" href=\"https:\/\/es.wikipedia.org\/wiki\/George_Bernard_Shaw\">George Bernard Shaw<\/a>, <i>Romulus the great<\/i>(2005), from <a title=\"Friedrich D\u00fcrrenmatt\" href=\"https:\/\/es.wikipedia.org\/wiki\/Friedrich_D%C3%BCrrenmatt\">Friedrich D\u00fcrrenmatt<\/a> y <i><a class=\"mw-redirect\" title=\"Miles Gloriosus\" href=\"https:\/\/es.wikipedia.org\/wiki\/Miles_Gloriosus\">Miles Gloriosus<\/a><\/i> (2008), from <a title=\"Plautus\" href=\"https:\/\/es.wikipedia.org\/wiki\/Plauto\">Plautus<\/a>. Between 2009 and 2011 he starred, alongside <a title=\"Tet\u00e9 Delgado\" href=\"https:\/\/es.wikipedia.org\/wiki\/Tet%C3%A9_Delgado\">Tet\u00e9 Delgado<\/a> y <a title=\"Asuncion Balaguer\" href=\"https:\/\/es.wikipedia.org\/wiki\/Asunci%C3%B3n_Balaguer\">Asuncion Balaguer<\/a>, the theatrical version of <i><a title=\"The flat\" href=\"https:\/\/es.wikipedia.org\/wiki\/El_pisito\">The flat<\/a><\/i>, based on the script by <a title=\"Rafael Azcona\" href=\"https:\/\/es.wikipedia.org\/wiki\/Rafael_Azcona\">Rafael Azcona<\/a>.<\/p>\n<p>Although Viyuela is known for his role as <i><a class=\"mw-redirect\" title=\"Chema Mart\u00ednez (character)\" href=\"https:\/\/es.wikipedia.org\/wiki\/Chema_Mart%C3%ADnez_(personaje)\">Chema Mart\u00ednez<\/a><\/i> \u2014the shopkeeper of \u00abLa Colonial\u00bb, father of <i><a class=\"mw-redirect\" title=\"Fidel Mart\u00ednez (character)\" href=\"https:\/\/es.wikipedia.org\/wiki\/Fidel_Mart%C3%ADnez_(personaje)\">Fidel Mart\u00ednez<\/a><\/i>\u2014 in the series <i><a title=\"Aida (TV series)\" href=\"https:\/\/es.wikipedia.org\/wiki\/A%C3%ADda_(serie_de_televisi%C3%B3n)\">Aida<\/a><\/i>(<a title=\"Telecinco\" href=\"https:\/\/es.wikipedia.org\/wiki\/Telecinco\">Telecinco<\/a>). Once this production was completed, he starred in the series <i><a title=\"Elms and Oaks\" href=\"https:\/\/es.wikipedia.org\/wiki\/Olmos_y_Robles\">Elms and Oaks<\/a><\/i> on TVE.<sup id=\"cite_ref-9\" class=\"reference separada\"><a href=\"https:\/\/es.wikipedia.org\/wiki\/Pepe_Viyuela#cite_note-9\">9\u200b<\/a><\/sup><\/p>\n<p><a href=\"https:\/\/es.wikipedia.org\/wiki\/Pepe_Viyuela#cite_note-9\">He has also dubbed <i>Elliott<\/i> in <i><\/i><\/a><i><a class=\"mw-redirect\" title=\"Colleagues in the forest\" href=\"https:\/\/es.wikipedia.org\/wiki\/Colegas_en_el_Bosque\">Colleagues in the forest<\/a><\/i>, next to <a title=\"Alexis Valdes\" href=\"https:\/\/es.wikipedia.org\/wiki\/Alexis_Vald%C3%A9s\">Alexis Valdes<\/a>, among others.<\/p>\n<p>During 2018 he participated as the protagonist in the filming of the series <a title=\"Slaughterhouse (TV series)\" href=\"https:\/\/es.wikipedia.org\/wiki\/Matadero_(serie_de_televisi%C3%B3n)\">Slaughterhouse<\/a> broadcast in 2019 on Antena 3, together with the actress <a title=\"Carmen Ruiz\" href=\"https:\/\/es.wikipedia.org\/wiki\/Carmen_Ruiz\">Carmen Ruiz<\/a>.<sup id=\"cite_ref-10\" class=\"reference separada\"><a href=\"https:\/\/es.wikipedia.org\/wiki\/Pepe_Viyuela#cite_note-10\">10\u200b<\/a><\/sup><\/p>\n<p>At <a title=\"2003\" href=\"https:\/\/es.wikipedia.org\/wiki\/2003\">2003<\/a> published the <a title=\"Novel\" href=\"https:\/\/es.wikipedia.org\/wiki\/Novela\">novel<\/a> <i>Circus Bestiary: The Belly of the Carp<\/i>, with a prologue <a title=\"Andr\u00e9s Aberasturi\" href=\"https:\/\/es.wikipedia.org\/wiki\/Andr%C3%A9s_Aberasturi\">Andr\u00e9s Aberasturi<\/a>. In his role as <a title=\"Poet\" href=\"https:\/\/es.wikipedia.org\/wiki\/Poeta\">poet<\/a>, has been the winner of the Second Edition of the Margarita Hierro International Poetry Prize with his first collection of poems <i>And love you without knowing<\/i>.<\/p>\n<p><span style=\"font-weight: 600;\">Films<\/span><b><\/b><\/p>\n<ul>\n<li><i><a class=\"mw-redirect\" title=\"Earth (film)\" href=\"https:\/\/es.wikipedia.org\/wiki\/Tierra_(pel%C3%ADcula)\">Land<\/a><\/i>, directed by <a class=\"mw-redirect\" title=\"Julio Medem\" href=\"https:\/\/es.wikipedia.org\/wiki\/Julio_M%C3%A9dem\">Julio Medem<\/a> (1996)<\/li>\n<li><i><a title=\"The miracle of P. Tinto\" href=\"https:\/\/es.wikipedia.org\/wiki\/El_milagro_de_P._Tinto\">The miracle of P. Tinto<\/a><\/i>, directed by <a title=\"Javier Fesser\" href=\"https:\/\/es.wikipedia.org\/wiki\/Javier_Fesser\">Javier Fesser<\/a> (1998)<\/li>\n<li><i><a title=\"The great adventure of Mortadelo and Filem\u00f3n\" href=\"https:\/\/es.wikipedia.org\/wiki\/La_gran_aventura_de_Mortadelo_y_Filem%C3%B3n\">The great adventure of Mortadelo and Filem\u00f3n<\/a><\/i>, directed by <a title=\"Javier Fesser\" href=\"https:\/\/es.wikipedia.org\/wiki\/Javier_Fesser\">Javier Fesser<\/a> (2003)<\/li>\n<li><i><a title=\"Say Yes (2004 film)\" href=\"https:\/\/es.wikipedia.org\/wiki\/Di_que_s%C3%AD_(pel%C3%ADcula_de_2004)\">Say yes<\/a><\/i>, directed by Juan Calvo (2004)<\/li>\n<li><i><a title=\"seduction school\" href=\"https:\/\/es.wikipedia.org\/wiki\/Escuela_de_seducci%C3%B3n\">seduction school<\/a><\/i>, directed by <a title=\"Javier Balaguer\" href=\"https:\/\/es.wikipedia.org\/wiki\/Javier_Balaguer\">Javier Balaguer<\/a> (2004)<\/li>\n<li><i><a class=\"mw-redirect\" title=\"Mortadelo and Filemon. Mission: Save the Earth\" href=\"https:\/\/es.wikipedia.org\/wiki\/Mortadelo_y_Filem%C3%B3n._Misi%C3%B3n:_Salvar_la_Tierra\">Mortadelo and Filemon. Mission: Save the Earth<\/a><\/i>, directed by <a title=\"Miguel Bardem\" href=\"https:\/\/es.wikipedia.org\/wiki\/Miguel_Bardem\">Miguel Bardem<\/a> (2008)<\/li>\n<\/ul>","protected":false},"excerpt":{"rendered":"<p>Pepe Viyuela Pepe Viyuela recibir\u00e1 el Premio Pau i Justicia por su carrera y su compromiso firme por los derechos humanos desde el humor. l Estuvo a las \u00f3rdenes de Julio M\u00e9dem en Tierra (1995) y posteriormente ha interpretado a Filem\u00f3n en las dos pel\u00edculas \u2014dirigida la primera por Javier Fesser y la segunda por [&hellip;]<\/p>\n","protected":false},"author":2,"featured_media":0,"parent":2084,"menu_order":5,"comment_status":"closed","ping_status":"closed","template":"","meta":{"_et_pb_use_builder":"","_et_pb_old_content":"","_et_gb_content_width":"","_uf_show_specific_survey":0,"_uf_disable_surveys":false,"footnotes":""},"class_list":["post-2150","page","type-page","status-publish","hentry"],"aioseo_notices":[],"_links":{"self":[{"href":"https:\/\/fundacionporlajusticia.org\/en\/wp-json\/wp\/v2\/pages\/2150","targetHints":{"allow":["GET"]}}],"collection":[{"href":"https:\/\/fundacionporlajusticia.org\/en\/wp-json\/wp\/v2\/pages"}],"about":[{"href":"https:\/\/fundacionporlajusticia.org\/en\/wp-json\/wp\/v2\/types\/page"}],"author":[{"embeddable":true,"href":"https:\/\/fundacionporlajusticia.org\/en\/wp-json\/wp\/v2\/users\/2"}],"replies":[{"embeddable":true,"href":"https:\/\/fundacionporlajusticia.org\/en\/wp-json\/wp\/v2\/comments?post=2150"}],"version-history":[{"count":1,"href":"https:\/\/fundacionporlajusticia.org\/en\/wp-json\/wp\/v2\/pages\/2150\/revisions"}],"predecessor-version":[{"id":3314,"href":"https:\/\/fundacionporlajusticia.org\/en\/wp-json\/wp\/v2\/pages\/2150\/revisions\/3314"}],"up":[{"embeddable":true,"href":"https:\/\/fundacionporlajusticia.org\/en\/wp-json\/wp\/v2\/pages\/2084"}],"wp:attachment":[{"href":"https:\/\/fundacionporlajusticia.org\/en\/wp-json\/wp\/v2\/media?parent=2150"}],"curies":[{"name":"wp","href":"https:\/\/api.w.org\/{rel}","templated":true}]}}