{"id":2086,"date":"2019-01-30T16:13:49","date_gmt":"2019-01-30T16:13:49","guid":{"rendered":"https:\/\/fundacionporlajusticia.accesia.info\/es\/?page_id=5115"},"modified":"2022-03-26T07:48:04","modified_gmt":"2022-03-26T07:48:04","slug":"2020-seccion-oficial-largometrajes","status":"publish","type":"page","link":"https:\/\/fundacionporlajusticia.org\/en\/humansfest\/2020-edicion\/2020-programacion\/2020-seccion-oficial-largometrajes\/","title":{"rendered":"2020 \u2013 Official Feature Films Section"},"content":{"rendered":"<h2><b>\u00a0<\/b><\/h2>\r\n<h2><b>THE MOUNTAIN RANGE OF DREAMS<\/b><\/h2>\r\n<p><b>2019 \/ Documentary \/ Patricio Guzm\u00e1n<\/b><\/p>\r\n<p>FEBRUARY 22 8PM<\/p>\r\n<div>Patricio Guzm\u00e1n left Chile more than forty years ago when the military dictatorship replaced the Popular Front, but he did not stop thinking about a country, a culture, a geographical space that he never forgot. After filming \u201cthe north\u201d in \u201cNostalgia de la luz\u201d and \u201cthe south\u201d in \u201cEl cuerpo de n\u00e1car,\u201d Guzm\u00e1n now films what he calls \u201cthe immense spine that reveals the past and recent history of Chile.\u201d &quot;The mountain range of dreams&quot; is a historical investigation, a cinematographic essay and an intimate and collective introspection about Chile.<\/div>\r\n<h2><b><img loading=\"lazy\" decoding=\"async\" class=\"wp-image-6108 size-medium aligncenter\" src=\"https:\/\/fundacionporlajusticia.org\/wp-content\/uploads\/2020\/01\/La-cordillera-de-los-sue\u00c3\u00b1os-300x158.jpg\" alt=\"\" width=\"300\" height=\"158\" \/><\/b><\/h2>\r\n<p>\u00a0<\/p>\r\n<h2><b>SYSTEM CRASHER\u00a0<\/b><\/h2>\r\n<p><b>2019\/ Documentary \/ Nora Fingscheidt<\/b><\/p>\r\n<p>FEBRUARY 23 8PM<\/p>\r\n<p>In her wild search for love, the energetic and indomitable Benni, a 9-year-old girl abandoned by her mother and living in a foster family, drives everyone around her to despair.\u00a0<\/p>\r\n<h2><b><img loading=\"lazy\" decoding=\"async\" class=\"wp-image-6105 size-medium aligncenter\" src=\"https:\/\/fundacionporlajusticia.org\/wp-content\/uploads\/2020\/01\/System-crasher-300x169.jpg\" alt=\"\" width=\"300\" height=\"169\" \/><\/b><\/h2>\r\n<h2><b>TREMORS<\/b><\/h2>\r\n<p><b>2019 \/ Documentary \/ Jayro Bustamante<\/b><\/p>\r\n<p>FEBRUARY 25 8PM<\/p>\r\n<div>Pablo falls in love with Francisco and leaves his devout evangelical family in Guatemala City. His relatives, however, put their faith and family above all else and cling to the idea of being able to cure Pablo.<\/div>\r\n<h2><b><img loading=\"lazy\" decoding=\"async\" class=\"size-medium wp-image-6104 aligncenter\" src=\"https:\/\/fundacionporlajusticia.org\/wp-content\/uploads\/2020\/01\/Temblores-300x113.jpg\" alt=\"\" width=\"300\" height=\"113\" \/><\/b><\/h2>\r\n<h2><b>WOMAN<\/b><\/h2>\r\n<p><b>2019 \/ Documentary \/ Yann Arthus-Bertrand<br \/>Anastasia Mikova<\/b><\/p>\r\n<p><b>SPAIN PREMIERE<\/b><\/p>\r\n<p>FEBRUARY 26 8PM<\/p>\r\n<p>Worldwide project that gives voice to more than 2,000 women from 50 different countries.<\/p>\r\n<h2><b><img loading=\"lazy\" decoding=\"async\" class=\"wp-image-6103 size-medium aligncenter\" src=\"https:\/\/fundacionporlajusticia.org\/wp-content\/uploads\/2020\/01\/Woman-300x200.jpg\" alt=\"\" width=\"300\" height=\"200\" \/><\/b><\/h2>\r\n<h2><b>AGA&#039;S HOUSE<\/b><\/h2>\r\n<p><b>2019 \/ Documentary \/ Lendita Zeqiraj<\/b><\/p>\r\n<p><b>SPAIN PREMIERE<\/b><\/p>\r\n<p>FEBRUARY 27 2OH<\/p>\r\n<div>A boy living in a women&#039;s house must hurry to save a woman who is teaching him Serbian, so he can continue the search for his missing father.<\/div>\r\n<h2><b><img loading=\"lazy\" decoding=\"async\" class=\"wp-image-6109 size-medium aligncenter\" src=\"https:\/\/fundacionporlajusticia.org\/wp-content\/uploads\/2020\/01\/Agas-house-300x126.jpg\" alt=\"\" width=\"300\" height=\"126\" \/><\/b><b><\/b><b><\/b><\/h2>\r\n<p>.<\/p>\r\n<h2><b>MADE IN BLANGLADESH<\/b><\/h2>\r\n<p><b>2019\/ Documentary \/ Rubaiyat Hossain<\/b><\/p>\r\n<p>28 FEBRUARY 18H<\/p>\r\n<div>Shimu left her hometown when her stepmother threatened to marry her to a middle-aged man. Now, 23 years old, she lives in the capital, and works endless hours for meager pay in a textile factory while her husband looks for work.<span style=\"color: #333333; font-family: Arial, sans-serif;\"><br \/><\/span><\/div>\r\n<h2><img loading=\"lazy\" decoding=\"async\" class=\"wp-image-6107 size-medium aligncenter\" src=\"https:\/\/fundacionporlajusticia.org\/wp-content\/uploads\/2020\/01\/made_in_bangladesh-300x168.jpg\" alt=\"\" width=\"300\" height=\"168\" \/><\/h2>\r\n<h2><b>MARIGHELLA<\/b><\/h2>\r\n<p><b>2019 \/ 155 mins \/ Documentary \/ Wagner Moura<\/b><\/p>\r\n<p><b>SPAIN PREMIERE<\/b><\/p>\r\n<p>28 FEBRUARY 8PM<\/p>\r\n<p>Biopic about Carlos Marighella, Brazilian politician, writer and guerrilla assassinated in 1969, during the military dictatorship in Brazil.<\/p>\r\n<h2><b><img loading=\"lazy\" decoding=\"async\" class=\"wp-image-6106 size-medium aligncenter\" src=\"https:\/\/fundacionporlajusticia.org\/wp-content\/uploads\/2020\/01\/Marighella-300x169.jpg\" alt=\"\" width=\"300\" height=\"169\" \/><\/b><\/h2>\r\n<p>\u00a0<\/p>\r\n\r\n\r\n<p><\/p>","protected":false},"excerpt":{"rendered":"<p>\u00a0 LA CORDILLERA DE LOS SUE\u00d1OS 2019 \/ Documental \/ Patricio Guzm\u00e1n 22 DE FEBERO 20H Patricio Guzm\u00e1n dej\u00f3 Chile hace m\u00e1s de cuarenta a\u00f1os cuando la dictadura militar reemplaz\u00f3 al Frente Popular, pero no dej\u00f3 de pensar en un pa\u00eds, una cultura, un espacio geogr\u00e1fico que nunca olvid\u00f3. Despu\u00e9s de filmar \u00abel norte\u00bb en [&hellip;]<\/p>\n","protected":false},"author":2,"featured_media":0,"parent":2084,"menu_order":1,"comment_status":"closed","ping_status":"closed","template":"","meta":{"_et_pb_use_builder":"","_et_pb_old_content":"","_et_gb_content_width":"","_uf_show_specific_survey":0,"_uf_disable_surveys":false,"footnotes":""},"class_list":["post-2086","page","type-page","status-publish","hentry"],"aioseo_notices":[],"_links":{"self":[{"href":"https:\/\/fundacionporlajusticia.org\/en\/wp-json\/wp\/v2\/pages\/2086","targetHints":{"allow":["GET"]}}],"collection":[{"href":"https:\/\/fundacionporlajusticia.org\/en\/wp-json\/wp\/v2\/pages"}],"about":[{"href":"https:\/\/fundacionporlajusticia.org\/en\/wp-json\/wp\/v2\/types\/page"}],"author":[{"embeddable":true,"href":"https:\/\/fundacionporlajusticia.org\/en\/wp-json\/wp\/v2\/users\/2"}],"replies":[{"embeddable":true,"href":"https:\/\/fundacionporlajusticia.org\/en\/wp-json\/wp\/v2\/comments?post=2086"}],"version-history":[{"count":5,"href":"https:\/\/fundacionporlajusticia.org\/en\/wp-json\/wp\/v2\/pages\/2086\/revisions"}],"predecessor-version":[{"id":3465,"href":"https:\/\/fundacionporlajusticia.org\/en\/wp-json\/wp\/v2\/pages\/2086\/revisions\/3465"}],"up":[{"embeddable":true,"href":"https:\/\/fundacionporlajusticia.org\/en\/wp-json\/wp\/v2\/pages\/2084"}],"wp:attachment":[{"href":"https:\/\/fundacionporlajusticia.org\/en\/wp-json\/wp\/v2\/media?parent=2086"}],"curies":[{"name":"wp","href":"https:\/\/api.w.org\/{rel}","templated":true}]}}