{"id":2085,"date":"2019-10-16T15:35:05","date_gmt":"2019-10-16T15:35:05","guid":{"rendered":"https:\/\/fundacionporlajusticia.accesia.info\/?page_id=5858"},"modified":"2022-03-21T16:19:08","modified_gmt":"2022-03-21T16:19:08","slug":"seleccion-de-filmes","status":"publish","type":"page","link":"https:\/\/fundacionporlajusticia.org\/en\/humansfest\/2020-edicion\/2020-programacion\/seleccion-de-filmes\/","title":{"rendered":"2020 \u2013 Programming"},"content":{"rendered":"<h1 style=\"text-align: center;\"><span style=\"color: #ff0000;\"><b>XI HUMANS FEST EDITION<\/b><\/span><br \/>\n<span style=\"color: #ff0000;\">INTERNATIONAL FILM FESTIVAL ON FILM AND HUMAN RIGHTS<\/span><\/h1>\n<p style=\"text-align: center; color: #663399;\"><span style=\"color: #ff0000;\">from <b>18.02<\/b> to <b>1.03<\/b> | <b>2020<\/b><\/span><\/p>\n<p style=\"color: #6a6a6a; background: #efefef; padding: 30px;\">The <strong>Valencia International Film and Human Rights Festival \u2013 HUMANS FEST<\/strong> It is an initiative of the <a href=\"https:\/\/fundacionporlajusticia.org\/en\/\" target=\"_blank\" rel=\"noopener noreferrer\">Foundation for Justice<\/a>, in collaboration with several third sector organizations in the city of Valencia, whose objective is to raise awareness and awareness on the subject of <strong>Human Rights<\/strong> through art and culture.<br \/>\nThe festival&#039;s aim is to bring thoughtful and committed cinema to society.<\/p>\n<p><strong>30.01<\/strong><\/p>\n<p>19:00<\/p>\n<p>Presentation to the public of l&#039;Humans Fest<\/p>\n<p>Center del Carme, Chapter Hall<\/p>\n<p>20:00 Humans Fest \u2013 25th Anniversary of the Foundation for Justice<\/p>\n<p>Exhibition Traces of the soul of Ana Yturralde<\/p>\n<p>Center del Carme, Contraforts Room<\/p>\n<p><strong>4.02<\/strong><\/p>\n<p>20:00 Special Section<\/p>\n<p>The night of 12 years (2018, \u00c1lvaro Brechner)<\/p>\n<p>The Film Library<\/p>\n<p><strong>6.02<\/strong><\/p>\n<p>13:00 Drets Humans Forum<\/p>\n<p>Debat with Pepe Mujica, The future of human rights<\/p>\n<p>Center del Carme, Sala Ferreres<\/p>\n<p><strong>\u00a0<\/strong><strong>18.02<\/strong><\/p>\n<p>16:00 Future(s)<\/p>\n<p>All this blood in the woods (2018, Mart\u00edn C\u00e9spedes)<\/p>\n<p>With presentation of Samuel Sebastian<\/p>\n<p>Sal\u00f3 d&#039;actes \u2013 Rectorat UPV<\/p>\n<p><strong>20:00<\/strong><\/p>\n<p>Opening Session: HUMANS Gala\u2026<\/p>\n<p>Pau i Just\u00edcia Award: Pepe Viyuela<\/p>\n<p>Social Change Award: AVM3J<\/p>\n<p>Amb l&#039;actuaci\u00f3 de Zahid Mohammed<\/p>\n<p>Convent Carmen<\/p>\n<p><strong>\u00a0<\/strong><strong>19.02<\/strong><\/p>\n<p><strong>18:00 Special section<\/strong><\/p>\n<p>You will be a man (2019, Isabel de Ocampo)<\/p>\n<p>TOP. In the presence of Abel Azcona.<\/p>\n<p>SGAE (Blaqueria street, 6)<\/p>\n<p><strong>20:30 Women of the world<\/strong><\/p>\n<p>Gifts of Cluj Exhibition by Loyola P\u00e9rez de Villegas Mu\u00f1iz<\/p>\n<p>In the presence of the photographer<\/p>\n<p>The First Books (C\/ Guillem de Castro, 106)<\/p>\n<p><strong>20.02<\/strong><\/p>\n<p><strong>16:00 Future(s)<\/strong><\/p>\n<p>Rain of Cages (2018, C\u00e9sar Gonz\u00e1lez)<\/p>\n<p>With presentation by Samuel Sebastian and error by Esteban Gal\u00e1n on creative social projects<\/p>\n<p>Sal\u00f3 d&#039;actes \u2013 Rectorat UPV<\/p>\n<p>19:00 Official Section of International Curts on Corruption<\/p>\n<p>House (2019, Alberto Evangelio)<\/p>\n<p>#Chiledespert\u00f3 (2019, Ricardo Ferreira O.)<\/p>\n<p>Free, fair and fearless (2019, Aarti Bagdi)<\/p>\n<p>Where we belong: Returning to Nineveh plains (2019, Maren Wickwire, Dario Bosio)<\/p>\n<p>Exiled (2019, Leonor Z\u00fa\u00f1iga)<\/p>\n<p>In the presence of Alberto Evangelio and Nacho Gay<\/p>\n<p>October Center for Contemporary Culture. (C\/ de Sant Ferr\u00e1n, 12)<\/p>\n<p>17.30h Presentation of the book \u201cThe Little Sprouts\u201d at La Primera Bookstore. C\/ Guillem de Castro, 106.<\/p>\n<p><strong>21.02<\/strong><\/p>\n<p><strong>19:00 Official Section of International Curts on Corruption<\/strong><\/p>\n<p>Please, arrest me (2019, Sameer Lukka)<\/p>\n<p>Maras (2019, Salvador Calvo)<\/p>\n<p>Our life as refugee children (2019, Silvia Venegas)<\/p>\n<p>After Maria (2019, Nagore Eceiza)<\/p>\n<p>The hangman&#039;s place (2019, Julien Bertrand)<\/p>\n<p>October Center for Contemporary Culture<\/p>\n<p><strong>22.02<\/strong><\/p>\n<p><strong>18:00 Special Section<\/strong><\/p>\n<p>The Subversives (2019, Miles Roston)<\/p>\n<p>Amb Movement against Intolerance<\/p>\n<p>Presentation of \u00c1ngel Gal\u00e1n. In the presence of Miles Roston and Sergi Dies<\/p>\n<p>Carmen Convent. (C. Portal Nou, 6)<\/p>\n<p><strong>20:00 Official Llargmetratges Section<\/strong><\/p>\n<p>The mountain range of dreams (2019, Patricio Guzm\u00e1n)<\/p>\n<p>The Film Library. (Plaza de L\u00b4 Ajuntament, 17)<\/p>\n<p><strong>23.02<\/strong><\/p>\n<p><strong>18:00 Human Rights Forum \u2013 25th anniversary Foundation for Justice<\/strong><\/p>\n<p>Debate on corruption: Assets to whistleblowers<\/p>\n<p>Corruption, the harmful organism today (2019, d&#039;Albert Sanfeliu i Teresa Soler)<\/p>\n<p>Amb Joan Llinares, Teresa Soler, Joaquim Bosch and the director of legal assessments of the Valencian Anti-Frau Agency Teresa Clemente Garcia.<\/p>\n<p>Moderator Ana Mar\u00eda Fuertes Eugenio<\/p>\n<p>Col\u00b7legi Major Rector Peset<\/p>\n<p>20:00 Official Llargmetratges Section<\/p>\n<p>System crasher (2019, Nora Fingscheidt)<\/p>\n<p>The Film Library. (Plaza de L\u00b4 Ajuntament, 17)<\/p>\n<p><strong>25.02<\/strong><\/p>\n<p><strong>12:30<\/strong><\/p>\n<p>Good morning, human rights<\/p>\n<p>In the presence of Emilio Mart\u00ed, Samuel Sebastian and Raquel Zapater<\/p>\n<p>The Film Library. (Plaza de L\u00b4 Ajuntament, 17)<\/p>\n<p><strong>18:00 Special Section<\/strong><\/p>\n<p>We are not together (2019, Alex Nezam)<\/p>\n<p>Amb Balloona Matata and Alex Nezam<\/p>\n<p>SGAE. (C\/ de la Blanqueria, 6)<\/p>\n<p><strong>20:00 Official Llargmetratges Section<\/strong><\/p>\n<p>Tremors (2019, Jayro Bustamante)<\/p>\n<p>The Film Library. (Plaza de L\u00b4 Ajuntament, 17)<\/p>\n<p><strong>26.02<\/strong><\/p>\n<p><strong>18:00 Special Section<\/strong><\/p>\n<p>Travel to the Extreme Dreta (2019, Alexis Lara)<\/p>\n<p>Amb Crida against racism and feixisme.<\/p>\n<p>Presentation and debate with \u00c1ngela Pedraza, Alexis Lara, Rosa Roig and Juan Carlos Colomer<\/p>\n<p>SGAE. (C\/ de la Blanqueria, 6)<\/p>\n<p><strong>20:00 Official Llargmetratges Section<\/strong><\/p>\n<p>Woman (2019, Yann Arthus-Bertrand and Anastasia Mikova)<\/p>\n<p>The Film Library. (Plaza de L\u00b4 Ajuntament, 17)<\/p>\n<p><strong>\u00a0<\/strong><strong>27.02<\/strong><\/p>\n<p><strong>12:00h UPV Masterclass and animated documentary on gender violence.<\/strong> \u00a0Duration: 12h to 14h.<\/p>\n<p>Where were you? Animated documentary by Mar\u00eda Trenor.<\/p>\n<p>Masterclass classroom B-3-12 Faculty of Fine Arts.<\/p>\n<p>Free admission. More information materanimacion.upv.es<\/p>\n<p><strong>16:00 Future(s)<\/strong><\/p>\n<p>Marta show (2018, Malema Moffatt)<\/p>\n<p>Errada amb Jos\u00e9 Antonio Garc\u00eda S\u00e1ez, Human rights and political consciousness in the cinema of Ken Loach<\/p>\n<p>Sal\u00f3 d&#039;actes \u2013 Rectorat UPV<\/p>\n<p><strong>18:00 Special Section<\/strong><\/p>\n<p>142 beats (2019, Alberto Pla)<\/p>\n<p>Restoring Dignity (2019, Claire Jeantet and Fabrice Cat\u00e9rini)<\/p>\n<p>Amb Volunteer Map i Metges Sense Fronteres.<\/p>\n<p>Presentation and debate with Estrella Lasry, Alberto Pla and Claire Jeantet<\/p>\n<p>SGAE. (C\/ de la Blanqueria, 6)<\/p>\n<p><strong>18:00 Special Section<\/strong><\/p>\n<p>A cold morning (2019, Raquel Troyano)<\/p>\n<p>With Stop Accidents and CIMA<\/p>\n<p>Presentation and debate with Raquel Troyano<\/p>\n<p>The Film Library. (Plaza de L\u00b4 Ajuntament, 17)<\/p>\n<p><strong>20:00 Official Llargmetratges Section<\/strong><\/p>\n<p>Aga&#039;s house (2019, Lendita Zeqiraj)<\/p>\n<p>The Film Library. (Plaza de L\u00b4 Ajuntament, 17)<\/p>\n<p><strong>28.02<\/strong><\/p>\n<p><strong>9:00 \u2013 14:00<\/strong><\/p>\n<p>Prosocial audiovisual workshop: a cridada a l&#039;action<\/p>\n<p>Amb Bego\u00f1a Ivars Nicol\u00e1, Francisco Juli\u00e1n Mart\u00ednez Cano and Roc\u00edo Cifuentes Albeza of the Miguel Hern\u00e1ndez d&#039;Elx University<\/p>\n<p>Media Library, Faculty of Fine Arts \u2013 UPV<\/p>\n<p><b>\u00a0<\/b><strong>18:00 Humans VLC<\/strong><\/p>\n<p>Mak\u00fan. Don&#039;t Cry (2019, Emilio Mart\u00ed)<\/p>\n<p>Broken Branches (2019, Roberto \u00c1lvarez)<\/p>\n<p>Where are you going, Homer, with your old coat (2019, Komando Revolucionario AntiKapitalista)<\/p>\n<p>One life, one bag (2020, Patricia Marco)<\/p>\n<p>Mama (2019, Eduardo Vieitez)<\/p>\n<p>Swallowing saliva (2019, Pablo Valverde)<\/p>\n<p>Obsolescence (2019, Jesus Martinez Tormo)<\/p>\n<p>Carmen Valero: Chronicle of a crying lady (2020, Armando Zaragoz\u00e1 and Josep Aguado)<\/p>\n<p>In the presence of the directors and the directors<\/p>\n<p>SGAE. (C\/ de la Blanqueria, 6)<\/p>\n<p><b>\u00a0<\/b><strong>18:00 Official Llargmetratges Section<\/strong><\/p>\n<p>Made in Bangladesh (2019, Rubaiyat Hossain)<\/p>\n<p>The Film Library. (Plaza de L\u00b4 Ajuntament, 17)<\/p>\n<p><strong>20:00 Official Llargmetratges Section<\/strong><\/p>\n<p>Marighella (2019, Wagner Moura)<\/p>\n<p>The Film Library. (Plaza de L\u00b4 Ajuntament, 17)<\/p>\n<p><b>29.02<\/b><\/p>\n<p><strong>21:00<\/strong><\/p>\n<p>Festival Cloenda: Gala\u2026FEST<\/p>\n<p>Surprise performance<\/p>\n<p>Festival premis release<\/p>\n<p>MYA. Av. del Professor L\u00f3pez Pi\u00f1ero, 5<\/p>\n<p><strong>01.03<\/strong><\/p>\n<p>18:00 Human Rights Forum<\/p>\n<p>Debat: The presence of corruption in Valencian audiovisual<\/p>\n<p>Amb Beatriz Garrote, Vicent Tamarit and Marc Vigil<\/p>\n<p>Moderated by: Bego\u00f1a Machancoses<\/p>\n<p>Col\u00b7legi Major Rector Peset<\/p>\n<h2>Awards and qualifications:<\/h2>\n<p>-. Prize <strong>Best Feature Film<\/strong>: 3.000\u20ac<br \/>\n-. Prize <strong>Best Short Film on Corruption<\/strong>: 1.000\u20ac<br \/>\n-. Prize <strong>Best Valencian Short Film<\/strong>: 750\u20ac<br \/>\n-. Prize <strong>One Minute One Right<\/strong>: 400\u20ac<\/p>\n<p>The <strong>platforms for submitting works<\/strong> have been:<br \/>\n<a href=\"https:\/\/festhome.com\/f\/humans-fest\" target=\"_blank\" rel=\"noopener noreferrer\">Festhome<\/a><br \/>\n<a href=\"http:\/\/festival.movibeta.com\/web\/controllers\/siteController.php\" target=\"_blank\" rel=\"noopener noreferrer\">Movibeta<\/a><br \/>\n<a href=\"https:\/\/filmfreeway.com\/InternationalFilmandHumanRightsFestivalofValencia-HUMANSFEST\" target=\"_blank\" rel=\"noopener noreferrer\">Filmfreeway<\/a><\/p>","protected":false},"excerpt":{"rendered":"<p>XI EDICI\u00d3N HUMANS FEST FESTIVAL INTERNACIONAL DE CINE Y DERECHOS HUMANOS de 18.02 a 1.03 | 2020 El Festival Internacional de Cine y Derechos Humanos de Valencia \u2013 HUMANS FEST es una iniciativa de la Fundaci\u00f3n por la Justicia, en colaboraci\u00f3n con varias organizaciones del tercer sector de la ciudad de Valencia, cuyo objetivo es [&hellip;]<\/p>\n","protected":false},"author":2,"featured_media":0,"parent":2084,"menu_order":0,"comment_status":"closed","ping_status":"closed","template":"","meta":{"_et_pb_use_builder":"","_et_pb_old_content":"","_et_gb_content_width":"","_uf_show_specific_survey":0,"_uf_disable_surveys":false,"footnotes":""},"class_list":["post-2085","page","type-page","status-publish","hentry"],"aioseo_notices":[],"_links":{"self":[{"href":"https:\/\/fundacionporlajusticia.org\/en\/wp-json\/wp\/v2\/pages\/2085","targetHints":{"allow":["GET"]}}],"collection":[{"href":"https:\/\/fundacionporlajusticia.org\/en\/wp-json\/wp\/v2\/pages"}],"about":[{"href":"https:\/\/fundacionporlajusticia.org\/en\/wp-json\/wp\/v2\/types\/page"}],"author":[{"embeddable":true,"href":"https:\/\/fundacionporlajusticia.org\/en\/wp-json\/wp\/v2\/users\/2"}],"replies":[{"embeddable":true,"href":"https:\/\/fundacionporlajusticia.org\/en\/wp-json\/wp\/v2\/comments?post=2085"}],"version-history":[{"count":1,"href":"https:\/\/fundacionporlajusticia.org\/en\/wp-json\/wp\/v2\/pages\/2085\/revisions"}],"predecessor-version":[{"id":3464,"href":"https:\/\/fundacionporlajusticia.org\/en\/wp-json\/wp\/v2\/pages\/2085\/revisions\/3464"}],"up":[{"embeddable":true,"href":"https:\/\/fundacionporlajusticia.org\/en\/wp-json\/wp\/v2\/pages\/2084"}],"wp:attachment":[{"href":"https:\/\/fundacionporlajusticia.org\/en\/wp-json\/wp\/v2\/media?parent=2085"}],"curies":[{"name":"wp","href":"https:\/\/api.w.org\/{rel}","templated":true}]}}