{"id":2053,"date":"2019-01-23T18:20:24","date_gmt":"2019-01-23T18:20:24","guid":{"rendered":"https:\/\/fundacionporlajusticia.accesia.info\/es\/?page_id=5079"},"modified":"2022-03-26T07:57:55","modified_gmt":"2022-03-26T07:57:55","slug":"2018-seccion-oficial-largometrajes","status":"publish","type":"page","link":"https:\/\/fundacionporlajusticia.org\/en\/humansfest\/2018-iv-edicion\/2018-seccion-oficial-largometrajes\/","title":{"rendered":"2018 \u2013 OFFICIAL FEATURE FILMS SECTION"},"content":{"rendered":"<p><strong><img loading=\"lazy\" decoding=\"async\" class=\"size-full wp-image-5092 alignright\" src=\"https:\/\/fundacionporlajusticia.org\/wp-content\/uploads\/2019\/01\/image010.png\" alt=\"\" width=\"239\" height=\"237\" \/>ALA-KACHUU <\/strong><strong>(GRAB AND RUN)<\/strong><\/p>\n<p>Director: Roser Corella<br \/>\nGermany, 2017<br \/>\n86 min<\/p>\n<p><em>More than half of Kyrgyzstan&#039;s women are married to the men who kidnapped them. Some managed to escape after violent scenes, but the majority are persuaded to accept the marriage out of tradition and fear of social rejection. Although bride kidnapping is considered a crime under Kyrgyzstan&#039;s penal code, the law is rarely enforced to protect women from this violent practice.<\/em><\/p>\n<p>&nbsp;<\/p>\n<p><strong><img loading=\"lazy\" decoding=\"async\" class=\"size-full wp-image-5093 alignright\" src=\"https:\/\/fundacionporlajusticia.org\/wp-content\/uploads\/2019\/01\/image011.png\" alt=\"\" width=\"245\" height=\"233\" \/>COMPLICIT<\/strong><\/p>\n<p>Directors: Heather White, Lynn Zhang<br \/>\nUnited States, 2017<br \/>\n89 min<\/p>\n<p><em>Complicit. We exclusively premiere the documentary that uncovers the labor exploitation to which thousands of Chinese workers are subjected to build our electronic devices<\/em>.<\/p>\n<p>&nbsp;<\/p>\n<p>&nbsp;<\/p>\n<p><strong><img loading=\"lazy\" decoding=\"async\" class=\"size-full wp-image-5094 alignright\" src=\"https:\/\/fundacionporlajusticia.org\/wp-content\/uploads\/2019\/01\/image012.png\" alt=\"\" width=\"239\" height=\"237\" \/><\/strong><\/p>\n<p><strong>FORGOTTEN CHILDHOOD<\/strong><\/p>\n<p>Director: Reza Farahmand<br \/>\nIran, 2017<br \/>\n73 min<\/p>\n<p><em>\u201c<\/em><em>Forgotten Childhood\u201d follows the lives of refugee children from Syria, Iraq, Lebanon and Afghanistan on their way to Europe, handing them the camera to film themselves. European children have also been given the camera to film their opinion on refugee children. In reality, all the children in &#039;Forgotten Childhood&#039; release their feelings, their dreams and their thoughts honestly. <\/em><\/p>\n<p>&nbsp;<\/p>\n<p><strong><img loading=\"lazy\" decoding=\"async\" class=\"size-full wp-image-5095 alignright\" src=\"https:\/\/fundacionporlajusticia.org\/wp-content\/uploads\/2019\/01\/image013.png\" alt=\"\" width=\"239\" height=\"237\" \/>FREEDOM FOR THE WOLF<\/strong><\/p>\n<p>Director: Rupert Russell<br \/>\nGermany, 2017<br \/>\n89 min<\/p>\n<p><em>FREEDOM FOR THE WOLF is an epic investigation into this new regime. From young students in Hong Kong, to a rapper in post-Arab Spring Tunisia, to viral comedians in Bollywood, we discover how people from all corners of the world are fighting for the same cause. They are fighting against elected leaders who trample on human rights, minorities and their political opponents.\u201d<\/em><\/p>\n<p>&nbsp;<\/p>\n<p><strong><img loading=\"lazy\" decoding=\"async\" class=\"size-full wp-image-5096 alignright\" src=\"https:\/\/fundacionporlajusticia.org\/wp-content\/uploads\/2019\/01\/image014.png\" alt=\"\" width=\"239\" height=\"237\" \/>GAS THE ARABS<\/strong><\/p>\n<p>Director: Julio P\u00e9rez del Campo<br \/>\nSpain, 2016<br \/>\n64 min<\/p>\n<p><em>The documentary is a trip to Gaza in which, through various characters, we learn about the violation of human rights that is experienced daily in the occupied territories of the West Bank and the situation of blockade and war in which the Palestinian population tries to survive. the Gaza Strip. A journey through its cities, its people and also, in some way, its history under the occupation of Israel.<\/em><\/p>\n<p>&nbsp;<\/p>\n<p><strong><img loading=\"lazy\" decoding=\"async\" class=\"size-full wp-image-5097 alignright\" src=\"https:\/\/fundacionporlajusticia.org\/wp-content\/uploads\/2019\/01\/image015.png\" alt=\"\" width=\"241\" height=\"237\" \/>GENDERBENDE<\/strong><\/p>\n<p>Director: Sophie Dros<br \/>\nNetherlands, 2017<br \/>\n97 min<\/p>\n<p><em>A story about five young people who do not feel like men or women, but rather place themselves somewhere in between. Every day they are faced with being different and yet they are proud to be who they are. The young people in this film all have their own battles, but together they tell a strong story about acceptance. The film plays with curiosity, interest and incomprehension about anything outside the established social gender norms.<\/em><\/p>\n<p>&nbsp;<\/p>\n<p><strong><img loading=\"lazy\" decoding=\"async\" class=\"size-full wp-image-5098 alignright\" src=\"https:\/\/fundacionporlajusticia.org\/wp-content\/uploads\/2019\/01\/image016.png\" alt=\"\" width=\"239\" height=\"237\" \/>JACKSON<\/strong><\/p>\n<p>Director: Maisie Crow<br \/>\nUnited States, 2016<br \/>\n93 min<\/p>\n<p><em>With the only abortion clinic in the state of Mississippi, the city of Jackon has become ground zero in the national battle over reproductive health. Jackson is an intimate portrait of the lives of three women in the city. Forged from the racial and religious undertones of the Deep South, the lives of two women are greatly affected by the director of the local pro-life pregnancy center and the movement she represents.<\/em><\/p>\n<p>&nbsp;<\/p>\n<p><strong><br \/>\n<\/strong><strong><img loading=\"lazy\" decoding=\"async\" class=\"size-full wp-image-5099 alignright\" src=\"https:\/\/fundacionporlajusticia.org\/wp-content\/uploads\/2019\/01\/image017.png\" alt=\"\" width=\"239\" height=\"237\" \/>LESA HUMANITAT<\/strong><\/p>\n<p>Director: Hector Faver<br \/>\nSpain 2017<br \/>\n98 min<\/p>\n<p><em>The documentary is a reflection on the urgent need for action on Universal Jurisdiction that allows action where other initiatives fail. We intend to give a voice to the forgotten victims of Franco&#039;s Spain and be catalysts to disseminate different events that have marked Spanish society. Facts, today, unknown to a large part of our society or in the best of cases they have known a manipulated version of the facts.<\/em><\/p>\n<p>&nbsp;<\/p>\n<p><strong><img loading=\"lazy\" decoding=\"async\" class=\"size-full wp-image-5100 alignright\" src=\"https:\/\/fundacionporlajusticia.org\/wp-content\/uploads\/2019\/01\/image018.png\" alt=\"\" width=\"229\" height=\"237\" \/>CORN IN WAR TIME<\/strong><\/p>\n<p>Director: Alberto Cort\u00e9s<br \/>\nMexico, 2016<br \/>\n88 min<\/p>\n<p><em>The feature film illustrates the exceptional process of corn. A Wix\u00e1rika (Huichol) family in the north of Jalisco, another Ayuujk (Mixe) family in Oaxaca, and two Tseltal families in the jungle of Chiapas speak to us from their cornfields, the roads and their houses about the importance of planting, practical knowledge that allows the epic of corn, the dangers that lurk. <\/em><\/p>\n<p>&nbsp;<\/p>\n<p><strong><img loading=\"lazy\" decoding=\"async\" class=\"size-full wp-image-5101 alignright\" src=\"https:\/\/fundacionporlajusticia.org\/wp-content\/uploads\/2019\/01\/image019.png\" alt=\"\" width=\"239\" height=\"237\" \/>MR GAY SYRIA<\/strong><\/p>\n<p>Director: Ayse Toprak<br \/>\nFrance, Germany and T\u00fcrkiye, 2017<br \/>\n87 min<\/p>\n<p><em>Documentary about how two Syrian refugees experience the migration crisis, being gay, living in Turkey and hoping to find a better future in Europe. Husein is a hairdresser in Istanbul, living a double life between a conservative family and his gay identity. Mahmoud is a refugee in Berlin and founder of the Syrian LGBTI movement. What unites them is a dream: participating in an international beauty pageant as an escape from their trapped lives and as a response to their invisibility.<\/em><\/p>","protected":false},"excerpt":{"rendered":"<p>ALA-KACHUU (GRAB AND RUN) Directora: Roser Corella Alemania, 2017 86 min M\u00e1s de la mitad de las mujeres de Kirguist\u00e1n est\u00e1n casadas con los hombres que las secuestraron. Algunas consiguieron escapar despu\u00e9s de violentas escenas, pero la mayor\u00eda son persuadidas a aceptar el matrimonio por tradici\u00f3n y miedo al rechazo social. A pesar que el [&hellip;]<\/p>\n","protected":false},"author":2,"featured_media":0,"parent":2051,"menu_order":1,"comment_status":"closed","ping_status":"closed","template":"","meta":{"_et_pb_use_builder":"","_et_pb_old_content":"","_et_gb_content_width":"","_uf_show_specific_survey":0,"_uf_disable_surveys":false,"footnotes":""},"class_list":["post-2053","page","type-page","status-publish","hentry"],"aioseo_notices":[],"_links":{"self":[{"href":"https:\/\/fundacionporlajusticia.org\/en\/wp-json\/wp\/v2\/pages\/2053","targetHints":{"allow":["GET"]}}],"collection":[{"href":"https:\/\/fundacionporlajusticia.org\/en\/wp-json\/wp\/v2\/pages"}],"about":[{"href":"https:\/\/fundacionporlajusticia.org\/en\/wp-json\/wp\/v2\/types\/page"}],"author":[{"embeddable":true,"href":"https:\/\/fundacionporlajusticia.org\/en\/wp-json\/wp\/v2\/users\/2"}],"replies":[{"embeddable":true,"href":"https:\/\/fundacionporlajusticia.org\/en\/wp-json\/wp\/v2\/comments?post=2053"}],"version-history":[{"count":4,"href":"https:\/\/fundacionporlajusticia.org\/en\/wp-json\/wp\/v2\/pages\/2053\/revisions"}],"predecessor-version":[{"id":3453,"href":"https:\/\/fundacionporlajusticia.org\/en\/wp-json\/wp\/v2\/pages\/2053\/revisions\/3453"}],"up":[{"embeddable":true,"href":"https:\/\/fundacionporlajusticia.org\/en\/wp-json\/wp\/v2\/pages\/2051"}],"wp:attachment":[{"href":"https:\/\/fundacionporlajusticia.org\/en\/wp-json\/wp\/v2\/media?parent=2053"}],"curies":[{"name":"wp","href":"https:\/\/api.w.org\/{rel}","templated":true}]}}