{"id":2030,"date":"2015-09-11T11:25:18","date_gmt":"2015-09-11T11:25:18","guid":{"rendered":"https:\/\/humansfest.com\/?page_id=886"},"modified":"2022-03-21T16:21:29","modified_gmt":"2022-03-21T16:21:29","slug":"premios-2","status":"publish","type":"page","link":"https:\/\/fundacionporlajusticia.org\/en\/humansfest\/2020-edicion\/premios-2\/","title":{"rendered":"AWARDS"},"content":{"rendered":"<blockquote><p><a href=\"https:\/\/fundacionporlajusticia.org\/wp-content\/uploads\/2014\/11\/clausura-4.jpg\"><img loading=\"lazy\" decoding=\"async\" class=\"wp-image-764 alignright\" src=\"https:\/\/fundacionporlajusticia.org\/wp-content\/uploads\/2014\/11\/clausura-4-200x300.jpg\" alt=\"clausura-4\" width=\"173\" height=\"260\" \/><\/a><strong><a href=\"https:\/\/fundacionporlajusticia.org\/es\/premio-pau-i-justicia\/\" target=\"_blank\" rel=\"noopener noreferrer\">PAU I JUST\u00cdCIA PRIZE<\/a>:\u00a0<\/strong>To the professional cinematographic career dedicated to the defense of human rights.<\/p>\n<p>The Festival provides for the delivery of<strong>\u00a0the following awards:\u00a0<\/strong><\/p>\n<p>Best Award<strong> Feature film<\/strong> (Honorific mention).<br \/>\nEDAV Best Award <strong>Feature Film Screenplay<\/strong> (Honorific mention).<br \/>\nBest Award <strong>Short film about Childhood, Youth and Human Rights<\/strong> \u2013 1000 \u20ac<br \/>\nBest Award <strong>Valencian Short Film<\/strong> \u2013 \u20ac750<br \/>\nEDAV Award for Best <strong>Valencian Short Film Script<\/strong> \u2013 One year free subscription to EDAV.<br \/>\nPrize <strong>Mini-short film \u201cOne Minute, One Right\u201d<\/strong> \u2013 \u20ac400<br \/>\nBest Award <strong>Webseries<\/strong> \u2013 \u20ac500<br \/>\nBest Award <strong>Serious Video Game, 360 Video or Virtual Reality<\/strong> - Honorific mention<\/p><\/blockquote>\n<h1><strong>XII EDITION AWARDS<\/strong><\/h1>\n<p><u>Social Change Award<\/u><br \/>\n<strong>Polio and Postpolio Association of the Valencian Community, <\/strong>Teresa Salort, president of the APIP-CV, received the award.<\/p>\n<p><u>Award for best short film section \u201cUn Minuto Un Derecho\u201d<\/u><br \/>\n<strong>Hoaxes kill, don&#039;t be an accomplice, <span style=\"font-weight: 400;\">by Daniel Garc\u00eda.<\/span><\/strong><\/p>\n<p><u>Best Valencian Short Film Screenplay Award<\/u><br \/>\n<strong>Stanbrook, <span style=\"font-weight: 400;\">by \u00d3scar Bern\u00e1cer.<\/span><\/strong><\/p>\n<p><u>Best Feature Film Screenplay Award<\/u><br \/>\n<strong>What are you doing, Aida? <\/strong>by director Jasmila \u017dbani\u0107<span style=\"font-weight: 400;\">.<\/span><\/p>\n<p><u>Best Feature Film Screenplay Award<\/u><br \/>\n<strong>What are you doing, Aida? <\/strong>by director Jasmila \u017dbani\u0107<span style=\"font-weight: 400;\">.<br \/>\n<\/span><\/p>\n<p><u>Best Valencian Student Short Film Award<\/u><br \/>\n<strong>The night of men, <\/strong>by Raquel Arias and Bego\u00f1a Moret<span style=\"font-weight: 400;\">.<\/span><\/p>\n<p><u>Best Valencian Short Film Award<\/u><br \/>\n<strong>Where are you? <\/strong>by Mar\u00eda Tr\u00e9nor<span style=\"font-weight: 400;\">.<\/span><\/p>\n<p><u>Best International Short Film Award<\/u><br \/>\n<strong>My body does not belong to me, <\/strong>by Parviz Majidov<span style=\"font-weight: 400;\">.<\/span><\/p>\n<p><u>Pau i Justicia Award<\/u><br \/>\n<strong>Josefina Molina, <\/strong>first woman to graduate in cinematography in Spain and co-founder of the Association of Women Filmmakers and Audiovisual Media (CIMA)<span style=\"font-weight: 400;\">.<\/span><\/p>\n<p><u>Best Feature Film Award<\/u><br \/>\n<strong>What are you doing, Aida? <\/strong>by director Jasmila \u017dbani\u0107<span style=\"font-weight: 400;\">.<br \/>\n<img loading=\"lazy\" decoding=\"async\" class=\"size-medium wp-image-6470 alignleft\" src=\"https:\/\/fundacionporlajusticia.org\/wp-content\/uploads\/2021\/01\/quo-vadis-aida_-poster-210x300.jpg\" alt=\"Poster - Quo Vadis, Aida?\" width=\"210\" height=\"300\" \/><br \/>\n<\/span><\/p>\n<h1><strong>XI EDITION AWARDS<\/strong><\/h1>\n<p><strong>Pau i Justicia Award:<\/strong> Pepe Viyuela for his career in defense of Human Rights through humor.<br \/>\n<strong style=\"font-size: inherit;\">Social Change Award:<\/strong> Association of Victims of the Valencia Metro Accident. 3rd of July.<\/p>\n<h1><strong>EDITION<\/strong><\/h1>\n<p><strong>Pau i Justicia Award:<\/strong> Hwidar Abdelatif<br \/>\nThis year the Festival has decided to present the Prize <strong>PAU I JUST\u00cdCIA<\/strong> to the director and actor <strong>Hwidar Abdelatif<\/strong>, for his career in the defense of Social and Human Rights through cinema as an element of transformation of our society.<\/p>\n<p><strong> Commitment to Culture Award:<\/strong> Carmen Alborch<br \/>\nThis recognition was not the only one awarded during the Inauguration Gala. This year the festival has decided to remember one of the most active women in the Valencian and national cultural scene, and a tireless defender of women&#039;s rights and their work. Through an interview done by the director <strong>Giovanna Ribes<\/strong>, has been delivered <strong>Commitment to Culture Award<\/strong> to the recently deceased, <strong>Carmen Alborch<\/strong>.<\/p>\n<p><strong> Acollida Award:<\/strong> Emilio Marti<br \/>\nIn celebration of these 10 years of the festival&#039;s history, another tribute was paid during the closing gala, to a director who has collaborated with the festival since its beginnings, and whose commitment to the cause of human rights and, above all, refugees is the basis of their daily work. The festival has awarded the <strong>Acollida Award<\/strong> to the animation director <strong>Emilio Marti<\/strong>.<\/p>\n<h1><strong>IX EDITION AWARDS<\/strong><\/h1>\n<p><strong>Pau i Justicia Award:<\/strong>\u00a0 Silvia Munt<\/p>\n<p>This year the Festival has decided to give the director, actress and producer <strong>Silvia Munt<\/strong> the award<strong> PAU I JUST\u00cdCIA<\/strong>, for his career in the defense of Social and Human Rights through cinema as an element of transformation of our society. Silvia collected the award during the opening of the festival, on Friday, February 9.<\/p>\n<p><a href=\"https:\/\/fundacionporlajusticia.org\/wp-content\/uploads\/2014\/11\/clausura-4.jpg\"><img loading=\"lazy\" decoding=\"async\" class=\"aligncenter size-full wp-image-5067\" src=\"https:\/\/fundacionporlajusticia.org\/wp-content\/uploads\/2019\/01\/image029.jpg\" alt=\"\" width=\"239\" height=\"239\" \/><\/a><\/p>\n<ul>\n<li><strong>Award for best Documentary Feature and EDAV AWARD: \u201cComplicit\u201d <\/strong>by Heather White and Lynn Zhang<br \/>\n<em>\u201cFor having managed to make us see thoughts, understand the drama of what is not said and see what is not shown.\u201d<\/em><\/li>\n<li><strong>Special mention Documentary Feature<\/strong>:\n<ul>\n<li><strong>MR GAY SYRIA<\/strong> by Ayse Torpak<\/li>\n<li><strong>JACKSON<\/strong> by Maisie Crow<\/li>\n<\/ul>\n<\/li>\n<li><strong>Best C Award<\/strong><strong>orthofilm on asylum law and refugees: \u00abImport<\/strong><strong>\u00bb <\/strong>by Ena Sendijarevic<strong><br \/>\n<\/strong><\/li>\n<li><strong>Special mention C<\/strong><strong>asylum orthometry:<\/strong>\n<ul>\n<li><strong>&quot;The son of Fatima&quot; <\/strong>by Carlotta Piccinini<\/li>\n<li><strong> &quot;The forest of love&quot; <\/strong>by Alejandro G. Salgado<\/li>\n<\/ul>\n<\/li>\n<li><strong><strong>\u201c1 minute 1 right\u201d Award: \u00abEveryday\u00bb<\/strong><\/strong> EASD \u2013 Escola d&#039;Art y Superi\u00f3 de Disseny de Val\u00e8ncia directors Marta D\u00edaz Grimaldos and Mar\u00eda Benet<\/li>\n<\/ul>\n<p><img loading=\"lazy\" decoding=\"async\" class=\"aligncenter size-full wp-image-5069\" src=\"https:\/\/fundacionporlajusticia.org\/wp-content\/uploads\/2019\/01\/image022.jpg\" alt=\"\" width=\"675\" height=\"302\" \/><\/p>\n<h1><strong>EDITION VIII AWARDS<\/strong><\/h1>\n<p><strong>Pau i Justicia Award:<\/strong>\u00a0 Juan Diego Botto<\/p>\n<ul>\n<li><strong>Award for best Documentary Feature:<\/strong>\u00a0\u00ab<strong><a href=\"https:\/\/fundacionporlajusticia.org\/es\/paciente\/\" target=\"_blank\" rel=\"noopener noreferrer\">Patient<\/a><\/strong>\u00ab, by Borja Caballero.<\/li>\n<li><strong>Special mention Documentary Feature<\/strong>: \u00ab<strong><a href=\"https:\/\/fundacionporlajusticia.org\/es\/la-estrategia-del-silencio\/\" target=\"_blank\" rel=\"noopener noreferrer\">The Strategy of Silence<\/a><\/strong>\u00ab, by Vicente Peris and \u00ab<strong><a href=\"https:\/\/fundacionporlajusticia.org\/es\/transit-havana\/\" target=\"_blank\" rel=\"noopener noreferrer\">Transit Havana<\/a><\/strong>\u00ab, by Daniel Abma.<\/li>\n<li><strong>Best Short Film Award: <\/strong>\u00ab<strong><a href=\"https:\/\/fundacionporlajusticia.org\/es\/eisen\/\" target=\"_blank\" rel=\"noopener noreferrer\">Eisen<\/a><\/strong>\u00abby Benjamin Kahlmeyer.<\/li>\n<li><strong>Special Mention Short Film<\/strong>: \u00ab<b><a href=\"https:\/\/fundacionporlajusticia.org\/es\/safe-space\/\" target=\"_blank\" rel=\"noopener noreferrer\">Safe Space<\/a><\/b>\u00ab, by Zora Rux.<\/li>\n<li><strong>\u201c1 minute 1 right\u201d award:<\/strong> \u00ab<strong>I was<\/strong>\u00ab, by Josemi Novo, Alejandro Ortiz, Sonia Guzm\u00e1n, Carlos Herrero, Tatiana Hern\u00e1ndez, Romina Guti\u00e9rrez (group of students from the Juan Comenius School).<\/li>\n<li><strong>Special mention \u201c1 minute 1 right\u201d<\/strong>: \u00ab<strong>Pink<\/strong>\u00ab, by Neus Cerd\u00e1 and Mar\u00eda Bl\u00e1zquez, from the EASD School of Art and Design.<\/li>\n<\/ul>\n<div id=\"attachment_4046\" style=\"width: 220px\" class=\"wp-caption alignleft\"><a href=\"https:\/\/fundacionporlajusticia.org\/es\/paciente\/\" target=\"_blank\" rel=\"noopener noreferrer\"><img loading=\"lazy\" decoding=\"async\" aria-describedby=\"caption-attachment-4046\" class=\"wp-image-4046 size-medium\" title=\"Patient Documentary by Jorge Caballero\" src=\"https:\/\/fundacionporlajusticia.org\/wp-content\/uploads\/2017\/01\/PACIENTE-_poster-210x300.jpg\" alt=\"Paciente, mejor documental Humans Fest\" width=\"210\" height=\"300\" \/><\/a><p id=\"caption-attachment-4046\" class=\"wp-caption-text\">Award for best documentary<\/p><\/div>\n<div id=\"attachment_4619\" style=\"width: 310px\" class=\"wp-caption alignleft\"><img loading=\"lazy\" decoding=\"async\" aria-describedby=\"caption-attachment-4619\" class=\"wp-image-4619 size-medium\" title=\"Juan Diego Botto Humans Fest\" src=\"https:\/\/fundacionporlajusticia.org\/wp-content\/uploads\/2015\/09\/WhatsApp-Image-2017-01-25-at-11.36.55-300x300.jpeg\" alt=\"Juan Diego Botto Premi Pau i Just\u00edcia\" width=\"300\" height=\"300\" \/><p id=\"caption-attachment-4619\" class=\"wp-caption-text\">Pau i Just\u00edcia Award: Juan Diego Botto<\/p><\/div>\n<div id=\"attachment_4220\" style=\"width: 226px\" class=\"wp-caption alignleft\"><a href=\"https:\/\/fundacionporlajusticia.org\/es\/eisen\/\"><img loading=\"lazy\" decoding=\"async\" aria-describedby=\"caption-attachment-4220\" class=\"wp-image-4220 size-medium\" title=\"Eisen by Benjamin Kahlmeyer\" src=\"https:\/\/fundacionporlajusticia.org\/wp-content\/uploads\/2017\/01\/POSTER_EISEN_1-216x300.jpg\" alt=\"Eisen premio mejor cortometraje Humans Fest\" width=\"216\" height=\"300\" \/><\/a><p id=\"caption-attachment-4220\" class=\"wp-caption-text\">Best short film award<\/p><\/div>\n<h1><\/h1>\n<h1><\/h1>\n<h1><\/h1>\n<h1><\/h1>\n<h1><\/h1>\n<h1><strong>VII EDITION AWARDS<\/strong><\/h1>\n<p><strong>Pau i Justicia Award:<\/strong>\u00a0 Montxo Armend\u00e1riz and Puy Oria.<\/p>\n<ul>\n<li><strong>Award for best Documentary Feature:<\/strong>\u00a0&quot;Toto and his sisters&quot;, by Alexander Nanau.<\/li>\n<li><strong>Best Short Film Award: \u00ab<\/strong>One hour, one step&quot;, by Aitor Iturriza and Bernat Gual.<\/li>\n<li><strong>\u201c1 minute 1 right\u201d awards:<\/strong> &quot;After the numbers&quot; by Mariola Ponce and Christian Feijoo and for &quot;Farts&quot; by Isabel Viso, EASD student.<\/li>\n<\/ul>\n<div id=\"attachment_3724\" style=\"width: 310px\" class=\"wp-caption alignleft\"><a href=\"https:\/\/fundacionporlajusticia.org\/wp-content\/uploads\/2015\/12\/puy-y-montxo3-2.png\"><img loading=\"lazy\" decoding=\"async\" aria-describedby=\"caption-attachment-3724\" class=\"wp-image-3724 size-medium\" src=\"https:\/\/fundacionporlajusticia.org\/wp-content\/uploads\/2015\/12\/puy-y-montxo3-2-300x142.png\" alt=\"Puy Oria y Montxo Armend\u00e1riz\" width=\"300\" height=\"142\" \/><\/a><p id=\"caption-attachment-3724\" class=\"wp-caption-text\">\u201cPau i Just\u00edcia\u201d Award<\/p><\/div>\n<div id=\"attachment_1235\" style=\"width: 222px\" class=\"wp-caption alignleft\"><a href=\"https:\/\/fundacionporlajusticia.org\/wp-content\/uploads\/2015\/09\/Toto_Poster_small_poster_580.jpg\"><img loading=\"lazy\" decoding=\"async\" aria-describedby=\"caption-attachment-1235\" class=\"wp-image-1235 size-medium\" src=\"https:\/\/fundacionporlajusticia.org\/wp-content\/uploads\/2015\/09\/Toto_Poster_small_poster_580-212x300.jpg\" alt=\"Toto and his sisters\" width=\"212\" height=\"300\" \/><\/a><p id=\"caption-attachment-1235\" class=\"wp-caption-text\">Best Documentary Award<\/p><\/div>\n<div id=\"attachment_1994\" style=\"width: 242px\" class=\"wp-caption alignleft\"><a href=\"https:\/\/fundacionporlajusticia.org\/wp-content\/uploads\/2015\/09\/cartel-una-hora-un-paso.jpg\"><img loading=\"lazy\" decoding=\"async\" aria-describedby=\"caption-attachment-1994\" class=\"wp-image-1994 size-medium\" src=\"https:\/\/fundacionporlajusticia.org\/wp-content\/uploads\/2015\/09\/cartel-una-hora-un-paso-232x300.jpg\" alt=\"cartel una hora un paso\" width=\"232\" height=\"300\" \/><\/a><p id=\"caption-attachment-1994\" class=\"wp-caption-text\">Best Short Film Award<\/p><\/div>\n<h1><strong>AWARDS EDITION VI<\/strong><\/h1>\n<p><strong>Pau i Justicia Award:<\/strong> Carles Bosch.<\/p>\n<ul>\n<li><strong>Award for best Documentary Feature:<\/strong>\u00a0&quot;The Wild Years&quot; by Ventura Durall.<\/li>\n<li><strong>Award for best short film \u00ab1 minute 1 right\u00bb: \u00ab<\/strong>\u201cPussy Riot\u201d by Itziar Telletxea.<strong><br \/>\n<\/strong><\/li>\n<\/ul>\n<div id=\"attachment_730\" style=\"width: 310px\" class=\"wp-caption alignleft\"><img loading=\"lazy\" decoding=\"async\" aria-describedby=\"caption-attachment-730\" class=\"wp-image-730 size-medium\" src=\"https:\/\/fundacionporlajusticia.org\/wp-content\/uploads\/2014\/10\/MG_0126-300x200.jpg\" alt=\"_MG_0126\" width=\"300\" height=\"200\" \/><p id=\"caption-attachment-730\" class=\"wp-caption-text\">Carles Bosch<\/p><\/div>\n<div id=\"attachment_765\" style=\"width: 310px\" class=\"wp-caption alignleft\"><img loading=\"lazy\" decoding=\"async\" aria-describedby=\"caption-attachment-765\" class=\"wp-image-765 size-medium\" src=\"https:\/\/fundacionporlajusticia.org\/wp-content\/uploads\/2014\/11\/clausura-5-300x200.jpg\" alt=\"clausura-5\" width=\"300\" height=\"200\" \/><p id=\"caption-attachment-765\" class=\"wp-caption-text\">Ventura Durall<\/p><\/div>\n<div id=\"attachment_762\" style=\"width: 310px\" class=\"wp-caption alignleft\"><a href=\"https:\/\/fundacionporlajusticia.org\/wp-content\/uploads\/2014\/11\/clausura-1.jpg\"><img loading=\"lazy\" decoding=\"async\" aria-describedby=\"caption-attachment-762\" class=\"wp-image-762 size-medium\" src=\"https:\/\/fundacionporlajusticia.org\/wp-content\/uploads\/2014\/11\/clausura-1-300x200.jpg\" alt=\"clausura-1\" width=\"300\" height=\"200\" \/><\/a><p id=\"caption-attachment-762\" class=\"wp-caption-text\">Awardees, Jury and organizers<\/p><\/div>","protected":false},"excerpt":{"rendered":"<p>PREMIO PAU I JUST\u00cdCIA:\u00a0A la carrera profesional cinematogr\u00e1fica dedicada a la defensa de los derechos humanos. El Festival prev\u00e9 la entrega de\u00a0los siguientes premios:\u00a0 Premio Mejor Largometraje (Menci\u00f3n honor\u00edfica). Premio EDAV Mejor Gui\u00f3n de Largometraje (Menci\u00f3n honor\u00edfica). Premio Mejor Cortometraje sobre Infancia, Juventud y DDHH &#8211; 1000 \u20ac Premio Mejor Cortometraje Valenciano &#8211; 750 \u20ac [&hellip;]<\/p>\n","protected":false},"author":2,"featured_media":0,"parent":2079,"menu_order":8,"comment_status":"closed","ping_status":"closed","template":"","meta":{"_et_pb_use_builder":"","_et_pb_old_content":"","_et_gb_content_width":"","_uf_show_specific_survey":0,"_uf_disable_surveys":false,"footnotes":""},"class_list":["post-2030","page","type-page","status-publish","hentry"],"aioseo_notices":[],"_links":{"self":[{"href":"https:\/\/fundacionporlajusticia.org\/en\/wp-json\/wp\/v2\/pages\/2030","targetHints":{"allow":["GET"]}}],"collection":[{"href":"https:\/\/fundacionporlajusticia.org\/en\/wp-json\/wp\/v2\/pages"}],"about":[{"href":"https:\/\/fundacionporlajusticia.org\/en\/wp-json\/wp\/v2\/types\/page"}],"author":[{"embeddable":true,"href":"https:\/\/fundacionporlajusticia.org\/en\/wp-json\/wp\/v2\/users\/2"}],"replies":[{"embeddable":true,"href":"https:\/\/fundacionporlajusticia.org\/en\/wp-json\/wp\/v2\/comments?post=2030"}],"version-history":[{"count":3,"href":"https:\/\/fundacionporlajusticia.org\/en\/wp-json\/wp\/v2\/pages\/2030\/revisions"}],"predecessor-version":[{"id":3479,"href":"https:\/\/fundacionporlajusticia.org\/en\/wp-json\/wp\/v2\/pages\/2030\/revisions\/3479"}],"up":[{"embeddable":true,"href":"https:\/\/fundacionporlajusticia.org\/en\/wp-json\/wp\/v2\/pages\/2079"}],"wp:attachment":[{"href":"https:\/\/fundacionporlajusticia.org\/en\/wp-json\/wp\/v2\/media?parent=2030"}],"curies":[{"name":"wp","href":"https:\/\/api.w.org\/{rel}","templated":true}]}}