{"id":14297,"date":"2026-04-08T13:02:09","date_gmt":"2026-04-08T11:02:09","guid":{"rendered":"https:\/\/fundacionporlajusticia.org\/?page_id=14297"},"modified":"2026-04-08T13:06:44","modified_gmt":"2026-04-08T11:06:44","slug":"foto-y-podcast-participativos","status":"publish","type":"page","link":"https:\/\/fundacionporlajusticia.org\/en\/proyectos\/accion-social\/foto-y-podcast-participativos\/","title":{"rendered":"Participatory photo and podcast"},"content":{"rendered":"<p>[et_pb_section fb_built=\u00bb1&#8243; _builder_version=\u00bb4.27.4&#8243; _module_preset=\u00bbdefault\u00bb background_color=\u00bb#92857c\u00bb background_image=\u00bbhttps:\/\/fundacionporlajusticia.org\/wp-content\/uploads\/2022\/03\/Fonzo_Verde_Fundacion_baja.jpeg\u00bb global_colors_info=\u00bb{}\u00bb][et_pb_row admin_label=\u00bbComo\u00bb _builder_version=\u00bb4.16&#8243; _module_preset=\u00bbdefault\u00bb custom_padding=\u00bb||29px|||\u00bb global_colors_info=\u00bb{}\u00bb][et_pb_column type=\u00bb4_4&#8243; _builder_version=\u00bb4.16&#8243; _module_preset=\u00bbdefault\u00bb global_colors_info=\u00bb{}\u00bb][et_pb_text admin_label=\u00bbTitulo\u00bb _builder_version=\u00bb4.27.5&#8243; _module_preset=\u00bbdefault\u00bb text_font=\u00bb|700|||||||\u00bb text_text_color=\u00bb#FFFFFF\u00bb text_orientation=\u00bbcenter\u00bb background_layout=\u00bbdark\u00bb custom_padding=\u00bb7px|||||\u00bb animation_style=\u00bbfold\u00bb hover_enabled=\u00bb0&#8243; global_colors_info=\u00bb{}\u00bb sticky_enabled=\u00bb0&#8243;]<\/p>\n<h2 style=\"text-align: center;\"><span style=\"color: #92857c;\">FOTO Y PODCAST PARTICIPATIVOS<\/span><\/h2>\n<p>[\/et_pb_text][\/et_pb_column][\/et_pb_row][\/et_pb_section][et_pb_section fb_built=\u00bb1&#8243; fullwidth=\u00bbon\u00bb _builder_version=\u00bb4.27.5&#8243; _module_preset=\u00bbdefault\u00bb global_colors_info=\u00bb{}\u00bb][et_pb_fullwidth_image title_text=\u00bbWhatsApp Image 2026-03-13 at 12.48.00 (2)\u00bb _builder_version=\u00bb4.27.5&#8243; _module_preset=\u00bbdefault\u00bb background_image=\u00bbhttps:\/\/fundacionporlajusticia.org\/wp-content\/uploads\/2026\/04\/WhatsApp-Image-2026-03-13-at-12.48.00-2.jpeg\u00bb min_height=\u00bb600px\u00bb hover_enabled=\u00bb0&#8243; global_colors_info=\u00bb{}\u00bb sticky_enabled=\u00bb0&#8243;][\/et_pb_fullwidth_image][\/et_pb_section][et_pb_section fb_built=\u00bb1&#8243; _builder_version=\u00bb4.27.4&#8243; _module_preset=\u00bbdefault\u00bb global_colors_info=\u00bb{}\u00bb][et_pb_row _builder_version=\u00bb4.27.4&#8243; _module_preset=\u00bbdefault\u00bb global_colors_info=\u00bb{}\u00bb][et_pb_column type=\u00bb4_4&#8243; _builder_version=\u00bb4.27.4&#8243; _module_preset=\u00bbdefault\u00bb global_colors_info=\u00bb{}\u00bb][et_pb_text _builder_version=\u00bb4.27.4&#8243; _module_preset=\u00bbdefault\u00bb custom_padding=\u00bb||0px|||\u00bb global_colors_info=\u00bb{}\u00bb]<\/p>\n<p><span style=\"font-size: large;\"><strong>T\u00cdTULO: Relatos que transforman. Resiliencias a trav\u00e9s de la expresi\u00f3n art\u00edstica juvenil.<br \/><\/strong><\/span><\/p>\n<p><span style=\"font-size: large;\"><strong>Financiador: Generalitat Valenciana<br \/>Importe subvenci\u00f3n: 120.935,00 \u20ac<br \/>Fecha inicio: 15.01.2026<br \/>Fecha fin: 14.04.2027<br \/><\/strong><\/span><\/p>\n<p>[\/et_pb_text][et_pb_divider _builder_version=\u00bb4.27.4&#8243; _module_preset=\u00bbdefault\u00bb global_colors_info=\u00bb{}\u00bb][\/et_pb_divider][et_pb_text admin_label=\u00bbTitulo\u00bb _builder_version=\u00bb4.27.5&#8243; _module_preset=\u00bbdefault\u00bb text_font=\u00bb|700|||||||\u00bb text_text_color=\u00bb#FFFFFF\u00bb text_orientation=\u00bbcenter\u00bb background_layout=\u00bbdark\u00bb custom_padding=\u00bb7px|||||\u00bb animation_style=\u00bbfold\u00bb global_colors_info=\u00bb{}\u00bb]<\/p>\n<h2 style=\"text-align: center;\"><span style=\"color: #92857c;\"><i>Descripci\u00f3n del programa<\/i><\/span><i><\/i><\/h2>\n<p>[\/et_pb_text][et_pb_text _builder_version=\u00bb4.27.5&#8243; _module_preset=\u00bbdefault\u00bb custom_padding=\u00bb||0px|||\u00bb hover_enabled=\u00bb0&#8243; global_colors_info=\u00bb{}\u00bb sticky_enabled=\u00bb0&#8243;]<\/p>\n<p><span style=\"font-weight: 400;\">Este proyecto, dirigido a <strong>adolescentes de entre 13 y 19 a\u00f1os<\/strong> residentes en cuatro municipios valencianos afectados por la DANA<strong> (Beniparrell, Benet\u00fasser, Aldaia y La Torre)<\/strong> propone una <strong>intervenci\u00f3n de 15 meses basada en la fotograf\u00eda participativa<\/strong> como herramienta de <strong>apoyo psicoemocional y reconstrucci\u00f3n comunitaria<\/strong>. A trav\u00e9s de la metodolog\u00eda <\/span><i><span style=\"font-weight: 400;\">photovoice<\/span><\/i><span style=\"font-weight: 400;\">, se busca generar espacios seguros donde las y los j\u00f3venes puedan expresar sus vivencias, procesar colectivamente los efectos del desastre, recuperar el v\u00ednculo con el territorio y participar activamente en la reconstrucci\u00f3n simb\u00f3lica y social de sus comunidades.<\/span><\/p>\n<p><span style=\"font-weight: 400;\">La propuesta se articula en torno a<strong> talleres participativos<\/strong> desarrollados en cuatro grupos, con una duraci\u00f3n de cuatro meses cada uno. Estos talleres se organizar\u00e1n en ciclos de trabajo en distintas localidades. Cada taller incluir\u00e1 sesiones semanales facilitadas por una experta en fotograf\u00eda participativa, con el acompa\u00f1amiento de una psic\u00f3loga especializada en procesos de atenci\u00f3n emocional. Adem\u00e1s, el proceso ser\u00e1 documentado en formato audiovisual, se grabar\u00e1n entrevistas a personas de las comunidades implicadas, y se producir\u00e1n exposiciones y una publicaci\u00f3n final colectiva como mecanismos de devoluci\u00f3n, visibilizaci\u00f3n e incidencia.<\/span><\/p>\n<p>[\/et_pb_text][\/et_pb_column][\/et_pb_row][\/et_pb_section][et_pb_section fb_built=\u00bb1&#8243; admin_label=\u00bbSecci\u00f3n\u00bb _builder_version=\u00bb4.27.4&#8243; _module_preset=\u00bbdefault\u00bb background_color=\u00bb#92857c\u00bb background_image=\u00bbhttps:\/\/fundacionporlajusticia.org\/wp-content\/uploads\/2022\/03\/Fonzo_Verde_Fundacion_baja.jpeg\u00bb locked=\u00bboff\u00bb global_colors_info=\u00bb{}\u00bb][et_pb_row admin_label=\u00bbComo\u00bb _builder_version=\u00bb4.16&#8243; _module_preset=\u00bbdefault\u00bb collapsed=\u00bboff\u00bb global_colors_info=\u00bb{}\u00bb][et_pb_column type=\u00bb4_4&#8243; _builder_version=\u00bb4.16&#8243; _module_preset=\u00bbdefault\u00bb global_colors_info=\u00bb{}\u00bb][\/et_pb_column][\/et_pb_row][\/et_pb_section][et_pb_section fb_built=\u00bb1&#8243; _builder_version=\u00bb4.16&#8243; _module_preset=\u00bbdefault\u00bb global_colors_info=\u00bb{}\u00bb][et_pb_row _builder_version=\u00bb4.16&#8243; _module_preset=\u00bbdefault\u00bb global_colors_info=\u00bb{}\u00bb][et_pb_column type=\u00bb4_4&#8243; _builder_version=\u00bb4.16&#8243; _module_preset=\u00bbdefault\u00bb global_colors_info=\u00bb{}\u00bb][et_pb_text admin_label=\u00bbTexto\u00bb _builder_version=\u00bb4.17.1&#8243; _module_preset=\u00bbdefault\u00bb global_colors_info=\u00bb{}\u00bb]<\/p>\n<h3 style=\"text-align: center;\">Proyectos relacionados<\/h3>\n<p>[\/et_pb_text][et_pb_divider _builder_version=\u00bb4.17.1&#8243; _module_preset=\u00bbdefault\u00bb global_colors_info=\u00bb{}\u00bb][\/et_pb_divider][et_pb_blog fullwidth=\u00bboff\u00bb posts_number=\u00bb9&#8243; include_categories=\u00bb6&#8243; excerpt_length=\u00bb498&#8243; show_author=\u00bboff\u00bb _builder_version=\u00bb4.17.1&#8243; _module_preset=\u00bbdefault\u00bb border_radii_image=\u00bbon|10px|10px|10px|10px\u00bb global_colors_info=\u00bb{}\u00bb][\/et_pb_blog][\/et_pb_column][\/et_pb_row][\/et_pb_section]<\/p>\n","protected":false},"excerpt":{"rendered":"<p>FOTO Y PODCAST PARTICIPATIVOST\u00cdTULO: Relatos que transforman. Resiliencias a trav\u00e9s de la expresi\u00f3n art\u00edstica juvenil. Financiador: Generalitat ValencianaImporte subvenci\u00f3n: 120.935,00 \u20acFecha inicio: 15.01.2026Fecha fin: 14.04.2027Descripci\u00f3n del programa Este proyecto, dirigido a adolescentes de entre 13 y 19 a\u00f1os residentes en cuatro municipios valencianos afectados por la DANA (Beniparrell, Benet\u00fasser, Aldaia y La Torre) propone una [&hellip;]<\/p>\n","protected":false},"author":2,"featured_media":0,"parent":880,"menu_order":0,"comment_status":"closed","ping_status":"closed","template":"","meta":{"_et_pb_use_builder":"on","_et_pb_old_content":"<p>[et_pb_section fb_built=\"1\" _builder_version=\"4.27.4\" _module_preset=\"default\" background_color=\"#92857c\" background_image=\"https:\/\/fundacionporlajusticia.org\/wp-content\/uploads\/2022\/03\/Fonzo_Verde_Fundacion_baja.jpeg\" global_colors_info=\"{}\"][et_pb_row admin_label=\"Como\" _builder_version=\"4.16\" _module_preset=\"default\" custom_padding=\"||29px|||\" global_colors_info=\"{}\"][et_pb_column type=\"4_4\" _builder_version=\"4.16\" _module_preset=\"default\" global_colors_info=\"{}\"][et_pb_text admin_label=\"Titulo\" _builder_version=\"4.27.4\" _module_preset=\"default\" text_font=\"|700|||||||\" text_text_color=\"#FFFFFF\" text_orientation=\"center\" background_layout=\"dark\" custom_padding=\"7px|||||\" animation_style=\"fold\" global_colors_info=\"{}\"]<\/p><h2 style=\"text-align: center;\"><span style=\"color: #92857c;\">ESPAI COMUNITARI EN CATARROJA<\/span><\/h2><p>[\/et_pb_text][\/et_pb_column][\/et_pb_row][\/et_pb_section][et_pb_section fb_built=\"1\" fullwidth=\"on\" _builder_version=\"4.27.5\" _module_preset=\"default\" hover_enabled=\"0\" global_colors_info=\"{}\" sticky_enabled=\"0\"][et_pb_fullwidth_image title_text=\"oplus_32\" _builder_version=\"4.27.5\" _module_preset=\"default\" background_image=\"https:\/\/fundacionporlajusticia.org\/wp-content\/uploads\/2026\/03\/IMG20260224172226-scaled.jpg\" min_height=\"600px\" hover_enabled=\"0\" global_colors_info=\"{}\" sticky_enabled=\"0\"][\/et_pb_fullwidth_image][\/et_pb_section][et_pb_section fb_built=\"1\" _builder_version=\"4.27.4\" _module_preset=\"default\" global_colors_info=\"{}\"][et_pb_row _builder_version=\"4.27.4\" _module_preset=\"default\" global_colors_info=\"{}\"][et_pb_column type=\"4_4\" _builder_version=\"4.27.4\" _module_preset=\"default\" global_colors_info=\"{}\"][et_pb_text _builder_version=\"4.27.4\" _module_preset=\"default\" custom_padding=\"||0px|||\" global_colors_info=\"{}\"]<\/p><p><span style=\"font-size: large;\"><strong>T\u00cdTULO: Reactivaci\u00f3n de espacios educativos y comunitarios interrumpidos por la DANA<br \/><\/strong><\/span><\/p><p><span style=\"font-size: large;\"><strong>Financiador: Generalitat Valenciana<br \/>Importe subvenci\u00f3n: 128.186,00\u20ac<br \/>Fecha inicio: 15.01.2026<br \/>Fecha fin: 14.04.2027<br \/><\/strong><\/span><\/p><p>[\/et_pb_text][et_pb_divider _builder_version=\"4.27.4\" _module_preset=\"default\" global_colors_info=\"{}\"][\/et_pb_divider][et_pb_text admin_label=\"Titulo\" _builder_version=\"4.27.5\" _module_preset=\"default\" text_font=\"|700|||||||\" text_text_color=\"#FFFFFF\" text_orientation=\"center\" background_layout=\"dark\" custom_padding=\"7px|||||\" animation_style=\"fold\" hover_enabled=\"0\" global_colors_info=\"{}\" sticky_enabled=\"0\"]<\/p><h2 style=\"text-align: center;\"><span style=\"color: #92857c;\"><i>Descripci\u00f3n del programa<\/i><\/span><i><\/i><\/h2><p>[\/et_pb_text][et_pb_text _builder_version=\"4.27.5\" _module_preset=\"default\" custom_padding=\"||0px|||\" hover_enabled=\"0\" global_colors_info=\"{}\" sticky_enabled=\"0\"]<\/p><p style=\"text-align: justify;\"><span style=\"font-weight: 400;\">Este proyecto tiene como objetivo <\/span><b>reactivar y consolidar un espacio educativo, emocional y comunitario para adolescentes en situaci\u00f3n de vulnerabilidad en Catarroja<\/b><span style=\"font-weight: 400;\">. La DANA provoc\u00f3 la interrupci\u00f3n de este recurso clave del municipio, generando un impacto negativo en el rendimiento acad\u00e9mico, el bienestar emocional y los v\u00ednculos sociales de adolescentes que ya presentaban trayectorias fr\u00e1giles. La propuesta responde a este vac\u00edo, abordando de forma integral las consecuencias educativas, relacionales y comunitarias agravadas tras la emergencia.<\/span><\/p><p style=\"text-align: justify;\"><span style=\"font-weight: 400;\">Durante <\/span><b>15 meses<\/b><span style=\"font-weight: 400;\">, el proyecto ofrecer\u00e1 una intervenci\u00f3n continuada dirigida a <\/span><b>20 adolescentes de ESO<\/b><span style=\"font-weight: 400;\">, identificados y derivados en coordinaci\u00f3n con los Servicios Sociales municipales. Las actividades se estructuran en tres ejes: <\/span><b>refuerzo escolar y orientaci\u00f3n acad\u00e9mica<\/b><span style=\"font-weight: 400;\">, con apoyo educativo diario y acompa\u00f1amiento vocacional para prevenir el abandono temprano; <\/span><b>fortalecimiento emocional y de v\u00ednculos<\/b><span style=\"font-weight: 400;\">, mediante ocio educativo, expresi\u00f3n art\u00edstica, apoyo entre iguales y un campamento de verano; y <\/span><b>sostenibilidad del espacio<\/b><span style=\"font-weight: 400;\">, a trav\u00e9s de un proceso de transferencia progresiva del proyecto a Ca la Mare, garantizando su continuidad m\u00e1s all\u00e1 del periodo subvencionado.<\/span><\/p><p style=\"text-align: justify;\"><span style=\"font-weight: 400;\">La intervenci\u00f3n ser\u00e1 desarrollada por un equipo profesional formado por una psic\u00f3loga y una educadora, con coordinaci\u00f3n t\u00e9cnica de Fundaci\u00f3n por la Justicia (FxJ), e incorporar\u00e1 metodolog\u00edas participativas e inclusivas que fomenten la expresi\u00f3n emocional, la cohesi\u00f3n grupal y la participaci\u00f3n activa de la adolescencia. El enfoque del proyecto se basa en los <\/span><b>Derechos Humanos, la perspectiva de g\u00e9nero y la mirada comunitaria<\/b><span style=\"font-weight: 400;\">, prestando especial atenci\u00f3n a las desigualdades estructurales que afectan a chicas adolescentes y a j\u00f3venes en situaciones de mayor riesgo social o emocional.<\/span><\/p><p>[\/et_pb_text][\/et_pb_column][\/et_pb_row][et_pb_row _builder_version=\"4.27.5\" _module_preset=\"default\" global_colors_info=\"{}\"][et_pb_column type=\"4_4\" _builder_version=\"4.27.5\" _module_preset=\"default\" global_colors_info=\"{}\"][et_pb_button button_url=\"https:\/\/fundacionporlajusticia.org\/colabora\/haz-voluntariado\/\" button_text=\"Haz voluntariado en l'Espai Comunitari de Catarroja\" button_alignment=\"center\" _builder_version=\"4.27.5\" _module_preset=\"default\" custom_button=\"on\" button_text_size=\"18px\" button_text_color=\"#ada39a\" transform_scale=\"105%|105%\" hover_enabled=\"0\" locked=\"off\" global_colors_info=\"{}\" sticky_enabled=\"0\"][\/et_pb_button][\/et_pb_column][\/et_pb_row][\/et_pb_section][et_pb_section fb_built=\"1\" admin_label=\"Secci\u00f3n\" _builder_version=\"4.27.4\" _module_preset=\"default\" background_color=\"#92857c\" background_image=\"https:\/\/fundacionporlajusticia.org\/wp-content\/uploads\/2022\/03\/Fonzo_Verde_Fundacion_baja.jpeg\" locked=\"off\" global_colors_info=\"{}\"][et_pb_row admin_label=\"Como\" _builder_version=\"4.16\" _module_preset=\"default\" collapsed=\"off\" global_colors_info=\"{}\"][et_pb_column type=\"4_4\" _builder_version=\"4.16\" _module_preset=\"default\" global_colors_info=\"{}\"][\/et_pb_column][\/et_pb_row][\/et_pb_section][et_pb_section fb_built=\"1\" _builder_version=\"4.16\" _module_preset=\"default\" global_colors_info=\"{}\"][et_pb_row _builder_version=\"4.16\" _module_preset=\"default\" global_colors_info=\"{}\"][et_pb_column type=\"4_4\" _builder_version=\"4.16\" _module_preset=\"default\" global_colors_info=\"{}\"][et_pb_text admin_label=\"Texto\" _builder_version=\"4.17.1\" _module_preset=\"default\" global_colors_info=\"{}\"]<\/p><h3 style=\"text-align: center;\">Proyectos relacionados<\/h3><p>[\/et_pb_text][et_pb_divider _builder_version=\"4.17.1\" _module_preset=\"default\" global_colors_info=\"{}\"][\/et_pb_divider][et_pb_blog fullwidth=\"off\" posts_number=\"9\" include_categories=\"6\" excerpt_length=\"498\" show_author=\"off\" _builder_version=\"4.17.1\" _module_preset=\"default\" border_radii_image=\"on|10px|10px|10px|10px\" global_colors_info=\"{}\"][\/et_pb_blog][\/et_pb_column][\/et_pb_row][\/et_pb_section]<\/p>","_et_gb_content_width":"","_uf_show_specific_survey":0,"_uf_disable_surveys":false,"footnotes":""},"class_list":["post-14297","page","type-page","status-publish","hentry"],"aioseo_notices":[],"_links":{"self":[{"href":"https:\/\/fundacionporlajusticia.org\/en\/wp-json\/wp\/v2\/pages\/14297","targetHints":{"allow":["GET"]}}],"collection":[{"href":"https:\/\/fundacionporlajusticia.org\/en\/wp-json\/wp\/v2\/pages"}],"about":[{"href":"https:\/\/fundacionporlajusticia.org\/en\/wp-json\/wp\/v2\/types\/page"}],"author":[{"embeddable":true,"href":"https:\/\/fundacionporlajusticia.org\/en\/wp-json\/wp\/v2\/users\/2"}],"replies":[{"embeddable":true,"href":"https:\/\/fundacionporlajusticia.org\/en\/wp-json\/wp\/v2\/comments?post=14297"}],"version-history":[{"count":4,"href":"https:\/\/fundacionporlajusticia.org\/en\/wp-json\/wp\/v2\/pages\/14297\/revisions"}],"predecessor-version":[{"id":14303,"href":"https:\/\/fundacionporlajusticia.org\/en\/wp-json\/wp\/v2\/pages\/14297\/revisions\/14303"}],"up":[{"embeddable":true,"href":"https:\/\/fundacionporlajusticia.org\/en\/wp-json\/wp\/v2\/pages\/880"}],"wp:attachment":[{"href":"https:\/\/fundacionporlajusticia.org\/en\/wp-json\/wp\/v2\/media?parent=14297"}],"curies":[{"name":"wp","href":"https:\/\/api.w.org\/{rel}","templated":true}]}}