{"id":14090,"date":"2026-02-24T13:16:27","date_gmt":"2026-02-24T12:16:27","guid":{"rendered":"https:\/\/fundacionporlajusticia.org\/?page_id=14090"},"modified":"2026-04-08T13:43:34","modified_gmt":"2026-04-08T11:43:34","slug":"voluntariado-en-derechos-humanos","status":"publish","type":"page","link":"https:\/\/fundacionporlajusticia.org\/en\/proyectos\/formacion\/voluntariado-en-derechos-humanos\/","title":{"rendered":"Voluntariado en derechos humanos"},"content":{"rendered":"<p>[et_pb_section fb_built=\u00bb1&#8243; _builder_version=\u00bb4.27.4&#8243; _module_preset=\u00bbdefault\u00bb background_color=\u00bb#92857c\u00bb background_image=\u00bbhttps:\/\/fundacionporlajusticia.org\/wp-content\/uploads\/2022\/03\/Fonzo_Verde_Fundacion_baja.jpeg\u00bb global_colors_info=\u00bb{}\u00bb][et_pb_row admin_label=\u00bbComo\u00bb _builder_version=\u00bb4.16&#8243; _module_preset=\u00bbdefault\u00bb custom_padding=\u00bb||29px|||\u00bb global_colors_info=\u00bb{}\u00bb][et_pb_column type=\u00bb4_4&#8243; _builder_version=\u00bb4.16&#8243; _module_preset=\u00bbdefault\u00bb global_colors_info=\u00bb{}\u00bb][et_pb_text admin_label=\u00bbTitulo\u00bb _builder_version=\u00bb4.27.5&#8243; _module_preset=\u00bbdefault\u00bb text_font=\u00bb|700|||||||\u00bb text_text_color=\u00bb#FFFFFF\u00bb text_orientation=\u00bbcenter\u00bb background_layout=\u00bbdark\u00bb custom_padding=\u00bb7px|||||\u00bb animation_style=\u00bbfold\u00bb global_colors_info=\u00bb{}\u00bb]<\/p>\n<h2 style=\"text-align: center;\"><span style=\"color: #92857c;\">VOLUNTARIADO EN DERECHOS HUMANOS<\/span><\/h2>\n<p>[\/et_pb_text][\/et_pb_column][\/et_pb_row][\/et_pb_section][et_pb_section fb_built=\u00bb1&#8243; fullwidth=\u00bbon\u00bb _builder_version=\u00bb4.27.5&#8243; _module_preset=\u00bbdefault\u00bb global_colors_info=\u00bb{}\u00bb][et_pb_fullwidth_image title_text=\u00bbVoluntariado\u00bb _builder_version=\u00bb4.27.5&#8243; _module_preset=\u00bbdefault\u00bb background_image=\u00bbhttps:\/\/fundacionporlajusticia.org\/wp-content\/uploads\/2026\/02\/Voluntariado-e1771934731808.jpg\u00bb parallax=\u00bbon\u00bb min_height=\u00bb600px\u00bb global_colors_info=\u00bb{}\u00bb][\/et_pb_fullwidth_image][\/et_pb_section][et_pb_section fb_built=\u00bb1&#8243; _builder_version=\u00bb4.27.4&#8243; _module_preset=\u00bbdefault\u00bb global_colors_info=\u00bb{}\u00bb][et_pb_row _builder_version=\u00bb4.27.4&#8243; _module_preset=\u00bbdefault\u00bb global_colors_info=\u00bb{}\u00bb][et_pb_column type=\u00bb4_4&#8243; _builder_version=\u00bb4.27.4&#8243; _module_preset=\u00bbdefault\u00bb global_colors_info=\u00bb{}\u00bb][et_pb_text _builder_version=\u00bb4.27.5&#8243; _module_preset=\u00bbdefault\u00bb custom_padding=\u00bb||0px|||\u00bb global_colors_info=\u00bb{}\u00bb]<\/p>\n<p><strong><span style=\"font-size: large;\">T\u00cdTULO: Voluntariado de la Comunitat Valenciana comprometido y formado en Derechos Humanos y Objetivos de Desarrollo Sostenible.- Horizonte 2030<\/span><\/strong><\/p>\n<p><span style=\"font-size: large;\"><strong>Financiador: Generalitat Valenciana<\/strong><\/span><br \/><span style=\"font-size: large;\"><strong>Importe subvenci\u00f3n: 31.764,52 \u20ac<\/strong><\/span><br \/><span style=\"font-size: large;\"><strong>Fecha inicio: 01\/05\/2021<\/strong><\/span><br \/><span style=\"font-size: large;\"><strong>Fecha fin: 29\/04\/2022<\/strong><\/span><\/p>\n<p>[\/et_pb_text][et_pb_divider _builder_version=\u00bb4.27.4&#8243; _module_preset=\u00bbdefault\u00bb global_colors_info=\u00bb{}\u00bb][\/et_pb_divider][et_pb_text admin_label=\u00bbTitulo\u00bb _builder_version=\u00bb4.27.5&#8243; _module_preset=\u00bbdefault\u00bb text_font=\u00bb|700|||||||\u00bb text_text_color=\u00bb#FFFFFF\u00bb text_orientation=\u00bbcenter\u00bb background_layout=\u00bbdark\u00bb custom_padding=\u00bb7px|||||\u00bb animation_style=\u00bbfold\u00bb global_colors_info=\u00bb{}\u00bb]<\/p>\n<h2 style=\"text-align: center;\"><span style=\"color: #92857c;\"><i>Descripci\u00f3n del programa<\/i><\/span><\/h2>\n<p>[\/et_pb_text][et_pb_text _builder_version=\u00bb4.27.4&#8243; _module_preset=\u00bbdefault\u00bb custom_padding=\u00bb||0px|||\u00bb global_colors_info=\u00bb{}\u00bb]<\/p>\n<p style=\"text-align: justify;\"><span style=\"font-weight: 400;\">El presente proyecto pretende que todas aquellas personas voluntarias que se han integrado en una entidad del tercer sector de la Comunitat Valenciana, comprometida en la defensa y promoci\u00f3n de los derechos humanos, que con su labor ayudan de modo altruista en las diversas actividades sociales llevadas a cabo en el seno de la misma, se apropien de los objetivos globales de la Agenda 2030.<\/span><\/p>\n<p style=\"text-align: justify;\"><span style=\"font-weight: 400;\"><strong>La Agenda 2030<\/strong> reconoce expl\u00edcitamente que el <strong>voluntariado puede apoyar el desarrollo sostenible<\/strong> mediante la apropiaci\u00f3n a nivel local de los ODS. Siendo la desigualdad uno de los desaf\u00edos m\u00e1s importantes que frena el progreso hacia el logro de los ODS, el voluntariado tiene un enorme potencial para involucrar, ya sea como voluntarios o beneficiarios, a los grupos que a menudo son excluidos. El voluntariado tambi\u00e9n trabaja para promover la sostenibilidad ambiental y empoderar a las mujeres, superando la desigualdad de g\u00e9nero, ayud\u00e1ndoles a adquirir valiosas habilidades de liderazgo, conocimiento y confianza para desafiar las normas de g\u00e9nero tradicionales.<\/span><\/p>\n<p style=\"text-align: justify;\"><span style=\"font-weight: 400;\">Dado que cada vez es m\u00e1s notable la participaci\u00f3n del voluntariado en las entidades que conforman la sociedad civil, desde FxJ hemos querido aprovechar al m\u00e1ximo su potencial como aceleradores del progreso de los ODS. Creemos que el <strong>voluntariado constituye un poderoso medio para comprometer a todas las personas al trabajo conjunto para el logro de la Agenda 2030 y sus ODS<\/strong>, animando a emprender acciones clim\u00e1ticas y asistencias t\u00e9cnicas que contribuyan en la medida de lo posible a alcanzar un mundo libre de pobreza, hambre, desigualdad y guerra.<\/span><\/p>\n<p style=\"text-align: justify;\"><span style=\"font-weight: 400;\">Sin duda, a trav\u00e9s del voluntariado las personas forman parte de la implementaci\u00f3n de los ODS al proveer de servicios b\u00e1sicos, transferir sus conocimientos, y emplear m\u00e9todos eficientes para la sensibilizaci\u00f3n y monitoreo de su progreso.<\/span><\/p>\n<p style=\"text-align: justify;\"><span style=\"font-weight: 400;\">Para llevar a cabo esta labor, las personas voluntarias deben contar con el apoyo adecuado y estar plenamente integrados en los esfuerzos para la consecuci\u00f3n de la Agenda 2030. Es por ello que desde FxJ hemos querido lanzar esta <strong>propuesta formativa en Derechos Humanos y Objetivos de Desarrollo Sostenible,<\/strong> con el fin impulsar una herramienta eficaz que asuma la complejidad de los ODS y combata el desconocimiento del voluntariado acerca de la Agenda 2030. De este modo, nos aseguramos que las personas voluntarias est\u00e9n suficientemente capacitadas para presentar soluciones adecuadas a los enormes desaf\u00edos que enfrentan en la actualidad, desempe\u00f1ando un papel a\u00fan m\u00e1s relevante en el logro de los ODS.<\/span><\/p>\n<p style=\"text-align: justify;\"><span style=\"font-weight: 400;\">El potencial del voluntariado como medio de apropiaci\u00f3n de la Agenda 2030 se incrementar\u00e1 no solo por medio de la metodolog\u00eda aprendizaje-servicio, incorporada en el curso de formaci\u00f3n, sino tambi\u00e9n a trav\u00e9s de la generaci\u00f3n de alianzas con otras entidades del tercer sector, que permitir\u00e1n la creaci\u00f3n de nuevos canales y oportunidades para una m\u00e1s amplia incorporaci\u00f3n de personas voluntarias y la construcci\u00f3n de una red de voluntariado sensibilizado y cr\u00edtico, implicado en el logro de la Agenda 2030. Comunicar desde lo local nos permite empezar a cumplir con uno de los fundamentos de los ODS: <strong>La inclusi\u00f3n social, bajo el lema de \u201cno dejar a nadie atr\u00e1s\u201d.<\/strong><\/span><\/p>\n<p style=\"text-align: justify;\">\n<p>[\/et_pb_text][\/et_pb_column][\/et_pb_row][et_pb_row _builder_version=\u00bb4.27.4&#8243; _module_preset=\u00bbdefault\u00bb global_colors_info=\u00bb{}\u00bb][et_pb_column type=\u00bb4_4&#8243; _builder_version=\u00bb4.27.4&#8243; _module_preset=\u00bbdefault\u00bb global_colors_info=\u00bb{}\u00bb][et_pb_button button_url=\u00bbhttps:\/\/fundacionporlajusticia.org\/colabora\/haz-voluntariado\/\u00bb button_text=\u00bbHaz voluntariado\u00bb button_alignment=\u00bbcenter\u00bb _builder_version=\u00bb4.27.5&#8243; _module_preset=\u00bbdefault\u00bb custom_button=\u00bbon\u00bb button_text_size=\u00bb18px\u00bb button_text_color=\u00bb#ada39a\u00bb transform_scale=\u00bb105%|105%\u00bb global_colors_info=\u00bb{}\u00bb][\/et_pb_button][et_pb_button button_url=\u00bbhttps:\/\/fundacionporlajusticia.org\/wp-content\/uploads\/2022\/04\/Rol_del_Voluntariado_para_conseguir_ODS.pdf\u00bb button_text=\u00bbGu\u00eda pr\u00e1ctica sobre el rol del voluntariado para la consecuci\u00f3n de los ODS\u00bb button_alignment=\u00bbcenter\u00bb _builder_version=\u00bb4.27.5&#8243; _module_preset=\u00bbdefault\u00bb custom_button=\u00bbon\u00bb button_text_size=\u00bb18px\u00bb button_text_color=\u00bb#ada39a\u00bb transform_scale=\u00bb105%|105%\u00bb global_colors_info=\u00bb{}\u00bb][\/et_pb_button][\/et_pb_column][\/et_pb_row][\/et_pb_section][et_pb_section fb_built=\u00bb1&#8243; admin_label=\u00bbSecci\u00f3n\u00bb _builder_version=\u00bb4.27.4&#8243; _module_preset=\u00bbdefault\u00bb background_color=\u00bb#92857c\u00bb background_image=\u00bbhttps:\/\/fundacionporlajusticia.org\/wp-content\/uploads\/2022\/03\/Fonzo_Verde_Fundacion_baja.jpeg\u00bb locked=\u00bboff\u00bb global_colors_info=\u00bb{}\u00bb][et_pb_row admin_label=\u00bbComo\u00bb _builder_version=\u00bb4.16&#8243; _module_preset=\u00bbdefault\u00bb collapsed=\u00bboff\u00bb global_colors_info=\u00bb{}\u00bb][et_pb_column type=\u00bb4_4&#8243; _builder_version=\u00bb4.16&#8243; _module_preset=\u00bbdefault\u00bb global_colors_info=\u00bb{}\u00bb][\/et_pb_column][\/et_pb_row][\/et_pb_section][et_pb_section fb_built=\u00bb1&#8243; _builder_version=\u00bb4.16&#8243; _module_preset=\u00bbdefault\u00bb global_colors_info=\u00bb{}\u00bb][et_pb_row _builder_version=\u00bb4.16&#8243; _module_preset=\u00bbdefault\u00bb global_colors_info=\u00bb{}\u00bb][et_pb_column type=\u00bb4_4&#8243; _builder_version=\u00bb4.16&#8243; _module_preset=\u00bbdefault\u00bb global_colors_info=\u00bb{}\u00bb][et_pb_text admin_label=\u00bbTexto\u00bb _builder_version=\u00bb4.17.1&#8243; _module_preset=\u00bbdefault\u00bb global_colors_info=\u00bb{}\u00bb]<\/p>\n<h3 style=\"text-align: center;\">Proyectos relacionados<\/h3>\n<p>[\/et_pb_text][et_pb_divider _builder_version=\u00bb4.17.1&#8243; _module_preset=\u00bbdefault\u00bb global_colors_info=\u00bb{}\u00bb][\/et_pb_divider][et_pb_blog fullwidth=\u00bboff\u00bb posts_number=\u00bb9&#8243; include_categories=\u00bb6&#8243; excerpt_length=\u00bb498&#8243; show_author=\u00bboff\u00bb _builder_version=\u00bb4.17.1&#8243; _module_preset=\u00bbdefault\u00bb border_radii_image=\u00bbon|10px|10px|10px|10px\u00bb global_colors_info=\u00bb{}\u00bb][\/et_pb_blog][\/et_pb_column][\/et_pb_row][\/et_pb_section]<\/p>\n","protected":false},"excerpt":{"rendered":"<p>VOLUNTARIADO EN DERECHOS HUMANOST\u00cdTULO: Voluntariado de la Comunitat Valenciana comprometido y formado en Derechos Humanos y Objetivos de Desarrollo Sostenible.- Horizonte 2030 Financiador: Generalitat ValencianaImporte subvenci\u00f3n: 31.764,52 \u20acFecha inicio: 01\/05\/2021Fecha fin: 29\/04\/2022Descripci\u00f3n del programa El presente proyecto pretende que todas aquellas personas voluntarias que se han integrado en una entidad del tercer sector de la [&hellip;]<\/p>\n","protected":false},"author":2,"featured_media":0,"parent":885,"menu_order":0,"comment_status":"closed","ping_status":"closed","template":"","meta":{"_et_pb_use_builder":"on","_et_pb_old_content":"<p>[et_pb_section fb_built=\"1\" _builder_version=\"4.27.4\" _module_preset=\"default\" background_color=\"#92857c\" background_image=\"https:\/\/fundacionporlajusticia.org\/wp-content\/uploads\/2022\/03\/Fonzo_Verde_Fundacion_baja.jpeg\" global_colors_info=\"{}\"][et_pb_row admin_label=\"Como\" _builder_version=\"4.16\" _module_preset=\"default\" custom_padding=\"||29px|||\" global_colors_info=\"{}\"][et_pb_column type=\"4_4\" _builder_version=\"4.16\" _module_preset=\"default\" global_colors_info=\"{}\"][et_pb_text admin_label=\"Titulo\" _builder_version=\"4.27.4\" _module_preset=\"default\" text_font=\"|700|||||||\" text_text_color=\"#FFFFFF\" text_orientation=\"center\" background_layout=\"dark\" custom_padding=\"7px|||||\" animation_style=\"fold\" global_colors_info=\"{}\"]<\/p><h2 style=\"text-align: center;\"><span style=\"color: #92857c;\">ABORDAMOS CONFLICTOS ARMADOS DEL SUR PARA <\/span><\/h2><h2 style=\"text-align: center;\"><span style=\"color: #92857c;\">GENERAR CULTURA DE PAZ DESDE EL NORTE<\/span><\/h2><p>[\/et_pb_text][\/et_pb_column][\/et_pb_row][\/et_pb_section][et_pb_section fb_built=\"1\" fullwidth=\"on\" _builder_version=\"4.27.4\" _module_preset=\"default\" global_colors_info=\"{}\"][et_pb_fullwidth_image title_text=\"WhatsApp Image 2025-04-17 at 11.54.48\" _builder_version=\"4.27.4\" _module_preset=\"default\" background_image=\"https:\/\/fundacionporlajusticia.org\/wp-content\/uploads\/2025\/04\/WhatsApp-Image-2025-04-17-at-11.54.48-e1758803986251.jpeg\" parallax=\"on\" min_height=\"600px\" global_colors_info=\"{}\"][\/et_pb_fullwidth_image][\/et_pb_section][et_pb_section fb_built=\"1\" _builder_version=\"4.27.4\" _module_preset=\"default\" global_colors_info=\"{}\"][et_pb_row _builder_version=\"4.27.4\" _module_preset=\"default\" global_colors_info=\"{}\"][et_pb_column type=\"4_4\" _builder_version=\"4.27.4\" _module_preset=\"default\" global_colors_info=\"{}\"][et_pb_text _builder_version=\"4.27.4\" _module_preset=\"default\" custom_padding=\"||0px|||\" global_colors_info=\"{}\"]<\/p><p><span style=\"font-size: large;\"><strong>T\u00cdTULO: Abordamos conflictos armados del Sur para generar cultura de paz desde el Norte<\/strong><\/span><\/p><p><span style=\"font-size: large;\"><strong>Financiador: Generalitat Valenciana, CVONGD y Caixa Popular<\/strong><\/span><br \/><span style=\"font-size: large;\"><strong>Presupuesto total: 99.402 \u20ac<\/strong><\/span><br \/><span style=\"font-size: large;\"><strong>Importe subvenci\u00f3n: 92.408 \u20ac (GVA) + 3.034 \u20ac (CVONGD + Caixa Popular)<\/strong><\/span><br \/><span style=\"font-size: large;\"><strong>Fecha inicio: 01\/01\/2025<\/strong><\/span><br \/><span style=\"font-size: large;\"><strong>Fecha fin: 31\/12\/2025<\/strong><\/span><\/p><p>\u00a0<\/p><p>[\/et_pb_text][et_pb_divider _builder_version=\"4.27.4\" _module_preset=\"default\" global_colors_info=\"{}\"][\/et_pb_divider][et_pb_text admin_label=\"Titulo\" _builder_version=\"4.27.5\" _module_preset=\"default\" text_font=\"|700|||||||\" text_text_color=\"#FFFFFF\" text_orientation=\"center\" background_layout=\"dark\" custom_padding=\"7px|||||\" animation_style=\"fold\" hover_enabled=\"0\" global_colors_info=\"{}\" sticky_enabled=\"0\"]<\/p><h2 style=\"text-align: center;\"><span style=\"color: #92857c;\"><i>Descripci\u00f3n del programa<\/i><\/span><\/h2><p>[\/et_pb_text][et_pb_text _builder_version=\"4.27.4\" _module_preset=\"default\" custom_padding=\"||0px|||\" global_colors_info=\"{}\"]<\/p><p style=\"text-align: justify;\"><span style=\"font-weight: 400;\">En un contexto global marcado por el aumento de la violencia, las migraciones forzadas, la emergencia clim\u00e1tica y la expansi\u00f3n de la desinformaci\u00f3n, se hace cada vez m\u00e1s urgente promover una ciudadan\u00eda comprometida con la defensa de los derechos humanos y la construcci\u00f3n de paz. Frente a esta necesidad, Fundaci\u00f3n por la Justicia impulsa un proyecto de Educaci\u00f3n para la Ciudadan\u00eda Global centrado en los conflictos armados del Sur Global, con un enfoque basado en derechos humanos y cultura de paz. Tomando como referencia el caso de Colombia, la iniciativa busca generar conciencia cr\u00edtica sobre la complejidad de estos conflictos, sus causas estructurales, sus consecuencias sociales y la responsabilidad compartida que tiene tambi\u00e9n el Norte Global.<\/span><\/p><p style=\"text-align: justify;\"><span style=\"font-weight: 400;\">A trav\u00e9s de una programaci\u00f3n diversa de actividades, el proyecto crea espacios de reflexi\u00f3n y debate abiertos a la ciudadan\u00eda valenciana, poniendo en valor las voces de personas expertas, activistas, organizaciones sociales y, especialmente, los testimonios de personas afectadas por situaciones de conflicto. Se promueve as\u00ed una comprensi\u00f3n profunda de las din\u00e1micas de la guerra y sus impactos, pero tambi\u00e9n de las posibilidades de transformaci\u00f3n social desde la participaci\u00f3n ciudadana y el trabajo en red. La producci\u00f3n y difusi\u00f3n de materiales audiovisuales de car\u00e1cter testimonial desempe\u00f1a un papel central, no solo como herramienta de sensibilizaci\u00f3n, sino tambi\u00e9n como medio de empoderamiento de quienes han vivido directamente estas realidades.<\/span><\/p><p style=\"text-align: justify;\"><span style=\"font-weight: 400;\">El proyecto pone un foco especial en la juventud, tanto valenciana como colombiana, a trav\u00e9s de talleres educativos, procesos participativos de creaci\u00f3n audiovisual y una jornada de reflexi\u00f3n espec\u00edficamente dirigida a este colectivo. Adem\u00e1s, incorpora acciones para garantizar la accesibilidad y la inclusi\u00f3n de personas y colectivos en situaci\u00f3n de vulnerabilidad, al tiempo que refuerza alianzas con instituciones p\u00fablicas, entidades sociales y actores clave en el \u00e1mbito de los derechos humanos. Esta iniciativa se desarrolla en paralelo al XVI Humans Fest, que en esa edici\u00f3n aborda precisamente la tem\u00e1tica de los conflictos armados y la cultura de paz, ampliando su impacto y alcance social. Con todo ello, se busca contribuir al fortalecimiento de una ciudadan\u00eda cr\u00edtica, global y diversa, capaz de incidir en la promoci\u00f3n de pol\u00edticas p\u00fablicas orientadas a la paz y la justicia social, sin dejar a nadie atr\u00e1s.<\/span><\/p><p>[\/et_pb_text][\/et_pb_column][\/et_pb_row][et_pb_row _builder_version=\"4.27.4\" _module_preset=\"default\" global_colors_info=\"{}\"][et_pb_column type=\"4_4\" _builder_version=\"4.27.4\" _module_preset=\"default\" global_colors_info=\"{}\"][et_pb_button button_text=\"Evaluaci\u00f3n externa del proyecto (pr\u00f3ximamente)\" button_alignment=\"center\" _builder_version=\"4.27.4\" _module_preset=\"default\" custom_button=\"on\" button_text_size=\"18px\" button_text_color=\"#ada39a\" transform_scale=\"105%|105%\" global_colors_info=\"{}\"][\/et_pb_button][et_pb_button button_url=\"https:\/\/humansmedia.org\/pages\/video\/67d0652d-a2d1-4837-adfb-5edbddb4bcb3\" button_text=\"V\u00eddeo participativo 'Manual de empadronamiento'\" button_alignment=\"center\" _builder_version=\"4.27.4\" _module_preset=\"default\" custom_button=\"on\" button_text_size=\"18px\" button_text_color=\"#ada39a\" transform_scale=\"105%|105%\" global_colors_info=\"{}\"][\/et_pb_button][et_pb_button button_url=\"https:\/\/humansmedia.org\/pages\/video\/1c03a2c2-3b86-438f-ba84-ace881208dfb\" button_text=\"V\u00eddeo participativo 'Cuchara caliente, aj\u00ed picante'\" button_alignment=\"center\" _builder_version=\"4.27.4\" _module_preset=\"default\" custom_button=\"on\" button_text_size=\"18px\" button_text_color=\"#ada39a\" transform_scale=\"105%|105%\" global_colors_info=\"{}\"][\/et_pb_button][et_pb_button button_url=\"https:\/\/humansmedia.org\/pages\/video\/50523e97-36ec-46ad-aa70-823038f19d91\" button_text=\"V\u00eddeo participativo 'Las chicas de la calle revoluci\u00f3n'\" button_alignment=\"center\" _builder_version=\"4.27.4\" _module_preset=\"default\" custom_button=\"on\" button_text_size=\"18px\" button_text_color=\"#ada39a\" transform_scale=\"105%|105%\" global_colors_info=\"{}\"][\/et_pb_button][et_pb_button button_url=\"https:\/\/humansmedia.org\/pages\/video\/352b4637-680b-4188-a0f5-bdf3b20f5458\" button_text=\"V\u00eddeo participativo 'Idiomas: identidad y memoria'\" button_alignment=\"center\" _builder_version=\"4.27.4\" _module_preset=\"default\" custom_button=\"on\" button_text_size=\"18px\" button_text_color=\"#ada39a\" transform_scale=\"105%|105%\" global_colors_info=\"{}\"][\/et_pb_button][et_pb_button button_url=\"https:\/\/youtube.com\/playlist?list=PLTf-20K_nb7L0o4uuMK77B7gKxYIdH39G&si=AurHw7dndfaQJduO\" url_new_window=\"on\" button_text=\"V\u00eddeos participativos realizados en Colombia\" button_alignment=\"center\" _builder_version=\"4.27.5\" _module_preset=\"default\" custom_button=\"on\" button_text_size=\"18px\" button_text_color=\"#ada39a\" transform_scale=\"105%|105%\" global_colors_info=\"{}\"][\/et_pb_button][\/et_pb_column][\/et_pb_row][\/et_pb_section][et_pb_section fb_built=\"1\" admin_label=\"Secci\u00f3n\" _builder_version=\"4.27.4\" _module_preset=\"default\" background_color=\"#92857c\" background_image=\"https:\/\/fundacionporlajusticia.org\/wp-content\/uploads\/2022\/03\/Fonzo_Verde_Fundacion_baja.jpeg\" locked=\"off\" global_colors_info=\"{}\"][et_pb_row admin_label=\"Como\" _builder_version=\"4.16\" _module_preset=\"default\" collapsed=\"off\" global_colors_info=\"{}\"][et_pb_column type=\"4_4\" _builder_version=\"4.16\" _module_preset=\"default\" global_colors_info=\"{}\"][\/et_pb_column][\/et_pb_row][\/et_pb_section][et_pb_section fb_built=\"1\" _builder_version=\"4.16\" _module_preset=\"default\" global_colors_info=\"{}\"][et_pb_row _builder_version=\"4.16\" _module_preset=\"default\" global_colors_info=\"{}\"][et_pb_column type=\"4_4\" _builder_version=\"4.16\" _module_preset=\"default\" global_colors_info=\"{}\"][et_pb_text admin_label=\"Texto\" _builder_version=\"4.17.1\" _module_preset=\"default\" global_colors_info=\"{}\"]<\/p><h3 style=\"text-align: center;\">Proyectos relacionados<\/h3><p>[\/et_pb_text][et_pb_divider _builder_version=\"4.17.1\" _module_preset=\"default\" global_colors_info=\"{}\"][\/et_pb_divider][et_pb_blog fullwidth=\"off\" posts_number=\"9\" include_categories=\"6\" excerpt_length=\"498\" show_author=\"off\" _builder_version=\"4.17.1\" _module_preset=\"default\" border_radii_image=\"on|10px|10px|10px|10px\" global_colors_info=\"{}\"][\/et_pb_blog][\/et_pb_column][\/et_pb_row][\/et_pb_section]<\/p>","_et_gb_content_width":"","_uf_show_specific_survey":0,"_uf_disable_surveys":false,"footnotes":""},"class_list":["post-14090","page","type-page","status-publish","hentry"],"aioseo_notices":[],"_links":{"self":[{"href":"https:\/\/fundacionporlajusticia.org\/en\/wp-json\/wp\/v2\/pages\/14090","targetHints":{"allow":["GET"]}}],"collection":[{"href":"https:\/\/fundacionporlajusticia.org\/en\/wp-json\/wp\/v2\/pages"}],"about":[{"href":"https:\/\/fundacionporlajusticia.org\/en\/wp-json\/wp\/v2\/types\/page"}],"author":[{"embeddable":true,"href":"https:\/\/fundacionporlajusticia.org\/en\/wp-json\/wp\/v2\/users\/2"}],"replies":[{"embeddable":true,"href":"https:\/\/fundacionporlajusticia.org\/en\/wp-json\/wp\/v2\/comments?post=14090"}],"version-history":[{"count":9,"href":"https:\/\/fundacionporlajusticia.org\/en\/wp-json\/wp\/v2\/pages\/14090\/revisions"}],"predecessor-version":[{"id":14322,"href":"https:\/\/fundacionporlajusticia.org\/en\/wp-json\/wp\/v2\/pages\/14090\/revisions\/14322"}],"up":[{"embeddable":true,"href":"https:\/\/fundacionporlajusticia.org\/en\/wp-json\/wp\/v2\/pages\/885"}],"wp:attachment":[{"href":"https:\/\/fundacionporlajusticia.org\/en\/wp-json\/wp\/v2\/media?parent=14090"}],"curies":[{"name":"wp","href":"https:\/\/api.w.org\/{rel}","templated":true}]}}