{"id":14041,"date":"2026-02-23T14:16:08","date_gmt":"2026-02-23T13:16:08","guid":{"rendered":"https:\/\/fundacionporlajusticia.org\/?page_id=14041"},"modified":"2026-02-23T14:16:20","modified_gmt":"2026-02-23T13:16:20","slug":"futuros-en-libertad-defensoras-de-ddhh-2026","status":"publish","type":"page","link":"https:\/\/fundacionporlajusticia.org\/en\/proyectos\/sensibilizacion\/futuros-en-libertad-defensoras-ddhh\/futuros-en-libertad-defensoras-de-ddhh-2026\/","title":{"rendered":"Futures in Freedom. Women Human Rights Defenders (2026)"},"content":{"rendered":"<p>[et_pb_section fb_built=\u00bb1&#8243; _builder_version=\u00bb4.27.4&#8243; _module_preset=\u00bbdefault\u00bb background_color=\u00bb#92857c\u00bb background_image=\u00bbhttps:\/\/fundacionporlajusticia.org\/wp-content\/uploads\/2022\/03\/Fonzo_Verde_Fundacion_baja.jpeg\u00bb global_colors_info=\u00bb{}\u00bb][et_pb_row admin_label=\u00bbComo\u00bb _builder_version=\u00bb4.16&#8243; _module_preset=\u00bbdefault\u00bb custom_padding=\u00bb||29px|||\u00bb global_colors_info=\u00bb{}\u00bb][et_pb_column type=\u00bb4_4&#8243; _builder_version=\u00bb4.16&#8243; _module_preset=\u00bbdefault\u00bb global_colors_info=\u00bb{}\u00bb][et_pb_text admin_label=\u00bbTitulo\u00bb _builder_version=\u00bb4.27.4&#8243; _module_preset=\u00bbdefault\u00bb text_font=\u00bb|700|||||||\u00bb text_text_color=\u00bb#FFFFFF\u00bb text_orientation=\u00bbcenter\u00bb background_layout=\u00bbdark\u00bb custom_padding=\u00bb7px|||||\u00bb animation_style=\u00bbfold\u00bb global_colors_info=\u00bb{}\u00bb]<\/p>\n<h2 style=\"text-align: center;\"><span style=\"color: #92857c;\">FUTUROS EN LIBERTAD. DEFENSORAS DDHH (2026)<\/span><i><\/i><\/h2>\n<p>[\/et_pb_text][et_pb_text admin_label=\u00bbTitulo\u00bb _builder_version=\u00bb4.27.4&#8243; _module_preset=\u00bbdefault\u00bb text_font=\u00bb|700|||||||\u00bb text_text_color=\u00bb#FFFFFF\u00bb text_orientation=\u00bbcenter\u00bb background_layout=\u00bbdark\u00bb custom_padding=\u00bb7px|||||\u00bb animation_style=\u00bbfold\u00bb global_colors_info=\u00bb{}\u00bb]<\/p>\n<h2><em><span style=\"color: #92857c;\"><span style=\"font-size: medium;\">Voces comprometidas. Defendemos la libertad de expresi\u00f3n e informaci\u00f3n en Centroam\u00e9rica<br \/><\/span><\/span><\/em><\/h2>\n<p>&nbsp;<\/p>\n<p>[\/et_pb_text][\/et_pb_column][\/et_pb_row][\/et_pb_section][et_pb_section fb_built=\u00bb1&#8243; _builder_version=\u00bb4.27.4&#8243; _module_preset=\u00bbdefault\u00bb global_colors_info=\u00bb{}\u00bb][et_pb_row _builder_version=\u00bb4.27.4&#8243; _module_preset=\u00bbdefault\u00bb global_colors_info=\u00bb{}\u00bb][et_pb_column type=\u00bb4_4&#8243; _builder_version=\u00bb4.27.4&#8243; _module_preset=\u00bbdefault\u00bb global_colors_info=\u00bb{}\u00bb][et_pb_text _builder_version=\u00bb4.27.4&#8243; _module_preset=\u00bbdefault\u00bb custom_padding=\u00bb||0px|||\u00bb global_colors_info=\u00bb{}\u00bb]<\/p>\n<p><span style=\"font-size: large;\"><strong><span style=\"font-weight: 400;\">25.000\u20ac<\/span>T\u00cdTULO: Voces del exilio. Consecuencias del conflicto en Colombia para activistas de Derechos Humanos<\/strong><\/span><\/p>\n<p><span style=\"font-size: large;\"><strong>Financiador: Ayuntamiento de Val\u00e8ncia <\/strong><\/span><br \/><span style=\"font-size: large;\"><strong>Presupuesto total: 31.287\u20ac<\/strong><\/span><br \/><span style=\"font-size: large;\"><strong>Importe subvenci\u00f3n: 25.000\u20ac<\/strong><\/span><br \/><span style=\"font-size: large;\"><strong>Fecha inicio: 04\/02\/2026<\/strong><\/span><br \/><span style=\"font-size: large;\"><strong>Fecha fin: 31\/12\/2026<\/strong><\/span><\/p>\n<p>&nbsp;<\/p>\n<p>[\/et_pb_text][et_pb_text admin_label=\u00bbTitulo\u00bb _builder_version=\u00bb4.27.5&#8243; _module_preset=\u00bbdefault\u00bb text_font=\u00bb|700|||||||\u00bb text_text_color=\u00bb#FFFFFF\u00bb text_orientation=\u00bbcenter\u00bb background_layout=\u00bbdark\u00bb custom_padding=\u00bb7px|||||\u00bb animation_style=\u00bbfold\u00bb hover_enabled=\u00bb0&#8243; global_colors_info=\u00bb{}\u00bb sticky_enabled=\u00bb0&#8243;]<\/p>\n<h2 style=\"text-align: center;\"><span style=\"color: #92857c;\"><i>Resumen<\/i><\/span><i><\/i><\/h2>\n<p>[\/et_pb_text][et_pb_text _builder_version=\u00bb4.27.5&#8243; _module_preset=\u00bbdefault\u00bb custom_padding=\u00bb||0px|||\u00bb hover_enabled=\u00bb0&#8243; global_colors_info=\u00bb{}\u00bb sticky_enabled=\u00bb0&#8243;]<\/p>\n<p><span style=\"font-weight: 400;\">El presente proyecto parte de un diagn\u00f3stico claro: en la ciudad de Val\u00e8ncia existe un profundo desconocimiento sobre la grave situaci\u00f3n de amenaza y vulneraci\u00f3n del derecho a la libertad de expresi\u00f3n e informaci\u00f3n en Centroam\u00e9rica, especialmente en pa\u00edses como El Salvador o Nicaragua. Esta desconexi\u00f3n, unida a una escasa movilizaci\u00f3n social y a una d\u00e9bil articulaci\u00f3n entre actores locales, dificulta la implicaci\u00f3n activa de la ciudadan\u00eda valenciana en la denuncia de esta realidad. A su vez, esto perpet\u00faa la vulneraci\u00f3n de este derecho fundamental, no solo a nivel regional, sino tambi\u00e9n global, con consecuencias tan graves como el retroceso democr\u00e1tico o la polarizaci\u00f3n de nuestras sociedades.<\/span><\/p>\n<p><span style=\"font-weight: 400;\">Frente a este contexto, la intervenci\u00f3n busca fortalecer el compromiso de una ciudadan\u00eda valenciana cr\u00edtica y global con la defensa de la libertad de prensa. Para ello, se han dise\u00f1ado una serie de actuaciones formativas, comunicativas y de sensibilizaci\u00f3n e incidencia que combinan los testimonios de periodistas centroamericanas y centroamericanos con espacios de reflexi\u00f3n colectiva, intercambio de saberes y procesos de formaci\u00f3n (formal e informal) sobre las causas estructurales de las desigualdades y las interdependencias Norte-Sur. Estas actividades promueven procesos participativos e interactivos, que acercan realidades habitualmente silenciadas, generan empat\u00eda y conciencia cr\u00edtica, y contribuyen a activar la movilizaci\u00f3n social en defensa de la libertad de prensa, como v\u00eda para avanzar hacia sociedades m\u00e1s justas, equitativas y democr\u00e1ticas.<\/span><\/p>\n<p><span style=\"font-weight: 400;\">La poblaci\u00f3n destinataria directa asciende a unas 351 personas de la ciudad de Val\u00e8ncia, incluyendo 240 estudiantes de secundaria, 60 universitarios\/as, 30 docentes, al menos 15 profesionales del periodismo y la comunicaci\u00f3n y representantes de al menos 6 entidades sociales. Se espera un impacto indirecto en m\u00e1s de 8.500 personas a trav\u00e9s de redes sociales, acciones educativas multiplicadoras, uso de materiales formativos y difusi\u00f3n institucional.<\/span><\/p>\n<p><span style=\"font-weight: 400;\">El objetivo general del proyecto es contribuir a la construcci\u00f3n de una ciudadan\u00eda valenciana cr\u00edtica y global, comprometida con la defensa de los DDHH y, concretamente, de la libertad de expresi\u00f3n e informaci\u00f3n como pilares para un desarrollo humano sostenible, conectando las realidades locales con las del Sur Global. Como objetivo espec\u00edfico, se propone fortalecer el compromiso de la ciudadan\u00eda valenciana en la defensa de la libertad de prensa como derecho fundamental, visibilizando la situaci\u00f3n de amenaza que enfrentan periodistas y personas defensoras de DDHH en Centroam\u00e9rica, y c\u00f3mo estas vulneraciones contribuyen al retroceso democr\u00e1tico y al agravamiento de las injusticias sociales.<\/span><\/p>\n<p><span style=\"font-weight: 400;\">Para alcanzar dichos fines, a lo largo del proyecto se llevar\u00e1n a cabo talleres con alumnado de secundaria y universitario, acciones formativas dirigidas al profesorado de secundaria y encuentros virtuales con periodistas centroamericanos y centroamericanas. Estas actividades ir\u00e1n acompa\u00f1adas de una potente campa\u00f1a de comunicaci\u00f3n en redes sociales, que incluir\u00e1 la difusi\u00f3n de p\u00edldoras informativas producidas desde Centroam\u00e9rica, atendiendo de manera especial la situaci\u00f3n de El Salvador como ejemplo de pa\u00eds donde la vulneraci\u00f3n del derecho a la informaci\u00f3n y expresi\u00f3n es constante; as\u00ed como de una campa\u00f1a de incidencia institucional orientada a promover la suscripci\u00f3n de una declaraci\u00f3n p\u00fablica por parte de entidades valencianas comprometidas con la defensa de los DDHH. El testimonio de personas que defienden el derecho a expresi\u00f3n e informaci\u00f3n de Nicaragua y El Salvador, integrado en procesos participativos e interactivos, facilitar\u00e1 la comprensi\u00f3n de las causas globales de las desigualdades y sus impactos en nuestras sociedades locales.<\/span><\/p>\n<p><span style=\"font-weight: 400;\">Adem\u00e1s del trabajo con j\u00f3venes, el proyecto pone especial \u00e9nfasis en agentes multiplicadores como pueden ser el profesorado, periodistas y organizaciones sociales. Se busca as\u00ed consolidar una red de apoyo y solidaridad entre territorios, reforzar el tejido local comprometido con los DDHH y visibilizar las interdependencias entre lo que ocurre en Centroam\u00e9rica y los retos democr\u00e1ticos que tambi\u00e9n enfrentamos en nuestro entorno m\u00e1s cercano.<\/span><\/p>\n<p><span style=\"font-weight: 400;\">El enfoque de DDHH y de g\u00e9nero atraviesa toda la intervenci\u00f3n, garantizando que las acciones promuevan una ciudadan\u00eda activa, inclusiva e informada. Asimismo, se incorpora una mirada cr\u00edtica sobre la comunicaci\u00f3n, entendiendo el acceso a informaci\u00f3n veraz y la libertad de expresi\u00f3n como elementos indispensables para la justicia social y la construcci\u00f3n de paz.<\/span><\/p>\n<p>[\/et_pb_text][\/et_pb_column][\/et_pb_row][\/et_pb_section][et_pb_section fb_built=\u00bb1&#8243; admin_label=\u00bbSecci\u00f3n\u00bb _builder_version=\u00bb4.27.4&#8243; _module_preset=\u00bbdefault\u00bb background_color=\u00bb#92857c\u00bb background_image=\u00bbhttps:\/\/fundacionporlajusticia.org\/wp-content\/uploads\/2022\/03\/Fonzo_Verde_Fundacion_baja.jpeg\u00bb locked=\u00bboff\u00bb global_colors_info=\u00bb{}\u00bb][et_pb_row admin_label=\u00bbComo\u00bb _builder_version=\u00bb4.16&#8243; _module_preset=\u00bbdefault\u00bb collapsed=\u00bboff\u00bb global_colors_info=\u00bb{}\u00bb][et_pb_column type=\u00bb4_4&#8243; _builder_version=\u00bb4.16&#8243; _module_preset=\u00bbdefault\u00bb global_colors_info=\u00bb{}\u00bb][\/et_pb_column][\/et_pb_row][\/et_pb_section][et_pb_section fb_built=\u00bb1&#8243; _builder_version=\u00bb4.16&#8243; _module_preset=\u00bbdefault\u00bb global_colors_info=\u00bb{}\u00bb][et_pb_row _builder_version=\u00bb4.16&#8243; _module_preset=\u00bbdefault\u00bb global_colors_info=\u00bb{}\u00bb][et_pb_column type=\u00bb4_4&#8243; _builder_version=\u00bb4.16&#8243; _module_preset=\u00bbdefault\u00bb global_colors_info=\u00bb{}\u00bb][et_pb_text admin_label=\u00bbTexto\u00bb _builder_version=\u00bb4.17.1&#8243; _module_preset=\u00bbdefault\u00bb global_colors_info=\u00bb{}\u00bb]<\/p>\n<h3 style=\"text-align: center;\">Proyectos relacionados<\/h3>\n<p>[\/et_pb_text][et_pb_divider _builder_version=\u00bb4.17.1&#8243; _module_preset=\u00bbdefault\u00bb global_colors_info=\u00bb{}\u00bb][\/et_pb_divider][et_pb_blog fullwidth=\u00bboff\u00bb posts_number=\u00bb9&#8243; include_categories=\u00bb6&#8243; excerpt_length=\u00bb498&#8243; show_author=\u00bboff\u00bb _builder_version=\u00bb4.17.1&#8243; _module_preset=\u00bbdefault\u00bb border_radii_image=\u00bbon|10px|10px|10px|10px\u00bb global_colors_info=\u00bb{}\u00bb][\/et_pb_blog][\/et_pb_column][\/et_pb_row][\/et_pb_section]<\/p>\n","protected":false},"excerpt":{"rendered":"<p>FUTUROS EN LIBERTAD. DEFENSORAS DDHH (2026)Voces comprometidas. Defendemos la libertad de expresi\u00f3n e informaci\u00f3n en Centroam\u00e9rica &nbsp;25.000\u20acT\u00cdTULO: Voces del exilio. Consecuencias del conflicto en Colombia para activistas de Derechos Humanos Financiador: Ayuntamiento de Val\u00e8ncia Presupuesto total: 31.287\u20acImporte subvenci\u00f3n: 25.000\u20acFecha inicio: 04\/02\/2026Fecha fin: 31\/12\/2026 &nbsp;ResumenEl presente proyecto parte de un diagn\u00f3stico claro: en la ciudad de [&hellip;]<\/p>\n","protected":false},"author":2,"featured_media":0,"parent":13527,"menu_order":0,"comment_status":"closed","ping_status":"closed","template":"","meta":{"_et_pb_use_builder":"on","_et_pb_old_content":"<p>[et_pb_section fb_built=\"1\" _builder_version=\"4.27.4\" _module_preset=\"default\" background_color=\"#92857c\" background_image=\"https:\/\/fundacionporlajusticia.org\/wp-content\/uploads\/2022\/03\/Fonzo_Verde_Fundacion_baja.jpeg\" global_colors_info=\"{}\"][et_pb_row admin_label=\"Como\" _builder_version=\"4.16\" _module_preset=\"default\" custom_padding=\"||29px|||\" global_colors_info=\"{}\"][et_pb_column type=\"4_4\" _builder_version=\"4.16\" _module_preset=\"default\" global_colors_info=\"{}\"][et_pb_text admin_label=\"Titulo\" _builder_version=\"4.27.4\" _module_preset=\"default\" text_font=\"|700|||||||\" text_text_color=\"#FFFFFF\" text_orientation=\"center\" background_layout=\"dark\" custom_padding=\"7px|||||\" animation_style=\"fold\" global_colors_info=\"{}\"]<\/p><h2 style=\"text-align: center;\"><span style=\"color: #92857c;\">FUTUROS EN LIBERTAD. DEFENSORAS DDHH (2025)<\/span><i><\/i><\/h2><p>[\/et_pb_text][et_pb_text admin_label=\"Titulo\" _builder_version=\"4.27.4\" _module_preset=\"default\" text_font=\"|700|||||||\" text_text_color=\"#FFFFFF\" text_orientation=\"center\" background_layout=\"dark\" custom_padding=\"7px|||||\" animation_style=\"fold\" global_colors_info=\"{}\"]<\/p><h2><em><span style=\"color: #92857c;\"><span style=\"font-size: medium;\">Voces del exilio. Consecuencias del conflicto en Colombia para activistas de Derechos Humanos<\/span><\/span><\/em><\/h2><p>\u00a0<\/p><p>[\/et_pb_text][\/et_pb_column][\/et_pb_row][\/et_pb_section][et_pb_section fb_built=\"1\" _builder_version=\"4.27.4\" _module_preset=\"default\" global_colors_info=\"{}\"][et_pb_row _builder_version=\"4.27.4\" _module_preset=\"default\" global_colors_info=\"{}\"][et_pb_column type=\"4_4\" _builder_version=\"4.27.4\" _module_preset=\"default\" global_colors_info=\"{}\"][et_pb_text _builder_version=\"4.27.4\" _module_preset=\"default\" custom_padding=\"||0px|||\" global_colors_info=\"{}\"]<\/p><p><span style=\"font-size: large;\"><strong>T\u00cdTULO: Voces del exilio. Consecuencias del conflicto en Colombia para activistas de Derechos Humanos<\/strong><\/span><\/p><p><span style=\"font-size: large;\"><strong>Financiador: Generalitat Valenciana<\/strong><\/span><br \/><span style=\"font-size: large;\"><strong>Presupuesto total: 38.763\u20ac<\/strong><\/span><br \/><span style=\"font-size: large;\"><strong>Importe subvenci\u00f3n: 37.903\u20ac<\/strong><\/span><br \/><span style=\"font-size: large;\"><strong>Fecha inicio: 01\/01\/2025<\/strong><\/span><br \/><span style=\"font-size: large;\"><strong>Fecha fin: 31\/12\/2025<\/strong><\/span><\/p><p>\u00a0<\/p><p>[\/et_pb_text][et_pb_text admin_label=\"Titulo\" _builder_version=\"4.27.4\" _module_preset=\"default\" text_font=\"|700|||||||\" text_text_color=\"#FFFFFF\" text_orientation=\"center\" background_layout=\"dark\" custom_padding=\"7px|||||\" animation_style=\"fold\" global_colors_info=\"{}\"]<\/p><h2 style=\"text-align: center;\"><span style=\"color: #92857c;\"><i>Resumen<\/i><\/span><i><\/i><\/h2><p>[\/et_pb_text][et_pb_text _builder_version=\"4.27.4\" _module_preset=\"default\" custom_padding=\"||0px|||\" global_colors_info=\"{}\"]<\/p><p style=\"text-align: justify;\"><span style=\"font-weight: 400;\">Este proyecto pone el foco en la cr\u00edtica situaci\u00f3n de violencia, hostigamiento y vulneraci\u00f3n de derechos que enfrentan las personas defensoras de los derechos humanos, l\u00edderes y lideresas sociales en Colombia. A ra\u00edz del conflicto armado y la persistencia de din\u00e1micas de persecuci\u00f3n, muchas de estas personas sufren amenazas, agresiones f\u00edsicas, desplazamientos forzados, exilio y, en los casos m\u00e1s extremos, asesinatos selectivos. La falta de respuesta efectiva por parte del Estado, sumada a un preocupante nivel de impunidad, agrava la vulnerabilidad de quienes se dedican a proteger los derechos fundamentales de sus comunidades. Especialmente alarmante es el aumento de las agresiones por raz\u00f3n de g\u00e9nero, que afectan de manera espec\u00edfica a mujeres lideresas y defensoras, sometidas tambi\u00e9n a tortura psicol\u00f3gica, violencia sexual y amenazas contra su entorno m\u00e1s cercano.<\/span><\/p><p style=\"text-align: justify;\"><span style=\"font-weight: 400;\">La intervenci\u00f3n busca concienciar a la sociedad valenciana sobre estas realidades invisibilizadas y generar espacios de empat\u00eda, compromiso y acci\u00f3n. Para ello, se promueve una ciudadan\u00eda cr\u00edtica e informada que entienda la gravedad de la situaci\u00f3n de las personas defensoras en Colombia y apoye la necesidad de pol\u00edticas p\u00fablicas de protecci\u00f3n efectiva, tanto a nivel internacional como en nuestra propia comunidad. Las actividades del proyecto incluyen campa\u00f1as de sensibilizaci\u00f3n, charlas, encuentros con activistas, materiales audiovisuales y colaboraciones con medios de comunicaci\u00f3n, con el objetivo de amplificar estas voces y poner en el centro su papel esencial en la construcci\u00f3n de paz y democracia.<\/span><\/p><p style=\"text-align: justify;\"><span style=\"font-weight: 400;\">Al mismo tiempo, se refuerzan los v\u00ednculos de cooperaci\u00f3n entre organizaciones de derechos humanos de Colombia y la Comunitat Valenciana. Fundaci\u00f3n por la Justicia mantiene una relaci\u00f3n activa y comprometida con entidades colombianas con amplia trayectoria en la defensa de los derechos fundamentales, como la Comisi\u00f3n Colombiana de Juristas, y apuesta por seguir fortaleciendo estas alianzas. El trabajo conjunto permitir\u00e1 no solo una mayor eficacia en las acciones de sensibilizaci\u00f3n, sino tambi\u00e9n avanzar hacia una cooperaci\u00f3n transformadora y horizontal, basada en la justicia global, que conecte las luchas del Sur con la implicaci\u00f3n solidaria del Norte.<\/span><\/p><p>[\/et_pb_text][\/et_pb_column][\/et_pb_row][et_pb_row _builder_version=\"4.27.4\" _module_preset=\"default\" global_colors_info=\"{}\"][et_pb_column type=\"4_4\" _builder_version=\"4.27.4\" _module_preset=\"default\" global_colors_info=\"{}\"][et_pb_button button_text=\"Evaluaci\u00f3n interna del proyecto (pr\u00f3ximamente)\" button_alignment=\"center\" _builder_version=\"4.27.4\" _module_preset=\"default\" custom_button=\"on\" button_text_size=\"18px\" button_text_color=\"#ada39a\" transform_scale=\"105%|105%\" global_colors_info=\"{}\"][\/et_pb_button][et_pb_button button_text=\"Documental %22La Paz Rota. Voces del exilio colombiano%22\" button_alignment=\"center\" _builder_version=\"4.27.5\" _module_preset=\"default\" custom_button=\"on\" button_text_size=\"18px\" button_text_color=\"#ada39a\" transform_scale=\"105%|105%\" hover_enabled=\"0\" global_colors_info=\"{}\" sticky_enabled=\"0\" button_url=\"https:\/\/www.humansmedia.org\/pages\/home?panel=7971482b-d4bb-45df-aa08-9dce95c0d53d\" url_new_window=\"on\"][\/et_pb_button][et_pb_button button_text=\"Informe \u201cEmpujadas al exilio: Testimonios de activistas de derechos humanos de Colombia\u201d\" button_alignment=\"center\" _builder_version=\"4.27.5\" _module_preset=\"default\" custom_button=\"on\" button_text_size=\"18px\" button_text_color=\"#ada39a\" transform_scale=\"105%|105%\" hover_enabled=\"0\" global_colors_info=\"{}\" sticky_enabled=\"0\" button_url=\"https:\/\/www.cvongd.org\/wp-content\/uploads\/2026\/01\/Docu_testimonios_Colombia_FxJ.pdf\" url_new_window=\"on\"][\/et_pb_button][et_pb_button button_text=\"Declaraci\u00f3n institucional sobre la situaci\u00f3n de los DDHH de l\u00edderes y lideresas colombianos exiliados en la CV\" button_alignment=\"center\" _builder_version=\"4.27.5\" _module_preset=\"default\" custom_button=\"on\" button_text_size=\"18px\" button_text_color=\"#ada39a\" transform_scale=\"105%|105%\" hover_enabled=\"0\" global_colors_info=\"{}\" sticky_enabled=\"0\" button_url=\"https:\/\/fundacionporlajusticia.org\/declaracion-institucional-sobre-la-situacion-actual-de-los-derechos-humanos-de-lideres-y-lideresas-colombianos-exiliados-en-la-cv\/\" url_new_window=\"on\"][\/et_pb_button][\/et_pb_column][\/et_pb_row][\/et_pb_section][et_pb_section fb_built=\"1\" admin_label=\"Secci\u00f3n\" _builder_version=\"4.27.4\" _module_preset=\"default\" background_color=\"#92857c\" background_image=\"https:\/\/fundacionporlajusticia.org\/wp-content\/uploads\/2022\/03\/Fonzo_Verde_Fundacion_baja.jpeg\" locked=\"off\" global_colors_info=\"{}\"][et_pb_row admin_label=\"Como\" _builder_version=\"4.16\" _module_preset=\"default\" collapsed=\"off\" global_colors_info=\"{}\"][et_pb_column type=\"4_4\" _builder_version=\"4.16\" _module_preset=\"default\" global_colors_info=\"{}\"][\/et_pb_column][\/et_pb_row][\/et_pb_section][et_pb_section fb_built=\"1\" _builder_version=\"4.16\" _module_preset=\"default\" global_colors_info=\"{}\"][et_pb_row _builder_version=\"4.16\" _module_preset=\"default\" global_colors_info=\"{}\"][et_pb_column type=\"4_4\" _builder_version=\"4.16\" _module_preset=\"default\" global_colors_info=\"{}\"][et_pb_text admin_label=\"Texto\" _builder_version=\"4.17.1\" _module_preset=\"default\" global_colors_info=\"{}\"]<\/p><h3 style=\"text-align: center;\">Proyectos relacionados<\/h3><p>[\/et_pb_text][et_pb_divider _builder_version=\"4.17.1\" _module_preset=\"default\" global_colors_info=\"{}\"][\/et_pb_divider][et_pb_blog fullwidth=\"off\" posts_number=\"9\" include_categories=\"6\" excerpt_length=\"498\" show_author=\"off\" _builder_version=\"4.17.1\" _module_preset=\"default\" border_radii_image=\"on|10px|10px|10px|10px\" global_colors_info=\"{}\"][\/et_pb_blog][\/et_pb_column][\/et_pb_row][\/et_pb_section]<\/p>","_et_gb_content_width":"","_uf_show_specific_survey":0,"_uf_disable_surveys":false,"footnotes":""},"class_list":["post-14041","page","type-page","status-publish","hentry"],"aioseo_notices":[],"_links":{"self":[{"href":"https:\/\/fundacionporlajusticia.org\/en\/wp-json\/wp\/v2\/pages\/14041","targetHints":{"allow":["GET"]}}],"collection":[{"href":"https:\/\/fundacionporlajusticia.org\/en\/wp-json\/wp\/v2\/pages"}],"about":[{"href":"https:\/\/fundacionporlajusticia.org\/en\/wp-json\/wp\/v2\/types\/page"}],"author":[{"embeddable":true,"href":"https:\/\/fundacionporlajusticia.org\/en\/wp-json\/wp\/v2\/users\/2"}],"replies":[{"embeddable":true,"href":"https:\/\/fundacionporlajusticia.org\/en\/wp-json\/wp\/v2\/comments?post=14041"}],"version-history":[{"count":4,"href":"https:\/\/fundacionporlajusticia.org\/en\/wp-json\/wp\/v2\/pages\/14041\/revisions"}],"predecessor-version":[{"id":14046,"href":"https:\/\/fundacionporlajusticia.org\/en\/wp-json\/wp\/v2\/pages\/14041\/revisions\/14046"}],"up":[{"embeddable":true,"href":"https:\/\/fundacionporlajusticia.org\/en\/wp-json\/wp\/v2\/pages\/13527"}],"wp:attachment":[{"href":"https:\/\/fundacionporlajusticia.org\/en\/wp-json\/wp\/v2\/media?parent=14041"}],"curies":[{"name":"wp","href":"https:\/\/api.w.org\/{rel}","templated":true}]}}