{"id":13984,"date":"2026-02-02T14:13:05","date_gmt":"2026-02-02T13:13:05","guid":{"rendered":"https:\/\/fundacionporlajusticia.org\/?page_id=13984"},"modified":"2026-02-02T14:16:51","modified_gmt":"2026-02-02T13:16:51","slug":"2025-edicion-xvi","status":"publish","type":"page","link":"https:\/\/fundacionporlajusticia.org\/en\/humansfest\/2025-edicion-xvi\/","title":{"rendered":"2025 \u2013 16th Edition"},"content":{"rendered":"<p>[et_pb_section fb_built=\u00bb1&#8243; _builder_version=\u00bb4.16&#8243; _module_preset=\u00bbdefault\u00bb global_colors_info=\u00bb{}\u00bb][et_pb_row _builder_version=\u00bb4.16&#8243; _module_preset=\u00bbdefault\u00bb global_colors_info=\u00bb{}\u00bb][et_pb_column type=\u00bb4_4&#8243; _builder_version=\u00bb4.16&#8243; _module_preset=\u00bbdefault\u00bb global_colors_info=\u00bb{}\u00bb][et_pb_text _builder_version=\u00bb4.27.5&#8243; _module_preset=\u00bbdefault\u00bb global_colors_info=\u00bb{}\u00bb]<\/p>\n<h1><strong>2025 &#8211; Edici\u00f3n XVI<\/strong><\/h1>\n<p>[\/et_pb_text][\/et_pb_column][\/et_pb_row][et_pb_row column_structure=\u00bb3_5,2_5&#8243; _builder_version=\u00bb4.27.5&#8243; _module_preset=\u00bbdefault\u00bb global_colors_info=\u00bb{}\u00bb][et_pb_column type=\u00bb3_5&#8243; _builder_version=\u00bb4.27.5&#8243; _module_preset=\u00bbdefault\u00bb global_colors_info=\u00bb{}\u00bb][et_pb_text _builder_version=\u00bb4.27.5&#8243; _module_preset=\u00bbdefault\u00bb link_font=\u00bb|700|||on|||#635b54|\u00bb link_text_color=\u00bb#635b54&#8243; link_font_size=\u00bb17px\u00bb link_letter_spacing=\u00bb4px\u00bb link_line_height=\u00bb2em\u00bb global_colors_info=\u00bb{}\u00bb]<\/p>\n<p><a href=\"https:\/\/fundacionporlajusticia.org\/humansfest\/programacion-2025\/\" target=\"_blank\" rel=\"noopener\">Programaci\u00f3n<\/a><\/p>\n<p><a href=\"https:\/\/fundacionporlajusticia.org\/humans-fest-dedica-su-16a-edicion-a-los-conflictos-armados-y-la-cultura-de-paz-pero-admite-cualquier-trabajo-sobre-derechos-humanos-en-su-seccion-oficial\/\" target=\"_blank\" rel=\"noopener\">Tem\u00e1tica e info de la edici\u00f3n<\/a><\/p>\n<p><a href=\"https:\/\/fundacionporlajusticia.org\/humansfest\/el-festival\/premios-y-jurados-2025\/\">Premios y jurado<\/a><\/p>\n<p><a href=\"https:\/\/fundacionporlajusticia.org\/escuela-ciudadana-de-salud-huella-digital-y-alimentacion-saludable-2\/\">Taller de v\u00eddeo participativo<\/a><\/p>\n<p><a href=\"https:\/\/fundacionporlajusticia.org\/la-directora-avelina-prat-sera-mentora-en-el-laboratorio-de-creacion-audiovisual-del-humans-fest-2025\/\">III edici\u00f3n de Humans Lab<\/a><\/p>\n<p><a href=\"https:\/\/fundacionporlajusticia.org\/avelina-prat-y-nestor-lopez-daran-clases-magistrales-abiertas-al-publico-en-el-laboratorio-de-creacion-del-humans-fest-en-valencia\/\">Masterclasses Humans Lab<\/a><\/p>\n<p><a href=\"https:\/\/fundacionporlajusticia.org\/a-punt-medio-oficial-del-humans-fest-dedicado-este-ano-al-papel-del-periodismo-en-los-conflictos\/\">Convenio con \u00c0 Punt<\/a><\/p>\n<p>Memoria de actividades (pr\u00f3ximamente)<\/p>\n<p>[\/et_pb_text][\/et_pb_column][et_pb_column type=\u00bb2_5&#8243; _builder_version=\u00bb4.16&#8243; _module_preset=\u00bbdefault\u00bb global_colors_info=\u00bb{}\u00bb][et_pb_image src=\u00bbhttps:\/\/fundacionporlajusticia.org\/wp-content\/uploads\/2025\/05\/Cartel-Humans-Fest-2025-Patricia-Bolinches-scaled.png\u00bb title_text=\u00bbCartel Humans Fest 2025 &#8211; Patricia Bolinches\u00bb _builder_version=\u00bb4.27.5&#8243; _module_preset=\u00bbdefault\u00bb global_colors_info=\u00bb{}\u00bb][\/et_pb_image][\/et_pb_column][\/et_pb_row][\/et_pb_section]<\/p>\n","protected":false},"excerpt":{"rendered":"<p>2025 &#8211; Edici\u00f3n XVIProgramaci\u00f3n Tem\u00e1tica e info de la edici\u00f3n Premios y jurado Taller de v\u00eddeo participativo III edici\u00f3n de Humans Lab Masterclasses Humans Lab Convenio con \u00c0 Punt Memoria de actividades (pr\u00f3ximamente)<\/p>","protected":false},"author":2,"featured_media":0,"parent":442,"menu_order":0,"comment_status":"closed","ping_status":"closed","template":"","meta":{"_et_pb_use_builder":"on","_et_pb_old_content":"<p>[et_pb_section fb_built=\"1\" _builder_version=\"4.16\" _module_preset=\"default\" global_colors_info=\"{}\"][et_pb_row _builder_version=\"4.16\" _module_preset=\"default\" global_colors_info=\"{}\"][et_pb_column type=\"4_4\" _builder_version=\"4.16\" _module_preset=\"default\" global_colors_info=\"{}\"][et_pb_text _builder_version=\"4.27.5\" _module_preset=\"default\" hover_enabled=\"0\" global_colors_info=\"{}\" sticky_enabled=\"0\"]<\/p><h1><strong>2025 - Edici\u00f3n XV<\/strong><\/h1><p>[\/et_pb_text][\/et_pb_column][\/et_pb_row][et_pb_row column_structure=\"3_5,2_5\" _builder_version=\"4.27.5\" _module_preset=\"default\" global_colors_info=\"{}\"][et_pb_column type=\"3_5\" _builder_version=\"4.27.5\" _module_preset=\"default\" global_colors_info=\"{}\"][et_pb_text _builder_version=\"4.27.5\" _module_preset=\"default\" link_font=\"|700|||on|||#635b54|\" link_text_color=\"#635b54\" link_font_size=\"17px\" link_letter_spacing=\"4px\" link_line_height=\"2em\" hover_enabled=\"0\" global_colors_info=\"{}\" sticky_enabled=\"0\"]<\/p><p><a href=\"https:\/\/fundacionporlajusticia.org\/humansfest\/programacion-2024\/\" target=\"_blank\" rel=\"noopener\">Programaci\u00f3n<\/a><\/p><p><a href=\"https:\/\/fundacionporlajusticia.org\/humans-fest-dedica-su-15a-edicion-a-la-lucha-contra-el-cambio-climatico-y-la-defensa-del-territorio\/\" target=\"_blank\" rel=\"noopener\">Tem\u00e1tica e info de la edici\u00f3n<\/a><\/p><p><a href=\"https:\/\/fundacionporlajusticia.org\/humansfest\/el-festival\/premios-y-jurados-2024\/\">Premios y jurado<\/a><\/p><p><a tabindex=\"2\" href=\"https:\/\/fundacionporlajusticia.org\/el-festival-de-cine-humans-fest-y-la-aecid-organizan-proyecciones-en-20-paises-para-promover-la-defensa-de-los-derechos-humanos-a-traves-del-cine\/\" target=\"_blank\" rel=\"noopener\">Ciclo \u00abUn mundo en movimiento\u00bb con AECID<\/a><\/p><p><a href=\"https:\/\/fundacionporlajusticia.org\/humans-fest-inaugura-una-exposicion-fotografica-del-periodista-valenciano-pablo-garrigos-sobre-el-activismo-africano-contra-el-cambio-climatico\/\">Exposici\u00f3n de fotos<\/a><\/p><p><a href=\"https:\/\/fundacionporlajusticia.org\/humansfest\/invitadas-especiales-2024\/\" target=\"_blank\" rel=\"noopener\">Invitadas especiales<\/a><\/p><p><a href=\"https:\/\/fundacionporlajusticia.org\/humans-lab-confirma-la-participacion-de-la-cineasta-almudena-carracedo-como-mentora-y-amplia-el-plazo-de-inscripcion\/\">II edici\u00f3n de Humans Lab<\/a><\/p><p><a href=\"https:\/\/fundacionporlajusticia.org\/humans-lab-premia-el-guion-de-alcria-un-cortometraje-que-rescata-la-historia-de-la-desaparecida-pedania-valenciana-el-pouet\/\">II Premio Humans Lab<\/a><\/p><p><a href=\"https:\/\/fundacionporlajusticia.org\/almudena-carracedo-y-carlos-marques-marcet-ofrecen-clases-magistrales-abiertas-al-publico-en-valencia-dentro-del-laboratorio-de-creacion-audiovisual-del-humans-fest\/\">Masterclasses Humans Lab<\/a><\/p><p><a href=\"https:\/\/fundacionporlajusticia.org\/nace-humans-media-una-plataforma-propia-de-cine-bajo-demanda\/\">Nace Humans Media<\/a><\/p><p><a href=\"https:\/\/fundacionporlajusticia.org\/humans-fest-trae-a-valencia-mas-de-40-peliculas-de-ficcion-y-documentales-en-su-xv-edicion-para-concienciar-sobre-la-lucha-contra-el-cambio-climatico-y-la-defensa-del-territorio\/\">Humans Fest trae a Val\u00e8ncia m\u00e1s de 40 pel\u00edculas de ficci\u00f3n y documentales<\/a><\/p><p><a href=\"https:\/\/fundacionporlajusticia.org\/wp-content\/uploads\/2025\/12\/Memoria-2024_FINAL.pdf\" target=\"_blank\" rel=\"noopener\">Memoria de actividades<\/a><\/p><p>[\/et_pb_text][\/et_pb_column][et_pb_column type=\"2_5\" _builder_version=\"4.16\" _module_preset=\"default\" global_colors_info=\"{}\"][et_pb_image src=\"https:\/\/fundacionporlajusticia.org\/wp-content\/uploads\/2024\/05\/Cartel-Humans-Fest-2024-web.jpg\" title_text=\"Cartel Humans Fest 2024 (web)\" _builder_version=\"4.27.5\" _module_preset=\"default\" global_colors_info=\"{}\"][\/et_pb_image][\/et_pb_column][\/et_pb_row][\/et_pb_section]<\/p>","_et_gb_content_width":"","_uf_show_specific_survey":0,"_uf_disable_surveys":false,"footnotes":""},"class_list":["post-13984","page","type-page","status-publish","hentry"],"aioseo_notices":[],"_links":{"self":[{"href":"https:\/\/fundacionporlajusticia.org\/en\/wp-json\/wp\/v2\/pages\/13984","targetHints":{"allow":["GET"]}}],"collection":[{"href":"https:\/\/fundacionporlajusticia.org\/en\/wp-json\/wp\/v2\/pages"}],"about":[{"href":"https:\/\/fundacionporlajusticia.org\/en\/wp-json\/wp\/v2\/types\/page"}],"author":[{"embeddable":true,"href":"https:\/\/fundacionporlajusticia.org\/en\/wp-json\/wp\/v2\/users\/2"}],"replies":[{"embeddable":true,"href":"https:\/\/fundacionporlajusticia.org\/en\/wp-json\/wp\/v2\/comments?post=13984"}],"version-history":[{"count":7,"href":"https:\/\/fundacionporlajusticia.org\/en\/wp-json\/wp\/v2\/pages\/13984\/revisions"}],"predecessor-version":[{"id":13992,"href":"https:\/\/fundacionporlajusticia.org\/en\/wp-json\/wp\/v2\/pages\/13984\/revisions\/13992"}],"up":[{"embeddable":true,"href":"https:\/\/fundacionporlajusticia.org\/en\/wp-json\/wp\/v2\/pages\/442"}],"wp:attachment":[{"href":"https:\/\/fundacionporlajusticia.org\/en\/wp-json\/wp\/v2\/media?parent=13984"}],"curies":[{"name":"wp","href":"https:\/\/api.w.org\/{rel}","templated":true}]}}