{"id":13934,"date":"2026-01-12T14:14:34","date_gmt":"2026-01-12T13:14:34","guid":{"rendered":"https:\/\/fundacionporlajusticia.org\/?page_id=13934"},"modified":"2026-01-12T14:31:55","modified_gmt":"2026-01-12T13:31:55","slug":"2024-edicion-xv","status":"publish","type":"page","link":"https:\/\/fundacionporlajusticia.org\/en\/humansfest\/2024-edicion-xv\/","title":{"rendered":"2024 \u2013 Edition XV"},"content":{"rendered":"<p>[et_pb_section fb_built=\u00bb1&#8243; _builder_version=\u00bb4.16&#8243; _module_preset=\u00bbdefault\u00bb global_colors_info=\u00bb{}\u00bb][et_pb_row _builder_version=\u00bb4.16&#8243; _module_preset=\u00bbdefault\u00bb global_colors_info=\u00bb{}\u00bb][et_pb_column type=\u00bb4_4&#8243; _builder_version=\u00bb4.16&#8243; _module_preset=\u00bbdefault\u00bb global_colors_info=\u00bb{}\u00bb][et_pb_text _builder_version=\u00bb4.27.5&#8243; _module_preset=\u00bbdefault\u00bb hover_enabled=\u00bb0&#8243; global_colors_info=\u00bb{}\u00bb sticky_enabled=\u00bb0&#8243;]<\/p>\n<h1><strong>2024 &#8211; Edici\u00f3n XV<\/strong><\/h1>\n<p>[\/et_pb_text][\/et_pb_column][\/et_pb_row][et_pb_row column_structure=\u00bb3_5,2_5&#8243; _builder_version=\u00bb4.27.5&#8243; _module_preset=\u00bbdefault\u00bb global_colors_info=\u00bb{}\u00bb][et_pb_column type=\u00bb3_5&#8243; _builder_version=\u00bb4.27.5&#8243; _module_preset=\u00bbdefault\u00bb global_colors_info=\u00bb{}\u00bb][et_pb_text _builder_version=\u00bb4.27.5&#8243; _module_preset=\u00bbdefault\u00bb link_font=\u00bb|700|||on|||#635b54|\u00bb link_text_color=\u00bb#635b54&#8243; link_font_size=\u00bb17px\u00bb link_letter_spacing=\u00bb4px\u00bb link_line_height=\u00bb2em\u00bb hover_enabled=\u00bb0&#8243; global_colors_info=\u00bb{}\u00bb sticky_enabled=\u00bb0&#8243;]<\/p>\n<p><a href=\"https:\/\/fundacionporlajusticia.org\/humansfest\/programacion-2024\/\" target=\"_blank\" rel=\"noopener\">Programaci\u00f3n<\/a><\/p>\n<p><a href=\"https:\/\/fundacionporlajusticia.org\/humans-fest-dedica-su-15a-edicion-a-la-lucha-contra-el-cambio-climatico-y-la-defensa-del-territorio\/\" target=\"_blank\" rel=\"noopener\">Tem\u00e1tica e info de la edici\u00f3n<\/a><\/p>\n<p><a href=\"https:\/\/fundacionporlajusticia.org\/humansfest\/el-festival\/premios-y-jurados-2024\/\">Premios y jurado<\/a><\/p>\n<p><a href=\"https:\/\/fundacionporlajusticia.org\/el-festival-de-cine-humans-fest-y-la-aecid-organizan-proyecciones-en-20-paises-para-promover-la-defensa-de-los-derechos-humanos-a-traves-del-cine\/\" target=\"_blank\" rel=\"noopener\" tabindex=\"2\">Ciclo \u00abUn mundo en movimiento\u00bb con AECID<\/a><\/p>\n<p><a href=\"https:\/\/fundacionporlajusticia.org\/humans-fest-inaugura-una-exposicion-fotografica-del-periodista-valenciano-pablo-garrigos-sobre-el-activismo-africano-contra-el-cambio-climatico\/\">Exposici\u00f3n de fotos<\/a><\/p>\n<p><a href=\"https:\/\/fundacionporlajusticia.org\/humansfest\/invitadas-especiales-2024\/\" target=\"_blank\" rel=\"noopener\">Invitadas especiales<\/a><\/p>\n<p><a href=\"https:\/\/fundacionporlajusticia.org\/humans-lab-confirma-la-participacion-de-la-cineasta-almudena-carracedo-como-mentora-y-amplia-el-plazo-de-inscripcion\/\">II edici\u00f3n de Humans Lab<\/a><\/p>\n<p><a href=\"https:\/\/fundacionporlajusticia.org\/humans-lab-premia-el-guion-de-alcria-un-cortometraje-que-rescata-la-historia-de-la-desaparecida-pedania-valenciana-el-pouet\/\">II Premio Humans Lab<\/a><\/p>\n<p><a href=\"https:\/\/fundacionporlajusticia.org\/almudena-carracedo-y-carlos-marques-marcet-ofrecen-clases-magistrales-abiertas-al-publico-en-valencia-dentro-del-laboratorio-de-creacion-audiovisual-del-humans-fest\/\">Masterclasses Humans Lab<\/a><\/p>\n<p><a href=\"https:\/\/fundacionporlajusticia.org\/nace-humans-media-una-plataforma-propia-de-cine-bajo-demanda\/\">Nace Humans Media<\/a><\/p>\n<p><a href=\"https:\/\/fundacionporlajusticia.org\/humans-fest-trae-a-valencia-mas-de-40-peliculas-de-ficcion-y-documentales-en-su-xv-edicion-para-concienciar-sobre-la-lucha-contra-el-cambio-climatico-y-la-defensa-del-territorio\/\">Humans Fest trae a Val\u00e8ncia m\u00e1s de 40 pel\u00edculas de ficci\u00f3n y documentales<\/a><\/p>\n<p><a href=\"https:\/\/fundacionporlajusticia.org\/wp-content\/uploads\/2025\/12\/Memoria-2024_FINAL.pdf\" target=\"_blank\" rel=\"noopener\">Memoria de actividades<\/a><\/p>\n<p>[\/et_pb_text][\/et_pb_column][et_pb_column type=\u00bb2_5&#8243; _builder_version=\u00bb4.16&#8243; _module_preset=\u00bbdefault\u00bb global_colors_info=\u00bb{}\u00bb][et_pb_image src=\u00bbhttps:\/\/fundacionporlajusticia.org\/wp-content\/uploads\/2024\/05\/Cartel-Humans-Fest-2024-web.jpg\u00bb title_text=\u00bbCartel Humans Fest 2024 (web)\u00bb _builder_version=\u00bb4.27.5&#8243; _module_preset=\u00bbdefault\u00bb global_colors_info=\u00bb{}\u00bb][\/et_pb_image][\/et_pb_column][\/et_pb_row][\/et_pb_section]<\/p>\n","protected":false},"excerpt":{"rendered":"<p>2024 &#8211; Edici\u00f3n XVProgramaci\u00f3n Tem\u00e1tica e info de la edici\u00f3n Premios y jurado Ciclo \u00abUn mundo en movimiento\u00bb con AECID Exposici\u00f3n de fotos Invitadas especiales II edici\u00f3n de Humans Lab II Premio Humans Lab Masterclasses Humans Lab Nace Humans Media Humans Fest trae a Val\u00e8ncia m\u00e1s de 40 pel\u00edculas de ficci\u00f3n y documentales Memoria de [&hellip;]<\/p>\n","protected":false},"author":2,"featured_media":0,"parent":442,"menu_order":0,"comment_status":"closed","ping_status":"closed","template":"","meta":{"_et_pb_use_builder":"on","_et_pb_old_content":"<p>[et_pb_section fb_built=\"1\" _builder_version=\"4.16\" _module_preset=\"default\" global_colors_info=\"{}\"][et_pb_row _builder_version=\"4.16\" _module_preset=\"default\" global_colors_info=\"{}\"][et_pb_column type=\"4_4\" _builder_version=\"4.16\" _module_preset=\"default\" global_colors_info=\"{}\"][et_pb_text _builder_version=\"4.26.1\" _module_preset=\"default\" global_colors_info=\"{}\"]<\/p><h1><strong>2022 - Edici\u00f3n XIII<\/strong><\/h1><p>[\/et_pb_text][\/et_pb_column][\/et_pb_row][et_pb_row column_structure=\"3_5,2_5\" _builder_version=\"4.16\" _module_preset=\"default\" global_colors_info=\"{}\"][et_pb_column type=\"3_5\" _builder_version=\"4.16\" _module_preset=\"default\" global_colors_info=\"{}\"][et_pb_text _builder_version=\"4.26.1\" _module_preset=\"default\" link_font=\"|700|||on|||#635b54|\" link_text_color=\"#635b54\" link_font_size=\"17px\" link_letter_spacing=\"4px\" link_line_height=\"2em\" hover_enabled=\"0\" global_colors_info=\"{}\" sticky_enabled=\"0\"]<\/p><p><a href=\"https:\/\/fundacionporlajusticia.org\/humansfest\/programa-humans-fest-2022\/\" target=\"_blank\" rel=\"noopener\">Programa<\/a><\/p><p><a href=\"https:\/\/fundacionporlajusticia.org\/humans-fest-valencia-peliculas-documentales\/\" target=\"_blank\" rel=\"noopener\">Tem\u00e1tica e info de la edici\u00f3n<\/a><\/p><p><a href=\"https:\/\/fundacionporlajusticia.org\/la-exposicion-de-fotoperiodismo-marcats-per-lodi-llega-a-valencia-de-la-mano-de-humans-fest\/\" target=\"_blank\" rel=\"noopener\">Exposici\u00f3n de foto<\/a><\/p><p><a href=\"https:\/\/fundacionporlajusticia.org\/las-directoras-mijke-de-jong-y-roser-corella-ganadoras-de-la-seccion-oficial-de-largometrajes-del-xiii-humans-fest\/\" target=\"_blank\" rel=\"noopener\">Premios<\/a><\/p><p><a href=\"https:\/\/fundacionporlajusticia.org\/wp-content\/uploads\/2024\/07\/Memoria-2022.pdf\" target=\"_blank\" rel=\"noopener\">Memoria de actividades<\/a><\/p><p>[\/et_pb_text][\/et_pb_column][et_pb_column type=\"2_5\" _builder_version=\"4.16\" _module_preset=\"default\" global_colors_info=\"{}\"][et_pb_image src=\"https:\/\/fundacionporlajusticia.org\/wp-content\/uploads\/2024\/07\/Cartel-Humans-Fest-2022.jpg\" title_text=\"Cartel Humans Fest 2022\" _builder_version=\"4.26.1\" _module_preset=\"default\" global_colors_info=\"{}\"][\/et_pb_image][\/et_pb_column][\/et_pb_row][\/et_pb_section]<\/p>","_et_gb_content_width":"","_uf_show_specific_survey":0,"_uf_disable_surveys":false,"footnotes":""},"class_list":["post-13934","page","type-page","status-publish","hentry"],"aioseo_notices":[],"_links":{"self":[{"href":"https:\/\/fundacionporlajusticia.org\/en\/wp-json\/wp\/v2\/pages\/13934","targetHints":{"allow":["GET"]}}],"collection":[{"href":"https:\/\/fundacionporlajusticia.org\/en\/wp-json\/wp\/v2\/pages"}],"about":[{"href":"https:\/\/fundacionporlajusticia.org\/en\/wp-json\/wp\/v2\/types\/page"}],"author":[{"embeddable":true,"href":"https:\/\/fundacionporlajusticia.org\/en\/wp-json\/wp\/v2\/users\/2"}],"replies":[{"embeddable":true,"href":"https:\/\/fundacionporlajusticia.org\/en\/wp-json\/wp\/v2\/comments?post=13934"}],"version-history":[{"count":10,"href":"https:\/\/fundacionporlajusticia.org\/en\/wp-json\/wp\/v2\/pages\/13934\/revisions"}],"predecessor-version":[{"id":13950,"href":"https:\/\/fundacionporlajusticia.org\/en\/wp-json\/wp\/v2\/pages\/13934\/revisions\/13950"}],"up":[{"embeddable":true,"href":"https:\/\/fundacionporlajusticia.org\/en\/wp-json\/wp\/v2\/pages\/442"}],"wp:attachment":[{"href":"https:\/\/fundacionporlajusticia.org\/en\/wp-json\/wp\/v2\/media?parent=13934"}],"curies":[{"name":"wp","href":"https:\/\/api.w.org\/{rel}","templated":true}]}}