{"id":13577,"date":"2025-09-25T14:21:49","date_gmt":"2025-09-25T12:21:49","guid":{"rendered":"https:\/\/fundacionporlajusticia.org\/?page_id=13577"},"modified":"2026-04-07T14:27:13","modified_gmt":"2026-04-07T12:27:13","slug":"conflictos-del-sur","status":"publish","type":"page","link":"https:\/\/fundacionporlajusticia.org\/en\/proyectos\/sensibilizacion\/conflictos-del-sur\/","title":{"rendered":"Southern conflicts"},"content":{"rendered":"<p>[et_pb_section fb_built=\u00bb1&#8243; _builder_version=\u00bb4.27.4&#8243; _module_preset=\u00bbdefault\u00bb background_color=\u00bb#92857c\u00bb background_image=\u00bbhttps:\/\/fundacionporlajusticia.org\/wp-content\/uploads\/2022\/03\/Fonzo_Verde_Fundacion_baja.jpeg\u00bb global_colors_info=\u00bb{}\u00bb][et_pb_row admin_label=\u00bbComo\u00bb _builder_version=\u00bb4.16&#8243; _module_preset=\u00bbdefault\u00bb custom_padding=\u00bb||29px|||\u00bb global_colors_info=\u00bb{}\u00bb][et_pb_column type=\u00bb4_4&#8243; _builder_version=\u00bb4.16&#8243; _module_preset=\u00bbdefault\u00bb global_colors_info=\u00bb{}\u00bb][et_pb_text admin_label=\u00bbTitulo\u00bb _builder_version=\u00bb4.27.4&#8243; _module_preset=\u00bbdefault\u00bb text_font=\u00bb|700|||||||\u00bb text_text_color=\u00bb#FFFFFF\u00bb text_orientation=\u00bbcenter\u00bb background_layout=\u00bbdark\u00bb custom_padding=\u00bb7px|||||\u00bb animation_style=\u00bbfold\u00bb global_colors_info=\u00bb{}\u00bb]<\/p>\n<h2 style=\"text-align: center;\"><span style=\"color: #92857c;\">ABORDAMOS CONFLICTOS ARMADOS DEL SUR PARA <\/span><\/h2>\n<h2 style=\"text-align: center;\"><span style=\"color: #92857c;\">GENERAR CULTURA DE PAZ DESDE EL NORTE<\/span><\/h2>\n<p>[\/et_pb_text][\/et_pb_column][\/et_pb_row][\/et_pb_section][et_pb_section fb_built=\u00bb1&#8243; fullwidth=\u00bbon\u00bb _builder_version=\u00bb4.27.4&#8243; _module_preset=\u00bbdefault\u00bb global_colors_info=\u00bb{}\u00bb][et_pb_fullwidth_image title_text=\u00bbWhatsApp Image 2025-04-17 at 11.54.48&#8243; _builder_version=\u00bb4.27.4&#8243; _module_preset=\u00bbdefault\u00bb background_image=\u00bbhttps:\/\/fundacionporlajusticia.org\/wp-content\/uploads\/2025\/04\/WhatsApp-Image-2025-04-17-at-11.54.48-e1758803986251.jpeg\u00bb parallax=\u00bbon\u00bb min_height=\u00bb600px\u00bb global_colors_info=\u00bb{}\u00bb][\/et_pb_fullwidth_image][\/et_pb_section][et_pb_section fb_built=\u00bb1&#8243; _builder_version=\u00bb4.27.4&#8243; _module_preset=\u00bbdefault\u00bb global_colors_info=\u00bb{}\u00bb][et_pb_row _builder_version=\u00bb4.27.4&#8243; _module_preset=\u00bbdefault\u00bb global_colors_info=\u00bb{}\u00bb][et_pb_column type=\u00bb4_4&#8243; _builder_version=\u00bb4.27.4&#8243; _module_preset=\u00bbdefault\u00bb global_colors_info=\u00bb{}\u00bb][et_pb_text _builder_version=\u00bb4.27.4&#8243; _module_preset=\u00bbdefault\u00bb custom_padding=\u00bb||0px|||\u00bb global_colors_info=\u00bb{}\u00bb]<\/p>\n<p><span style=\"font-size: large;\"><strong>T\u00cdTULO: Abordamos conflictos armados del Sur para generar cultura de paz desde el Norte<\/strong><\/span><\/p>\n<p><span style=\"font-size: large;\"><strong>Financiador: Generalitat Valenciana, CVONGD y Caixa Popular<\/strong><\/span><br \/><span style=\"font-size: large;\"><strong>Presupuesto total: 99.402 \u20ac<\/strong><\/span><br \/><span style=\"font-size: large;\"><strong>Importe subvenci\u00f3n: 92.408 \u20ac (GVA) + 3.034 \u20ac (CVONGD + Caixa Popular)<\/strong><\/span><br \/><span style=\"font-size: large;\"><strong>Fecha inicio: 01\/01\/2025<\/strong><\/span><br \/><span style=\"font-size: large;\"><strong>Fecha fin: 31\/12\/2025<\/strong><\/span><\/p>\n<p>&nbsp;<\/p>\n<p>[\/et_pb_text][et_pb_divider _builder_version=\u00bb4.27.4&#8243; _module_preset=\u00bbdefault\u00bb global_colors_info=\u00bb{}\u00bb][\/et_pb_divider][et_pb_text admin_label=\u00bbTitulo\u00bb _builder_version=\u00bb4.27.5&#8243; _module_preset=\u00bbdefault\u00bb text_font=\u00bb|700|||||||\u00bb text_text_color=\u00bb#FFFFFF\u00bb text_orientation=\u00bbcenter\u00bb background_layout=\u00bbdark\u00bb custom_padding=\u00bb7px|||||\u00bb animation_style=\u00bbfold\u00bb global_colors_info=\u00bb{}\u00bb]<\/p>\n<h2 style=\"text-align: center;\"><span style=\"color: #92857c;\"><i>Descripci\u00f3n del programa<\/i><\/span><\/h2>\n<p>[\/et_pb_text][et_pb_text _builder_version=\u00bb4.27.4&#8243; _module_preset=\u00bbdefault\u00bb custom_padding=\u00bb||0px|||\u00bb global_colors_info=\u00bb{}\u00bb]<\/p>\n<p style=\"text-align: justify;\"><span style=\"font-weight: 400;\">En un contexto global marcado por el aumento de la violencia, las migraciones forzadas, la emergencia clim\u00e1tica y la expansi\u00f3n de la desinformaci\u00f3n, se hace cada vez m\u00e1s urgente promover una ciudadan\u00eda comprometida con la defensa de los derechos humanos y la construcci\u00f3n de paz. Frente a esta necesidad, Fundaci\u00f3n por la Justicia impulsa un proyecto de Educaci\u00f3n para la Ciudadan\u00eda Global centrado en los conflictos armados del Sur Global, con un enfoque basado en derechos humanos y cultura de paz. Tomando como referencia el caso de Colombia, la iniciativa busca generar conciencia cr\u00edtica sobre la complejidad de estos conflictos, sus causas estructurales, sus consecuencias sociales y la responsabilidad compartida que tiene tambi\u00e9n el Norte Global.<\/span><\/p>\n<p style=\"text-align: justify;\"><span style=\"font-weight: 400;\">A trav\u00e9s de una programaci\u00f3n diversa de actividades, el proyecto crea espacios de reflexi\u00f3n y debate abiertos a la ciudadan\u00eda valenciana, poniendo en valor las voces de personas expertas, activistas, organizaciones sociales y, especialmente, los testimonios de personas afectadas por situaciones de conflicto. Se promueve as\u00ed una comprensi\u00f3n profunda de las din\u00e1micas de la guerra y sus impactos, pero tambi\u00e9n de las posibilidades de transformaci\u00f3n social desde la participaci\u00f3n ciudadana y el trabajo en red. La producci\u00f3n y difusi\u00f3n de materiales audiovisuales de car\u00e1cter testimonial desempe\u00f1a un papel central, no solo como herramienta de sensibilizaci\u00f3n, sino tambi\u00e9n como medio de empoderamiento de quienes han vivido directamente estas realidades.<\/span><\/p>\n<p style=\"text-align: justify;\"><span style=\"font-weight: 400;\">El proyecto pone un foco especial en la juventud, tanto valenciana como colombiana, a trav\u00e9s de talleres educativos, procesos participativos de creaci\u00f3n audiovisual y una jornada de reflexi\u00f3n espec\u00edficamente dirigida a este colectivo. Adem\u00e1s, incorpora acciones para garantizar la accesibilidad y la inclusi\u00f3n de personas y colectivos en situaci\u00f3n de vulnerabilidad, al tiempo que refuerza alianzas con instituciones p\u00fablicas, entidades sociales y actores clave en el \u00e1mbito de los derechos humanos. Esta iniciativa se desarrolla en paralelo al XVI Humans Fest, que en esa edici\u00f3n aborda precisamente la tem\u00e1tica de los conflictos armados y la cultura de paz, ampliando su impacto y alcance social. Con todo ello, se busca contribuir al fortalecimiento de una ciudadan\u00eda cr\u00edtica, global y diversa, capaz de incidir en la promoci\u00f3n de pol\u00edticas p\u00fablicas orientadas a la paz y la justicia social, sin dejar a nadie atr\u00e1s.<\/span><\/p>\n<p style=\"text-align: justify;\">\n<p>[\/et_pb_text][\/et_pb_column][\/et_pb_row][et_pb_row _builder_version=\u00bb4.27.4&#8243; _module_preset=\u00bbdefault\u00bb global_colors_info=\u00bb{}\u00bb][et_pb_column type=\u00bb4_4&#8243; _builder_version=\u00bb4.27.4&#8243; _module_preset=\u00bbdefault\u00bb global_colors_info=\u00bb{}\u00bb][et_pb_button button_text=\u00bbEvaluaci\u00f3n externa del proyecto\u00bb button_alignment=\u00bbcenter\u00bb _builder_version=\u00bb4.27.5&#8243; _module_preset=\u00bbdefault\u00bb custom_button=\u00bbon\u00bb button_text_size=\u00bb18px\u00bb button_text_color=\u00bb#ada39a\u00bb transform_scale=\u00bb105%|105%\u00bb hover_enabled=\u00bb0&#8243; global_colors_info=\u00bb{}\u00bb button_url=\u00bbhttps:\/\/fundacionporlajusticia.org\/wp-content\/uploads\/2026\/04\/INFORME-EVALUACION.pdf\u00bb sticky_enabled=\u00bb0&#8243;][\/et_pb_button][et_pb_button button_url=\u00bbhttps:\/\/humansmedia.org\/pages\/video\/67d0652d-a2d1-4837-adfb-5edbddb4bcb3&#8243; button_text=\u00bbV\u00eddeo participativo &#8216;Manual de empadronamiento'\u00bb button_alignment=\u00bbcenter\u00bb _builder_version=\u00bb4.27.5&#8243; _module_preset=\u00bbdefault\u00bb custom_button=\u00bbon\u00bb button_text_size=\u00bb18px\u00bb button_text_color=\u00bb#ada39a\u00bb transform_scale=\u00bb105%|105%\u00bb hover_enabled=\u00bb0&#8243; global_colors_info=\u00bb{}\u00bb sticky_enabled=\u00bb0&#8243;][\/et_pb_button][et_pb_button button_url=\u00bbhttps:\/\/humansmedia.org\/pages\/video\/1c03a2c2-3b86-438f-ba84-ace881208dfb\u00bb button_text=\u00bbV\u00eddeo participativo &#8216;Cuchara caliente, aj\u00ed picante'\u00bb button_alignment=\u00bbcenter\u00bb _builder_version=\u00bb4.27.4&#8243; _module_preset=\u00bbdefault\u00bb custom_button=\u00bbon\u00bb button_text_size=\u00bb18px\u00bb button_text_color=\u00bb#ada39a\u00bb transform_scale=\u00bb105%|105%\u00bb global_colors_info=\u00bb{}\u00bb][\/et_pb_button][et_pb_button button_url=\u00bbhttps:\/\/humansmedia.org\/pages\/video\/50523e97-36ec-46ad-aa70-823038f19d91&#8243; button_text=\u00bbV\u00eddeo participativo &#8216;Las chicas de la calle revoluci\u00f3n'\u00bb button_alignment=\u00bbcenter\u00bb _builder_version=\u00bb4.27.4&#8243; _module_preset=\u00bbdefault\u00bb custom_button=\u00bbon\u00bb button_text_size=\u00bb18px\u00bb button_text_color=\u00bb#ada39a\u00bb transform_scale=\u00bb105%|105%\u00bb global_colors_info=\u00bb{}\u00bb][\/et_pb_button][et_pb_button button_url=\u00bbhttps:\/\/humansmedia.org\/pages\/video\/352b4637-680b-4188-a0f5-bdf3b20f5458&#8243; button_text=\u00bbV\u00eddeo participativo &#8216;Idiomas: identidad y memoria'\u00bb button_alignment=\u00bbcenter\u00bb _builder_version=\u00bb4.27.4&#8243; _module_preset=\u00bbdefault\u00bb custom_button=\u00bbon\u00bb button_text_size=\u00bb18px\u00bb button_text_color=\u00bb#ada39a\u00bb transform_scale=\u00bb105%|105%\u00bb global_colors_info=\u00bb{}\u00bb][\/et_pb_button][et_pb_button button_url=\u00bbhttps:\/\/youtube.com\/playlist?list=PLTf-20K_nb7L0o4uuMK77B7gKxYIdH39G&#038;si=AurHw7dndfaQJduO\u00bb url_new_window=\u00bbon\u00bb button_text=\u00bbV\u00eddeos participativos realizados en Colombia\u00bb button_alignment=\u00bbcenter\u00bb _builder_version=\u00bb4.27.5&#8243; _module_preset=\u00bbdefault\u00bb custom_button=\u00bbon\u00bb button_text_size=\u00bb18px\u00bb button_text_color=\u00bb#ada39a\u00bb transform_scale=\u00bb105%|105%\u00bb global_colors_info=\u00bb{}\u00bb][\/et_pb_button][\/et_pb_column][\/et_pb_row][\/et_pb_section][et_pb_section fb_built=\u00bb1&#8243; admin_label=\u00bbSecci\u00f3n\u00bb _builder_version=\u00bb4.27.4&#8243; _module_preset=\u00bbdefault\u00bb background_color=\u00bb#92857c\u00bb background_image=\u00bbhttps:\/\/fundacionporlajusticia.org\/wp-content\/uploads\/2022\/03\/Fonzo_Verde_Fundacion_baja.jpeg\u00bb locked=\u00bboff\u00bb global_colors_info=\u00bb{}\u00bb][et_pb_row admin_label=\u00bbComo\u00bb _builder_version=\u00bb4.16&#8243; _module_preset=\u00bbdefault\u00bb collapsed=\u00bboff\u00bb global_colors_info=\u00bb{}\u00bb][et_pb_column type=\u00bb4_4&#8243; _builder_version=\u00bb4.16&#8243; _module_preset=\u00bbdefault\u00bb global_colors_info=\u00bb{}\u00bb][\/et_pb_column][\/et_pb_row][\/et_pb_section][et_pb_section fb_built=\u00bb1&#8243; _builder_version=\u00bb4.16&#8243; _module_preset=\u00bbdefault\u00bb global_colors_info=\u00bb{}\u00bb][et_pb_row _builder_version=\u00bb4.16&#8243; _module_preset=\u00bbdefault\u00bb global_colors_info=\u00bb{}\u00bb][et_pb_column type=\u00bb4_4&#8243; _builder_version=\u00bb4.16&#8243; _module_preset=\u00bbdefault\u00bb global_colors_info=\u00bb{}\u00bb][et_pb_text admin_label=\u00bbTexto\u00bb _builder_version=\u00bb4.17.1&#8243; _module_preset=\u00bbdefault\u00bb global_colors_info=\u00bb{}\u00bb]<\/p>\n<h3 style=\"text-align: center;\">Proyectos relacionados<\/h3>\n<p>[\/et_pb_text][et_pb_divider _builder_version=\u00bb4.17.1&#8243; _module_preset=\u00bbdefault\u00bb global_colors_info=\u00bb{}\u00bb][\/et_pb_divider][et_pb_blog fullwidth=\u00bboff\u00bb posts_number=\u00bb9&#8243; include_categories=\u00bb6&#8243; excerpt_length=\u00bb498&#8243; show_author=\u00bboff\u00bb _builder_version=\u00bb4.17.1&#8243; _module_preset=\u00bbdefault\u00bb border_radii_image=\u00bbon|10px|10px|10px|10px\u00bb global_colors_info=\u00bb{}\u00bb][\/et_pb_blog][\/et_pb_column][\/et_pb_row][\/et_pb_section]<\/p>\n","protected":false},"excerpt":{"rendered":"<p>ABORDAMOS CONFLICTOS ARMADOS DEL SUR PARA GENERAR CULTURA DE PAZ DESDE EL NORTET\u00cdTULO: Abordamos conflictos armados del Sur para generar cultura de paz desde el Norte Financiador: Generalitat Valenciana, CVONGD y Caixa PopularPresupuesto total: 99.402 \u20acImporte subvenci\u00f3n: 92.408 \u20ac (GVA) + 3.034 \u20ac (CVONGD + Caixa Popular)Fecha inicio: 01\/01\/2025Fecha fin: 31\/12\/2025 &nbsp;Descripci\u00f3n del programaEn un [&hellip;]<\/p>\n","protected":false},"author":2,"featured_media":0,"parent":4313,"menu_order":0,"comment_status":"closed","ping_status":"closed","template":"","meta":{"_et_pb_use_builder":"on","_et_pb_old_content":"<p>[et_pb_section fb_built=\"1\" _builder_version=\"4.27.4\" _module_preset=\"default\" background_color=\"#92857c\" background_image=\"https:\/\/fundacionporlajusticia.org\/wp-content\/uploads\/2022\/03\/Fonzo_Verde_Fundacion_baja.jpeg\" global_colors_info=\"{}\"][et_pb_row admin_label=\"Como\" _builder_version=\"4.16\" _module_preset=\"default\" custom_padding=\"||29px|||\" global_colors_info=\"{}\"][et_pb_column type=\"4_4\" _builder_version=\"4.16\" _module_preset=\"default\" global_colors_info=\"{}\"][et_pb_text admin_label=\"Titulo\" _builder_version=\"4.27.4\" _module_preset=\"default\" text_font=\"|700|||||||\" text_text_color=\"#FFFFFF\" text_orientation=\"center\" background_layout=\"dark\" custom_padding=\"7px|||||\" animation_style=\"fold\" global_colors_info=\"{}\"]<\/p><h2 style=\"text-align: center;\"><span style=\"color: #92857c;\">FUTUROS EN LIBERTAD. DEFENSORAS DDHH (2025)<\/span><i><\/i><\/h2><p>[\/et_pb_text][et_pb_text admin_label=\"Titulo\" _builder_version=\"4.27.4\" _module_preset=\"default\" text_font=\"|700|||||||\" text_text_color=\"#FFFFFF\" text_orientation=\"center\" background_layout=\"dark\" custom_padding=\"7px|||||\" animation_style=\"fold\" global_colors_info=\"{}\"]<\/p><h2><em><span style=\"color: #92857c;\"><span style=\"font-size: medium;\">Voces del exilio. Consecuencias del conflicto en Colombia para activistas de Derechos Humanos<\/span><\/span><\/em><\/h2><p>\u00a0<\/p><p>[\/et_pb_text][\/et_pb_column][\/et_pb_row][\/et_pb_section][et_pb_section fb_built=\"1\" _builder_version=\"4.27.4\" _module_preset=\"default\" global_colors_info=\"{}\"][et_pb_row _builder_version=\"4.27.4\" _module_preset=\"default\" global_colors_info=\"{}\"][et_pb_column type=\"4_4\" _builder_version=\"4.27.4\" _module_preset=\"default\" global_colors_info=\"{}\"][et_pb_text _builder_version=\"4.27.4\" _module_preset=\"default\" custom_padding=\"||0px|||\" global_colors_info=\"{}\"]<\/p><p><span style=\"font-size: large;\"><strong>T\u00cdTULO: Voces del exilio. Consecuencias del conflicto en Colombia para activistas de Derechos Humanos<\/strong><\/span><\/p><p><span style=\"font-size: large;\"><strong>Financiador: Generalitat Valenciana<\/strong><\/span><br \/><span style=\"font-size: large;\"><strong>Presupuesto total: 38.763\u20ac<\/strong><\/span><br \/><span style=\"font-size: large;\"><strong>Importe subvenci\u00f3n: 37.903\u20ac<\/strong><\/span><br \/><span style=\"font-size: large;\"><strong>Fecha inicio: 01\/01\/2025<\/strong><\/span><br \/><span style=\"font-size: large;\"><strong>Fecha fin: 31\/12\/2025<\/strong><\/span><\/p><p>\u00a0<\/p><p>[\/et_pb_text][et_pb_text admin_label=\"Titulo\" _builder_version=\"4.27.4\" _module_preset=\"default\" text_font=\"|700|||||||\" text_text_color=\"#FFFFFF\" text_orientation=\"center\" background_layout=\"dark\" custom_padding=\"7px|||||\" animation_style=\"fold\" global_colors_info=\"{}\"]<\/p><h2 style=\"text-align: center;\"><span style=\"color: #92857c;\"><i>Resumen<\/i><\/span><i><\/i><\/h2><p>[\/et_pb_text][et_pb_text _builder_version=\"4.27.4\" _module_preset=\"default\" custom_padding=\"||0px|||\" global_colors_info=\"{}\"]<\/p><p style=\"text-align: justify;\"><span style=\"font-weight: 400;\">Este proyecto pone el foco en la cr\u00edtica situaci\u00f3n de violencia, hostigamiento y vulneraci\u00f3n de derechos que enfrentan las personas defensoras de los derechos humanos, l\u00edderes y lideresas sociales en Colombia. A ra\u00edz del conflicto armado y la persistencia de din\u00e1micas de persecuci\u00f3n, muchas de estas personas sufren amenazas, agresiones f\u00edsicas, desplazamientos forzados, exilio y, en los casos m\u00e1s extremos, asesinatos selectivos. La falta de respuesta efectiva por parte del Estado, sumada a un preocupante nivel de impunidad, agrava la vulnerabilidad de quienes se dedican a proteger los derechos fundamentales de sus comunidades. Especialmente alarmante es el aumento de las agresiones por raz\u00f3n de g\u00e9nero, que afectan de manera espec\u00edfica a mujeres lideresas y defensoras, sometidas tambi\u00e9n a tortura psicol\u00f3gica, violencia sexual y amenazas contra su entorno m\u00e1s cercano.<\/span><\/p><p style=\"text-align: justify;\"><span style=\"font-weight: 400;\">La intervenci\u00f3n busca concienciar a la sociedad valenciana sobre estas realidades invisibilizadas y generar espacios de empat\u00eda, compromiso y acci\u00f3n. Para ello, se promueve una ciudadan\u00eda cr\u00edtica e informada que entienda la gravedad de la situaci\u00f3n de las personas defensoras en Colombia y apoye la necesidad de pol\u00edticas p\u00fablicas de protecci\u00f3n efectiva, tanto a nivel internacional como en nuestra propia comunidad. Las actividades del proyecto incluyen campa\u00f1as de sensibilizaci\u00f3n, charlas, encuentros con activistas, materiales audiovisuales y colaboraciones con medios de comunicaci\u00f3n, con el objetivo de amplificar estas voces y poner en el centro su papel esencial en la construcci\u00f3n de paz y democracia.<\/span><\/p><p style=\"text-align: justify;\"><span style=\"font-weight: 400;\">Al mismo tiempo, se refuerzan los v\u00ednculos de cooperaci\u00f3n entre organizaciones de derechos humanos de Colombia y la Comunitat Valenciana. Fundaci\u00f3n por la Justicia mantiene una relaci\u00f3n activa y comprometida con entidades colombianas con amplia trayectoria en la defensa de los derechos fundamentales, como la Comisi\u00f3n Colombiana de Juristas, y apuesta por seguir fortaleciendo estas alianzas. El trabajo conjunto permitir\u00e1 no solo una mayor eficacia en las acciones de sensibilizaci\u00f3n, sino tambi\u00e9n avanzar hacia una cooperaci\u00f3n transformadora y horizontal, basada en la justicia global, que conecte las luchas del Sur con la implicaci\u00f3n solidaria del Norte.<\/span><\/p><p>[\/et_pb_text][\/et_pb_column][\/et_pb_row][et_pb_row _builder_version=\"4.27.4\" _module_preset=\"default\" global_colors_info=\"{}\"][et_pb_column type=\"4_4\" _builder_version=\"4.27.4\" _module_preset=\"default\" global_colors_info=\"{}\"][et_pb_button button_text=\"Evaluaci\u00f3n interna del proyecto (pr\u00f3ximamente)\" button_alignment=\"center\" _builder_version=\"4.27.4\" _module_preset=\"default\" custom_button=\"on\" button_text_size=\"18px\" button_text_color=\"#ada39a\" transform_scale=\"105%|105%\" hover_enabled=\"0\" global_colors_info=\"{}\" sticky_enabled=\"0\"][\/et_pb_button][et_pb_button button_text=\"Documental (pr\u00f3ximamente)\" button_alignment=\"center\" _builder_version=\"4.27.4\" _module_preset=\"default\" custom_button=\"on\" button_text_size=\"18px\" button_text_color=\"#ada39a\" transform_scale=\"105%|105%\" hover_enabled=\"0\" global_colors_info=\"{}\" sticky_enabled=\"0\"][\/et_pb_button][\/et_pb_column][\/et_pb_row][\/et_pb_section][et_pb_section fb_built=\"1\" admin_label=\"Secci\u00f3n\" _builder_version=\"4.27.4\" _module_preset=\"default\" background_color=\"#92857c\" background_image=\"https:\/\/fundacionporlajusticia.org\/wp-content\/uploads\/2022\/03\/Fonzo_Verde_Fundacion_baja.jpeg\" locked=\"off\" global_colors_info=\"{}\"][et_pb_row admin_label=\"Como\" _builder_version=\"4.16\" _module_preset=\"default\" collapsed=\"off\" global_colors_info=\"{}\"][et_pb_column type=\"4_4\" _builder_version=\"4.16\" _module_preset=\"default\" global_colors_info=\"{}\"][\/et_pb_column][\/et_pb_row][\/et_pb_section][et_pb_section fb_built=\"1\" _builder_version=\"4.16\" _module_preset=\"default\" global_colors_info=\"{}\"][et_pb_row _builder_version=\"4.16\" _module_preset=\"default\" global_colors_info=\"{}\"][et_pb_column type=\"4_4\" _builder_version=\"4.16\" _module_preset=\"default\" global_colors_info=\"{}\"][et_pb_text admin_label=\"Texto\" _builder_version=\"4.17.1\" _module_preset=\"default\" global_colors_info=\"{}\"]<\/p><h3 style=\"text-align: center;\">Proyectos relacionados<\/h3><p>[\/et_pb_text][et_pb_divider _builder_version=\"4.17.1\" _module_preset=\"default\" global_colors_info=\"{}\"][\/et_pb_divider][et_pb_blog fullwidth=\"off\" posts_number=\"9\" include_categories=\"6\" excerpt_length=\"498\" show_author=\"off\" _builder_version=\"4.17.1\" _module_preset=\"default\" border_radii_image=\"on|10px|10px|10px|10px\" global_colors_info=\"{}\"][\/et_pb_blog][\/et_pb_column][\/et_pb_row][\/et_pb_section]<\/p>","_et_gb_content_width":"","_uf_show_specific_survey":0,"_uf_disable_surveys":false,"footnotes":""},"class_list":["post-13577","page","type-page","status-publish","hentry"],"aioseo_notices":[],"_links":{"self":[{"href":"https:\/\/fundacionporlajusticia.org\/en\/wp-json\/wp\/v2\/pages\/13577","targetHints":{"allow":["GET"]}}],"collection":[{"href":"https:\/\/fundacionporlajusticia.org\/en\/wp-json\/wp\/v2\/pages"}],"about":[{"href":"https:\/\/fundacionporlajusticia.org\/en\/wp-json\/wp\/v2\/types\/page"}],"author":[{"embeddable":true,"href":"https:\/\/fundacionporlajusticia.org\/en\/wp-json\/wp\/v2\/users\/2"}],"replies":[{"embeddable":true,"href":"https:\/\/fundacionporlajusticia.org\/en\/wp-json\/wp\/v2\/comments?post=13577"}],"version-history":[{"count":15,"href":"https:\/\/fundacionporlajusticia.org\/en\/wp-json\/wp\/v2\/pages\/13577\/revisions"}],"predecessor-version":[{"id":14270,"href":"https:\/\/fundacionporlajusticia.org\/en\/wp-json\/wp\/v2\/pages\/13577\/revisions\/14270"}],"up":[{"embeddable":true,"href":"https:\/\/fundacionporlajusticia.org\/en\/wp-json\/wp\/v2\/pages\/4313"}],"wp:attachment":[{"href":"https:\/\/fundacionporlajusticia.org\/en\/wp-json\/wp\/v2\/media?parent=13577"}],"curies":[{"name":"wp","href":"https:\/\/api.w.org\/{rel}","templated":true}]}}