{"id":13551,"date":"2025-09-25T13:34:58","date_gmt":"2025-09-25T11:34:58","guid":{"rendered":"https:\/\/fundacionporlajusticia.org\/?page_id=13551"},"modified":"2025-09-25T13:34:59","modified_gmt":"2025-09-25T11:34:59","slug":"futuros-en-libertad-defensoras-de-ddhh-2023","status":"publish","type":"page","link":"https:\/\/fundacionporlajusticia.org\/en\/proyectos\/sensibilizacion\/futuros-en-libertad-defensoras-ddhh\/futuros-en-libertad-defensoras-de-ddhh-2023\/","title":{"rendered":"Futures in Freedom. Human Rights Defenders (2023)"},"content":{"rendered":"<p>[et_pb_section fb_built=\u00bb1&#8243; _builder_version=\u00bb4.27.4&#8243; _module_preset=\u00bbdefault\u00bb background_color=\u00bb#92857c\u00bb background_image=\u00bbhttps:\/\/fundacionporlajusticia.org\/wp-content\/uploads\/2022\/03\/Fonzo_Verde_Fundacion_baja.jpeg\u00bb global_colors_info=\u00bb{}\u00bb][et_pb_row admin_label=\u00bbComo\u00bb _builder_version=\u00bb4.16&#8243; _module_preset=\u00bbdefault\u00bb global_colors_info=\u00bb{}\u00bb][et_pb_column type=\u00bb4_4&#8243; _builder_version=\u00bb4.16&#8243; _module_preset=\u00bbdefault\u00bb global_colors_info=\u00bb{}\u00bb][et_pb_text admin_label=\u00bbTitulo\u00bb _builder_version=\u00bb4.27.4&#8243; _module_preset=\u00bbdefault\u00bb text_font=\u00bb|700|||||||\u00bb text_text_color=\u00bb#FFFFFF\u00bb text_orientation=\u00bbcenter\u00bb background_layout=\u00bbdark\u00bb custom_padding=\u00bb7px|||||\u00bb animation_style=\u00bbfold\u00bb global_colors_info=\u00bb{}\u00bb]<\/p>\n<h2 style=\"text-align: center;\"><span style=\"color: #92857c;\">FUTUROS EN LIBERTAD. DEFENSORAS DDHH (2023)<\/span><i><\/i><\/h2>\n<p>[\/et_pb_text][et_pb_text admin_label=\u00bbTitulo\u00bb _builder_version=\u00bb4.27.4&#8243; _module_preset=\u00bbdefault\u00bb text_font=\u00bb|700|||||||\u00bb text_text_color=\u00bb#FFFFFF\u00bb text_orientation=\u00bbcenter\u00bb background_layout=\u00bbdark\u00bb custom_padding=\u00bb7px|||||\u00bb animation_style=\u00bbfold\u00bb global_colors_info=\u00bb{}\u00bb]<\/p>\n<h2><em><span style=\"color: #92857c;\"><span style=\"font-size: medium;\">Visibilizaci\u00f3n y defensa de activistas de derechos humanos por parte de Abogados y Abogadas <br \/>defensores de Derechos Humanos en Guatemala<br \/><\/span><\/span><\/em><i><\/i><\/h2>\n<p>[\/et_pb_text][\/et_pb_column][\/et_pb_row][\/et_pb_section][et_pb_section fb_built=\u00bb1&#8243; _builder_version=\u00bb4.27.4&#8243; _module_preset=\u00bbdefault\u00bb global_colors_info=\u00bb{}\u00bb][et_pb_row _builder_version=\u00bb4.27.4&#8243; _module_preset=\u00bbdefault\u00bb global_colors_info=\u00bb{}\u00bb][et_pb_column type=\u00bb4_4&#8243; _builder_version=\u00bb4.27.4&#8243; _module_preset=\u00bbdefault\u00bb global_colors_info=\u00bb{}\u00bb][et_pb_text _builder_version=\u00bb4.27.4&#8243; _module_preset=\u00bbdefault\u00bb custom_padding=\u00bb||0px|||\u00bb global_colors_info=\u00bb{}\u00bb]<\/p>\n<p><span style=\"font-size: large;\"><strong>T\u00cdTULO: Visibilizaci\u00f3n y defensa de activistas de Derechos Humanos por parte de Abogados y Abogadas defensores de Derechos Humanos en Guatemala<\/strong><\/span><\/p>\n<p><span style=\"font-size: large;\"><strong>Financiador: Generalitat Valenciana <\/strong><\/span><br \/><span style=\"font-size: large;\"><strong>Presupuesto total: 31.104 \u20ac<\/strong><\/span><br \/><span style=\"font-size: large;\"><strong>Importe subvenci\u00f3n: 24.718 \u20ac<\/strong><\/span><br \/><span style=\"font-size: large;\"><strong>Fecha inicio: 15\/06\/2023<\/strong><\/span><br \/><span style=\"font-size: large;\"><strong>Fecha fin: 14\/12\/2023<\/strong><\/span><\/p>\n<p>&nbsp;<\/p>\n<p>[\/et_pb_text][et_pb_text admin_label=\u00bbTitulo\u00bb _builder_version=\u00bb4.27.4&#8243; _module_preset=\u00bbdefault\u00bb text_font=\u00bb|700|||||||\u00bb text_text_color=\u00bb#FFFFFF\u00bb text_orientation=\u00bbcenter\u00bb background_layout=\u00bbdark\u00bb custom_padding=\u00bb7px|||||\u00bb animation_style=\u00bbfold\u00bb global_colors_info=\u00bb{}\u00bb]<\/p>\n<h2 style=\"text-align: center;\"><span style=\"color: #92857c;\"><i>Resumen<\/i><\/span><i><\/i><\/h2>\n<p>[\/et_pb_text][et_pb_text _builder_version=\u00bb4.27.4&#8243; _module_preset=\u00bbdefault\u00bb custom_padding=\u00bb||0px|||\u00bb global_colors_info=\u00bb{}\u00bb]<\/p>\n<p style=\"text-align: justify;\"><span style=\"font-weight: 400;\">Este proyecto busca visibilizar y denunciar la situaci\u00f3n de violencia, hostigamiento y discriminaci\u00f3n que enfrentan los abogados y abogadas defensoras de derechos humanos en Guatemala. Se trata de profesionales que no solo acompa\u00f1an a personas y colectivos en contextos de vulneraci\u00f3n de derechos, sino que tambi\u00e9n defienden a quienes ejercen la labor de defensa, viendo limitado incluso su propio derecho a ejercer. Desde 2019, la criminalizaci\u00f3n y estigmatizaci\u00f3n hacia estos profesionales ha ido en aumento, afectando gravemente la independencia judicial y el acceso a la justicia en el pa\u00eds.<\/span><\/p>\n<p style=\"text-align: justify;\"><span style=\"font-weight: 400;\">La informaci\u00f3n facilitada por la asociaci\u00f3n CALDH evidencia c\u00f3mo esta problem\u00e1tica se expresa en m\u00faltiples dimensiones: desde el incumplimiento de resoluciones del Tribunal Constitucional hasta la promoci\u00f3n de leyes regresivas, pasando por la salida de la CICIG, las amenazas al Procurador de Derechos Humanos y el debilitamiento de la presencia de la Oficina del Alto Comisionado de Naciones Unidas para los Derechos Humanos. A ello se suman presiones y ataques contra jueces y fiscales independientes, lo que dibuja un panorama de gran vulnerabilidad para quienes defienden la justicia en Guatemala. Frente a este contexto, la intervenci\u00f3n pretende sensibilizar a la sociedad valenciana y promover su implicaci\u00f3n en la defensa de quienes arriesgan su vida y su profesi\u00f3n para garantizar derechos fundamentales.<\/span><\/p>\n<p style=\"text-align: justify;\"><span style=\"font-weight: 400;\">Al mismo tiempo, el proyecto fortalece las alianzas entre Fundaci\u00f3n por la Justicia y entidades guatemaltecas comprometidas con los derechos humanos, impulsando la firma de acuerdos y colaboraciones que hagan posible dar continuidad a estas acciones. De igual modo, se trabaja en la creaci\u00f3n de sinergias con organizaciones valencianas para potenciar actividades de sensibilizaci\u00f3n y divulgaci\u00f3n. El objetivo es construir una ciudadan\u00eda cr\u00edtica y solidaria, consciente de la importancia de proteger a quienes defienden los derechos humanos y capaz de exigir compromisos claros tanto a nivel local como internacional.<\/span><\/p>\n<p>[\/et_pb_text][\/et_pb_column][\/et_pb_row][et_pb_row _builder_version=\u00bb4.27.4&#8243; _module_preset=\u00bbdefault\u00bb global_colors_info=\u00bb{}\u00bb][et_pb_column type=\u00bb4_4&#8243; _builder_version=\u00bb4.27.4&#8243; _module_preset=\u00bbdefault\u00bb global_colors_info=\u00bb{}\u00bb][et_pb_button button_url=\u00bbhttps:\/\/drive.google.com\/open?id=1xj9haL1lvqsD7KRrXBsu-WNcJbLZ0AJ-&#038;usp=drive_fs\u00bb button_text=\u00bbEvaluaci\u00f3n interna del proyecto\u00bb button_alignment=\u00bbcenter\u00bb _builder_version=\u00bb4.27.4&#8243; _module_preset=\u00bbdefault\u00bb custom_button=\u00bbon\u00bb button_text_size=\u00bb18px\u00bb button_text_color=\u00bb#ada39a\u00bb transform_scale=\u00bb105%|105%\u00bb hover_enabled=\u00bb0&#8243; global_colors_info=\u00bb{}\u00bb sticky_enabled=\u00bb0&#8243;][\/et_pb_button][\/et_pb_column][\/et_pb_row][et_pb_row _builder_version=\u00bb4.27.4&#8243; _module_preset=\u00bbdefault\u00bb global_colors_info=\u00bb{}\u00bb][et_pb_column type=\u00bb4_4&#8243; _builder_version=\u00bb4.27.4&#8243; _module_preset=\u00bbdefault\u00bb global_colors_info=\u00bb{}\u00bb][et_pb_button button_url=\u00bbhttps:\/\/www.youtube.com\/watch?v=RmFRR5Rkx84&#8243; button_text=\u00bbDocumental &#8216;Derecho a la defensa en Guatemala'\u00bb button_alignment=\u00bbcenter\u00bb _builder_version=\u00bb4.27.4&#8243; _module_preset=\u00bbdefault\u00bb custom_button=\u00bbon\u00bb button_text_size=\u00bb18px\u00bb button_text_color=\u00bb#ada39a\u00bb transform_scale=\u00bb105%|105%\u00bb hover_enabled=\u00bb0&#8243; global_colors_info=\u00bb{}\u00bb sticky_enabled=\u00bb0&#8243;][\/et_pb_button][\/et_pb_column][\/et_pb_row][\/et_pb_section][et_pb_section fb_built=\u00bb1&#8243; admin_label=\u00bbSecci\u00f3n\u00bb _builder_version=\u00bb4.27.4&#8243; _module_preset=\u00bbdefault\u00bb background_color=\u00bb#92857c\u00bb background_image=\u00bbhttps:\/\/fundacionporlajusticia.org\/wp-content\/uploads\/2022\/03\/Fonzo_Verde_Fundacion_baja.jpeg\u00bb locked=\u00bboff\u00bb global_colors_info=\u00bb{}\u00bb][et_pb_row admin_label=\u00bbComo\u00bb _builder_version=\u00bb4.16&#8243; _module_preset=\u00bbdefault\u00bb collapsed=\u00bboff\u00bb global_colors_info=\u00bb{}\u00bb][et_pb_column type=\u00bb4_4&#8243; _builder_version=\u00bb4.16&#8243; _module_preset=\u00bbdefault\u00bb global_colors_info=\u00bb{}\u00bb][\/et_pb_column][\/et_pb_row][\/et_pb_section][et_pb_section fb_built=\u00bb1&#8243; _builder_version=\u00bb4.16&#8243; _module_preset=\u00bbdefault\u00bb global_colors_info=\u00bb{}\u00bb][et_pb_row _builder_version=\u00bb4.16&#8243; _module_preset=\u00bbdefault\u00bb global_colors_info=\u00bb{}\u00bb][et_pb_column type=\u00bb4_4&#8243; _builder_version=\u00bb4.16&#8243; _module_preset=\u00bbdefault\u00bb global_colors_info=\u00bb{}\u00bb][et_pb_text admin_label=\u00bbTexto\u00bb _builder_version=\u00bb4.17.1&#8243; _module_preset=\u00bbdefault\u00bb global_colors_info=\u00bb{}\u00bb]<\/p>\n<h3 style=\"text-align: center;\">Proyectos relacionados<\/h3>\n<p>[\/et_pb_text][et_pb_divider _builder_version=\u00bb4.17.1&#8243; _module_preset=\u00bbdefault\u00bb global_colors_info=\u00bb{}\u00bb][\/et_pb_divider][et_pb_blog fullwidth=\u00bboff\u00bb posts_number=\u00bb9&#8243; include_categories=\u00bb6&#8243; excerpt_length=\u00bb498&#8243; show_author=\u00bboff\u00bb _builder_version=\u00bb4.17.1&#8243; _module_preset=\u00bbdefault\u00bb border_radii_image=\u00bbon|10px|10px|10px|10px\u00bb global_colors_info=\u00bb{}\u00bb][\/et_pb_blog][\/et_pb_column][\/et_pb_row][\/et_pb_section]<\/p>\n","protected":false},"excerpt":{"rendered":"<p>FUTUROS EN LIBERTAD. DEFENSORAS DDHH (2023)Visibilizaci\u00f3n y defensa de activistas de derechos humanos por parte de Abogados y Abogadas defensores de Derechos Humanos en GuatemalaT\u00cdTULO: Visibilizaci\u00f3n y defensa de activistas de Derechos Humanos por parte de Abogados y Abogadas defensores de Derechos Humanos en Guatemala Financiador: Generalitat Valenciana Presupuesto total: 31.104 \u20acImporte subvenci\u00f3n: 24.718 \u20acFecha [&hellip;]<\/p>\n","protected":false},"author":2,"featured_media":0,"parent":13527,"menu_order":0,"comment_status":"closed","ping_status":"closed","template":"","meta":{"_et_pb_use_builder":"on","_et_pb_old_content":"<p>[et_pb_section fb_built=\"1\" _builder_version=\"4.27.4\" _module_preset=\"default\" background_color=\"#92857c\" background_image=\"https:\/\/fundacionporlajusticia.org\/wp-content\/uploads\/2022\/03\/Fonzo_Verde_Fundacion_baja.jpeg\" global_colors_info=\"{}\"][et_pb_row admin_label=\"Como\" _builder_version=\"4.16\" _module_preset=\"default\" global_colors_info=\"{}\"][et_pb_column type=\"4_4\" _builder_version=\"4.16\" _module_preset=\"default\" global_colors_info=\"{}\"][et_pb_text admin_label=\"Titulo\" _builder_version=\"4.27.4\" _module_preset=\"default\" text_font=\"|700|||||||\" text_text_color=\"#FFFFFF\" text_orientation=\"center\" background_layout=\"dark\" custom_padding=\"7px|||||\" animation_style=\"fold\" hover_enabled=\"0\" global_colors_info=\"{}\" sticky_enabled=\"0\"]<\/p><h2 style=\"text-align: center;\"><span style=\"color: #92857c;\">FUTUROS EN LIBERTAD. DEFENSORAS DDHH (2022)<\/span><i><\/i><\/h2><p>[\/et_pb_text][et_pb_text admin_label=\"Titulo\" _builder_version=\"4.27.4\" _module_preset=\"default\" text_font=\"|700|||||||\" text_text_color=\"#FFFFFF\" text_orientation=\"center\" background_layout=\"dark\" custom_padding=\"7px|||||\" animation_style=\"fold\" global_colors_info=\"{}\"]<\/p><h2><em><span style=\"color: #92857c;\"><span style=\"font-size: medium;\">Visibilizaci\u00f3n y defensa de activistas de derechos humanos vinculados a la libertad de expresi\u00f3n y prensa en El Salvador<\/span><\/span><\/em><i><\/i><\/h2><p>[\/et_pb_text][\/et_pb_column][\/et_pb_row][\/et_pb_section][et_pb_section fb_built=\"1\" _builder_version=\"4.27.4\" _module_preset=\"default\" global_colors_info=\"{}\"][et_pb_row _builder_version=\"4.27.4\" _module_preset=\"default\" global_colors_info=\"{}\"][et_pb_column type=\"4_4\" _builder_version=\"4.27.4\" _module_preset=\"default\" global_colors_info=\"{}\"][et_pb_text _builder_version=\"4.27.4\" _module_preset=\"default\" custom_padding=\"||0px|||\" global_colors_info=\"{}\"]<\/p><p><span style=\"font-size: large;\"><strong>T\u00cdTULO: Visibilizaci\u00f3n y defensa de activistas de derechos humanos vinculados a la libertad de expresi\u00f3n y prensa en El Salvador<\/strong><\/span><\/p><p><span style=\"font-size: large;\"><strong>Financiador: Generalitat Valenciana <\/strong><\/span><br \/><span style=\"font-size: large;\"><strong>Presupuesto total: 26.629,48 \u20ac<\/strong><\/span><br \/><span style=\"font-size: large;\"><strong>Importe subvenci\u00f3n: 24.914,07 \u20ac<\/strong><\/span><br \/><span style=\"font-size: large;\"><strong>Fecha inicio: 01\/06\/2022<\/strong><\/span><br \/><span style=\"font-size: large;\"><strong>Fecha fin: 30\/11\/2022<\/strong><\/span><\/p><p>\u00a0<\/p><p>[\/et_pb_text][et_pb_text admin_label=\"Titulo\" _builder_version=\"4.27.4\" _module_preset=\"default\" text_font=\"|700|||||||\" text_text_color=\"#FFFFFF\" text_orientation=\"center\" background_layout=\"dark\" custom_padding=\"7px|||||\" animation_style=\"fold\" global_colors_info=\"{}\"]<\/p><h2 style=\"text-align: center;\"><span style=\"color: #92857c;\"><i>Resumen<\/i><\/span><i><\/i><\/h2><p>[\/et_pb_text][et_pb_text _builder_version=\"4.27.4\" _module_preset=\"default\" custom_padding=\"||0px|||\" global_colors_info=\"{}\"]<\/p><p style=\"text-align: justify;\"><span style=\"font-weight: 400;\">Este proyecto pone el foco en la situaci\u00f3n cr\u00edtica que atraviesan periodistas y defensores de la libertad de expresi\u00f3n en El Salvador. En un contexto donde las instituciones del Estado se encuentran controladas por el partido de gobierno y no existen contrapesos independientes, los ataques contra medios y profesionales de la comunicaci\u00f3n se han intensificado. Detenciones arbitrarias, campa\u00f1as de desprestigio, hostigamiento judicial y fiscal, as\u00ed como la estigmatizaci\u00f3n en espacios p\u00fablicos son algunas de las pr\u00e1cticas que buscan silenciar a quienes investigan y denuncian los abusos de poder. Casos como el del peri\u00f3dico <\/span><i><span style=\"font-weight: 400;\">El Faro<\/span><\/i><span style=\"font-weight: 400;\"> reflejan con claridad estas din\u00e1micas de represi\u00f3n y persecuci\u00f3n.<\/span><\/p><p style=\"text-align: justify;\"><span style=\"font-weight: 400;\">La intervenci\u00f3n pretende trasladar a la sociedad valenciana la urgencia de denunciar estas vulneraciones y de reclamar garant\u00edas efectivas para que periodistas y activistas puedan ejercer su labor sin miedo a represalias. A trav\u00e9s de actividades de sensibilizaci\u00f3n, debate y formaci\u00f3n, se fomenta la construcci\u00f3n de una ciudadan\u00eda cr\u00edtica y consciente de la importancia de la libertad de prensa como pilar de la democracia y la justicia social. La implicaci\u00f3n de la sociedad valenciana resulta clave para exigir compromisos de protecci\u00f3n a los responsables pol\u00edticos y contribuir a que en El Salvador se implementen medidas reales que salvaguarden los derechos fundamentales de quienes ejercen el periodismo y la defensa de los derechos humanos.<\/span><\/p><p style=\"text-align: justify;\"><span style=\"font-weight: 400;\">El proyecto se enmarca adem\u00e1s en la Agenda 2030 y en el ODS 16, que apuesta por la paz, la justicia y la construcci\u00f3n de instituciones s\u00f3lidas. Promover la participaci\u00f3n ciudadana, tejer redes de solidaridad y visibilizar la realidad de las personas defensoras de derechos humanos se convierten as\u00ed en herramientas esenciales para no dejar a nadie atr\u00e1s. Desde este enfoque, la iniciativa busca despertar conciencia, movilizar compromisos y generar un impacto positivo tanto en la Comunitat Valenciana como en la protecci\u00f3n de quienes luchan por la libertad de expresi\u00f3n en El Salvador.<\/span><\/p><p>[\/et_pb_text][\/et_pb_column][\/et_pb_row][et_pb_row _builder_version=\"4.27.4\" _module_preset=\"default\" global_colors_info=\"{}\"][et_pb_column type=\"4_4\" _builder_version=\"4.27.4\" _module_preset=\"default\" global_colors_info=\"{}\"][et_pb_button button_url=\"https:\/\/drive.google.com\/open?id=1-6loQ75K8o14b1F7zWNISrL3ysOtdGCy&usp=drive_fs \" button_text=\"Evaluaci\u00f3n externa del proyecto\" button_alignment=\"center\" _builder_version=\"4.27.4\" _module_preset=\"default\" custom_button=\"on\" button_text_size=\"18px\" button_text_color=\"#ada39a\" transform_scale=\"105%|105%\" hover_enabled=\"0\" global_colors_info=\"{}\" sticky_enabled=\"0\"][\/et_pb_button][\/et_pb_column][\/et_pb_row][et_pb_row _builder_version=\"4.27.4\" _module_preset=\"default\" global_colors_info=\"{}\"][et_pb_column type=\"4_4\" _builder_version=\"4.27.4\" _module_preset=\"default\" global_colors_info=\"{}\"][et_pb_button button_url=\"https:\/\/humansmedia.org\/pages\/home?panel=849de87a-12c7-4858-a08b-1db24631b61c \" button_text=\"Documental 'Voces que resisten a la censura'\" button_alignment=\"center\" _builder_version=\"4.27.4\" _module_preset=\"default\" custom_button=\"on\" button_text_size=\"18px\" button_text_color=\"#ada39a\" transform_scale=\"105%|105%\" hover_enabled=\"0\" global_colors_info=\"{}\" sticky_enabled=\"0\"][\/et_pb_button][\/et_pb_column][\/et_pb_row][\/et_pb_section][et_pb_section fb_built=\"1\" admin_label=\"Secci\u00f3n\" _builder_version=\"4.27.4\" _module_preset=\"default\" background_color=\"#92857c\" background_image=\"https:\/\/fundacionporlajusticia.org\/wp-content\/uploads\/2022\/03\/Fonzo_Verde_Fundacion_baja.jpeg\" locked=\"off\" global_colors_info=\"{}\"][et_pb_row admin_label=\"Como\" _builder_version=\"4.16\" _module_preset=\"default\" collapsed=\"off\" global_colors_info=\"{}\"][et_pb_column type=\"4_4\" _builder_version=\"4.16\" _module_preset=\"default\" global_colors_info=\"{}\"][\/et_pb_column][\/et_pb_row][\/et_pb_section][et_pb_section fb_built=\"1\" _builder_version=\"4.16\" _module_preset=\"default\" global_colors_info=\"{}\"][et_pb_row _builder_version=\"4.16\" _module_preset=\"default\" global_colors_info=\"{}\"][et_pb_column type=\"4_4\" _builder_version=\"4.16\" _module_preset=\"default\" global_colors_info=\"{}\"][et_pb_text admin_label=\"Texto\" _builder_version=\"4.17.1\" _module_preset=\"default\" global_colors_info=\"{}\"]<\/p><h3 style=\"text-align: center;\">Proyectos relacionados<\/h3><p>[\/et_pb_text][et_pb_divider _builder_version=\"4.17.1\" _module_preset=\"default\" global_colors_info=\"{}\"][\/et_pb_divider][et_pb_blog fullwidth=\"off\" posts_number=\"9\" include_categories=\"6\" excerpt_length=\"498\" show_author=\"off\" _builder_version=\"4.17.1\" _module_preset=\"default\" border_radii_image=\"on|10px|10px|10px|10px\" global_colors_info=\"{}\"][\/et_pb_blog][\/et_pb_column][\/et_pb_row][\/et_pb_section]<\/p>","_et_gb_content_width":"","_uf_show_specific_survey":0,"_uf_disable_surveys":false,"footnotes":""},"class_list":["post-13551","page","type-page","status-publish","hentry"],"aioseo_notices":[],"_links":{"self":[{"href":"https:\/\/fundacionporlajusticia.org\/en\/wp-json\/wp\/v2\/pages\/13551","targetHints":{"allow":["GET"]}}],"collection":[{"href":"https:\/\/fundacionporlajusticia.org\/en\/wp-json\/wp\/v2\/pages"}],"about":[{"href":"https:\/\/fundacionporlajusticia.org\/en\/wp-json\/wp\/v2\/types\/page"}],"author":[{"embeddable":true,"href":"https:\/\/fundacionporlajusticia.org\/en\/wp-json\/wp\/v2\/users\/2"}],"replies":[{"embeddable":true,"href":"https:\/\/fundacionporlajusticia.org\/en\/wp-json\/wp\/v2\/comments?post=13551"}],"version-history":[{"count":4,"href":"https:\/\/fundacionporlajusticia.org\/en\/wp-json\/wp\/v2\/pages\/13551\/revisions"}],"predecessor-version":[{"id":13556,"href":"https:\/\/fundacionporlajusticia.org\/en\/wp-json\/wp\/v2\/pages\/13551\/revisions\/13556"}],"up":[{"embeddable":true,"href":"https:\/\/fundacionporlajusticia.org\/en\/wp-json\/wp\/v2\/pages\/13527"}],"wp:attachment":[{"href":"https:\/\/fundacionporlajusticia.org\/en\/wp-json\/wp\/v2\/media?parent=13551"}],"curies":[{"name":"wp","href":"https:\/\/api.w.org\/{rel}","templated":true}]}}