{"id":13545,"date":"2025-09-25T13:27:37","date_gmt":"2025-09-25T11:27:37","guid":{"rendered":"https:\/\/fundacionporlajusticia.org\/?page_id=13545"},"modified":"2025-09-25T13:28:32","modified_gmt":"2025-09-25T11:28:32","slug":"futuros-en-libertad-defensoras-de-ddhh-2022","status":"publish","type":"page","link":"https:\/\/fundacionporlajusticia.org\/en\/proyectos\/sensibilizacion\/futuros-en-libertad-defensoras-ddhh\/futuros-en-libertad-defensoras-de-ddhh-2022\/","title":{"rendered":"Futuros en Libertad. Defensoras de DDHH (2022)"},"content":{"rendered":"<p>[et_pb_section fb_built=\u00bb1&#8243; _builder_version=\u00bb4.27.4&#8243; _module_preset=\u00bbdefault\u00bb background_color=\u00bb#92857c\u00bb background_image=\u00bbhttps:\/\/fundacionporlajusticia.org\/wp-content\/uploads\/2022\/03\/Fonzo_Verde_Fundacion_baja.jpeg\u00bb global_colors_info=\u00bb{}\u00bb][et_pb_row admin_label=\u00bbComo\u00bb _builder_version=\u00bb4.16&#8243; _module_preset=\u00bbdefault\u00bb global_colors_info=\u00bb{}\u00bb][et_pb_column type=\u00bb4_4&#8243; _builder_version=\u00bb4.16&#8243; _module_preset=\u00bbdefault\u00bb global_colors_info=\u00bb{}\u00bb][et_pb_text admin_label=\u00bbTitulo\u00bb _builder_version=\u00bb4.27.4&#8243; _module_preset=\u00bbdefault\u00bb text_font=\u00bb|700|||||||\u00bb text_text_color=\u00bb#FFFFFF\u00bb text_orientation=\u00bbcenter\u00bb background_layout=\u00bbdark\u00bb custom_padding=\u00bb7px|||||\u00bb animation_style=\u00bbfold\u00bb hover_enabled=\u00bb0&#8243; global_colors_info=\u00bb{}\u00bb sticky_enabled=\u00bb0&#8243;]<\/p>\n<h2 style=\"text-align: center;\"><span style=\"color: #92857c;\">FUTUROS EN LIBERTAD. DEFENSORAS DDHH (2022)<\/span><i><\/i><\/h2>\n<p>[\/et_pb_text][et_pb_text admin_label=\u00bbTitulo\u00bb _builder_version=\u00bb4.27.4&#8243; _module_preset=\u00bbdefault\u00bb text_font=\u00bb|700|||||||\u00bb text_text_color=\u00bb#FFFFFF\u00bb text_orientation=\u00bbcenter\u00bb background_layout=\u00bbdark\u00bb custom_padding=\u00bb7px|||||\u00bb animation_style=\u00bbfold\u00bb global_colors_info=\u00bb{}\u00bb]<\/p>\n<h2><em><span style=\"color: #92857c;\"><span style=\"font-size: medium;\">Visibilizaci\u00f3n y defensa de activistas de derechos humanos vinculados a la libertad de expresi\u00f3n y prensa en El Salvador<\/span><\/span><\/em><i><\/i><\/h2>\n<p>[\/et_pb_text][\/et_pb_column][\/et_pb_row][\/et_pb_section][et_pb_section fb_built=\u00bb1&#8243; _builder_version=\u00bb4.27.4&#8243; _module_preset=\u00bbdefault\u00bb global_colors_info=\u00bb{}\u00bb][et_pb_row _builder_version=\u00bb4.27.4&#8243; _module_preset=\u00bbdefault\u00bb global_colors_info=\u00bb{}\u00bb][et_pb_column type=\u00bb4_4&#8243; _builder_version=\u00bb4.27.4&#8243; _module_preset=\u00bbdefault\u00bb global_colors_info=\u00bb{}\u00bb][et_pb_text _builder_version=\u00bb4.27.4&#8243; _module_preset=\u00bbdefault\u00bb custom_padding=\u00bb||0px|||\u00bb global_colors_info=\u00bb{}\u00bb]<\/p>\n<p><span style=\"font-size: large;\"><strong>T\u00cdTULO: Visibilizaci\u00f3n y defensa de activistas de derechos humanos vinculados a la libertad de expresi\u00f3n y prensa en El Salvador<\/strong><\/span><\/p>\n<p><span style=\"font-size: large;\"><strong>Financiador: Generalitat Valenciana <\/strong><\/span><br \/><span style=\"font-size: large;\"><strong>Presupuesto total: 26.629,48 \u20ac<\/strong><\/span><br \/><span style=\"font-size: large;\"><strong>Importe subvenci\u00f3n: 24.914,07 \u20ac<\/strong><\/span><br \/><span style=\"font-size: large;\"><strong>Fecha inicio: 01\/06\/2022<\/strong><\/span><br \/><span style=\"font-size: large;\"><strong>Fecha fin: 30\/11\/2022<\/strong><\/span><\/p>\n<p><span style=\"font-size: large;\"><strong><\/strong><\/span><\/p>\n<p>[\/et_pb_text][et_pb_text admin_label=\u00bbTitulo\u00bb _builder_version=\u00bb4.27.4&#8243; _module_preset=\u00bbdefault\u00bb text_font=\u00bb|700|||||||\u00bb text_text_color=\u00bb#FFFFFF\u00bb text_orientation=\u00bbcenter\u00bb background_layout=\u00bbdark\u00bb custom_padding=\u00bb7px|||||\u00bb animation_style=\u00bbfold\u00bb global_colors_info=\u00bb{}\u00bb]<\/p>\n<h2 style=\"text-align: center;\"><span style=\"color: #92857c;\"><i>Resumen<\/i><\/span><i><\/i><\/h2>\n<p>[\/et_pb_text][et_pb_text _builder_version=\u00bb4.27.4&#8243; _module_preset=\u00bbdefault\u00bb custom_padding=\u00bb||0px|||\u00bb global_colors_info=\u00bb{}\u00bb]<\/p>\n<p style=\"text-align: justify;\"><span style=\"font-weight: 400;\">Este proyecto pone el foco en la situaci\u00f3n cr\u00edtica que atraviesan periodistas y defensores de la libertad de expresi\u00f3n en El Salvador. En un contexto donde las instituciones del Estado se encuentran controladas por el partido de gobierno y no existen contrapesos independientes, los ataques contra medios y profesionales de la comunicaci\u00f3n se han intensificado. Detenciones arbitrarias, campa\u00f1as de desprestigio, hostigamiento judicial y fiscal, as\u00ed como la estigmatizaci\u00f3n en espacios p\u00fablicos son algunas de las pr\u00e1cticas que buscan silenciar a quienes investigan y denuncian los abusos de poder. Casos como el del peri\u00f3dico <\/span><i><span style=\"font-weight: 400;\">El Faro<\/span><\/i><span style=\"font-weight: 400;\"> reflejan con claridad estas din\u00e1micas de represi\u00f3n y persecuci\u00f3n.<\/span><\/p>\n<p style=\"text-align: justify;\"><span style=\"font-weight: 400;\">La intervenci\u00f3n pretende trasladar a la sociedad valenciana la urgencia de denunciar estas vulneraciones y de reclamar garant\u00edas efectivas para que periodistas y activistas puedan ejercer su labor sin miedo a represalias. A trav\u00e9s de actividades de sensibilizaci\u00f3n, debate y formaci\u00f3n, se fomenta la construcci\u00f3n de una ciudadan\u00eda cr\u00edtica y consciente de la importancia de la libertad de prensa como pilar de la democracia y la justicia social. La implicaci\u00f3n de la sociedad valenciana resulta clave para exigir compromisos de protecci\u00f3n a los responsables pol\u00edticos y contribuir a que en El Salvador se implementen medidas reales que salvaguarden los derechos fundamentales de quienes ejercen el periodismo y la defensa de los derechos humanos.<\/span><\/p>\n<p style=\"text-align: justify;\"><span style=\"font-weight: 400;\">El proyecto se enmarca adem\u00e1s en la Agenda 2030 y en el ODS 16, que apuesta por la paz, la justicia y la construcci\u00f3n de instituciones s\u00f3lidas. Promover la participaci\u00f3n ciudadana, tejer redes de solidaridad y visibilizar la realidad de las personas defensoras de derechos humanos se convierten as\u00ed en herramientas esenciales para no dejar a nadie atr\u00e1s. Desde este enfoque, la iniciativa busca despertar conciencia, movilizar compromisos y generar un impacto positivo tanto en la Comunitat Valenciana como en la protecci\u00f3n de quienes luchan por la libertad de expresi\u00f3n en El Salvador.<\/span><\/p>\n<p>[\/et_pb_text][\/et_pb_column][\/et_pb_row][et_pb_row _builder_version=\u00bb4.27.4&#8243; _module_preset=\u00bbdefault\u00bb global_colors_info=\u00bb{}\u00bb][et_pb_column type=\u00bb4_4&#8243; _builder_version=\u00bb4.27.4&#8243; _module_preset=\u00bbdefault\u00bb global_colors_info=\u00bb{}\u00bb][et_pb_button button_url=\u00bbhttps:\/\/drive.google.com\/open?id=1-6loQ75K8o14b1F7zWNISrL3ysOtdGCy&#038;usp=drive_fs\t\u00bb button_text=\u00bbEvaluaci\u00f3n externa del proyecto\u00bb button_alignment=\u00bbcenter\u00bb _builder_version=\u00bb4.27.4&#8243; _module_preset=\u00bbdefault\u00bb custom_button=\u00bbon\u00bb button_text_size=\u00bb18px\u00bb button_text_color=\u00bb#ada39a\u00bb transform_scale=\u00bb105%|105%\u00bb hover_enabled=\u00bb0&#8243; global_colors_info=\u00bb{}\u00bb sticky_enabled=\u00bb0&#8243;][\/et_pb_button][\/et_pb_column][\/et_pb_row][et_pb_row _builder_version=\u00bb4.27.4&#8243; _module_preset=\u00bbdefault\u00bb global_colors_info=\u00bb{}\u00bb][et_pb_column type=\u00bb4_4&#8243; _builder_version=\u00bb4.27.4&#8243; _module_preset=\u00bbdefault\u00bb global_colors_info=\u00bb{}\u00bb][et_pb_button button_url=\u00bbhttps:\/\/humansmedia.org\/pages\/home?panel=849de87a-12c7-4858-a08b-1db24631b61c\t\u00bb button_text=\u00bbDocumental &#8216;Voces que resisten a la censura'\u00bb button_alignment=\u00bbcenter\u00bb _builder_version=\u00bb4.27.4&#8243; _module_preset=\u00bbdefault\u00bb custom_button=\u00bbon\u00bb button_text_size=\u00bb18px\u00bb button_text_color=\u00bb#ada39a\u00bb transform_scale=\u00bb105%|105%\u00bb hover_enabled=\u00bb0&#8243; global_colors_info=\u00bb{}\u00bb sticky_enabled=\u00bb0&#8243;][\/et_pb_button][\/et_pb_column][\/et_pb_row][\/et_pb_section][et_pb_section fb_built=\u00bb1&#8243; admin_label=\u00bbSecci\u00f3n\u00bb _builder_version=\u00bb4.27.4&#8243; _module_preset=\u00bbdefault\u00bb background_color=\u00bb#92857c\u00bb background_image=\u00bbhttps:\/\/fundacionporlajusticia.org\/wp-content\/uploads\/2022\/03\/Fonzo_Verde_Fundacion_baja.jpeg\u00bb locked=\u00bboff\u00bb global_colors_info=\u00bb{}\u00bb][et_pb_row admin_label=\u00bbComo\u00bb _builder_version=\u00bb4.16&#8243; _module_preset=\u00bbdefault\u00bb collapsed=\u00bboff\u00bb global_colors_info=\u00bb{}\u00bb][et_pb_column type=\u00bb4_4&#8243; _builder_version=\u00bb4.16&#8243; _module_preset=\u00bbdefault\u00bb global_colors_info=\u00bb{}\u00bb][\/et_pb_column][\/et_pb_row][\/et_pb_section][et_pb_section fb_built=\u00bb1&#8243; _builder_version=\u00bb4.16&#8243; _module_preset=\u00bbdefault\u00bb global_colors_info=\u00bb{}\u00bb][et_pb_row _builder_version=\u00bb4.16&#8243; _module_preset=\u00bbdefault\u00bb global_colors_info=\u00bb{}\u00bb][et_pb_column type=\u00bb4_4&#8243; _builder_version=\u00bb4.16&#8243; _module_preset=\u00bbdefault\u00bb global_colors_info=\u00bb{}\u00bb][et_pb_text admin_label=\u00bbTexto\u00bb _builder_version=\u00bb4.17.1&#8243; _module_preset=\u00bbdefault\u00bb global_colors_info=\u00bb{}\u00bb]<\/p>\n<h3 style=\"text-align: center;\">Proyectos relacionados<\/h3>\n<p>[\/et_pb_text][et_pb_divider _builder_version=\u00bb4.17.1&#8243; _module_preset=\u00bbdefault\u00bb global_colors_info=\u00bb{}\u00bb][\/et_pb_divider][et_pb_blog fullwidth=\u00bboff\u00bb posts_number=\u00bb9&#8243; include_categories=\u00bb6&#8243; excerpt_length=\u00bb498&#8243; show_author=\u00bboff\u00bb _builder_version=\u00bb4.17.1&#8243; _module_preset=\u00bbdefault\u00bb border_radii_image=\u00bbon|10px|10px|10px|10px\u00bb global_colors_info=\u00bb{}\u00bb][\/et_pb_blog][\/et_pb_column][\/et_pb_row][\/et_pb_section]<\/p>\n","protected":false},"excerpt":{"rendered":"<p>FUTUROS EN LIBERTAD. DEFENSORAS DDHH (2022)Visibilizaci\u00f3n y defensa de activistas de derechos humanos vinculados a la libertad de expresi\u00f3n y prensa en El SalvadorT\u00cdTULO: Visibilizaci\u00f3n y defensa de activistas de derechos humanos vinculados a la libertad de expresi\u00f3n y prensa en El Salvador Financiador: Generalitat Valenciana Presupuesto total: 26.629,48 \u20acImporte subvenci\u00f3n: 24.914,07 \u20acFecha inicio: 01\/06\/2022Fecha [&hellip;]<\/p>\n","protected":false},"author":2,"featured_media":0,"parent":13527,"menu_order":0,"comment_status":"closed","ping_status":"closed","template":"","meta":{"_et_pb_use_builder":"on","_et_pb_old_content":"<p>[et_pb_section fb_built=\"1\" _builder_version=\"4.27.4\" _module_preset=\"default\" background_color=\"#92857c\" background_image=\"https:\/\/fundacionporlajusticia.org\/wp-content\/uploads\/2022\/03\/Fonzo_Verde_Fundacion_baja.jpeg\" global_colors_info=\"{}\"][et_pb_row admin_label=\"Como\" _builder_version=\"4.16\" _module_preset=\"default\" global_colors_info=\"{}\"][et_pb_column type=\"4_4\" _builder_version=\"4.16\" _module_preset=\"default\" global_colors_info=\"{}\"][et_pb_text admin_label=\"Titulo\" _builder_version=\"4.27.4\" _module_preset=\"default\" text_font=\"|700|||||||\" text_text_color=\"#FFFFFF\" text_orientation=\"center\" background_layout=\"dark\" custom_padding=\"7px|||||\" animation_style=\"fold\" global_colors_info=\"{}\"]<\/p><h2 style=\"text-align: center;\"><span style=\"color: #92857c;\">FUTUROS EN LIBERTAD. DEFENSORAS DDHH (2021)<\/span><i><\/i><\/h2><p>[\/et_pb_text][et_pb_text admin_label=\"Titulo\" _builder_version=\"4.27.4\" _module_preset=\"default\" text_font=\"|700|||||||\" text_text_color=\"#FFFFFF\" text_orientation=\"center\" background_layout=\"dark\" custom_padding=\"7px|||||\" animation_style=\"fold\" hover_enabled=\"0\" global_colors_info=\"{}\" sticky_enabled=\"0\"]<\/p><h2 style=\"text-align: center;\"><em><span style=\"color: #92857c;\">\u00a0<span style=\"font-size: medium;\">Visibilizaci\u00f3n y defensa de activistas de DDHH en el marco de protecci\u00f3n de los derechos del colectivo LGTBIQ+ en El Salvador<\/span><\/span><\/em><i><\/i><\/h2><p>[\/et_pb_text][\/et_pb_column][\/et_pb_row][\/et_pb_section][et_pb_section fb_built=\"1\" _builder_version=\"4.27.4\" _module_preset=\"default\" global_colors_info=\"{}\"][et_pb_row _builder_version=\"4.27.4\" _module_preset=\"default\" global_colors_info=\"{}\"][et_pb_column type=\"4_4\" _builder_version=\"4.27.4\" _module_preset=\"default\" global_colors_info=\"{}\"][et_pb_text _builder_version=\"4.27.4\" _module_preset=\"default\" custom_padding=\"||0px|||\" global_colors_info=\"{}\"]<\/p><p><span style=\"font-size: large;\"><strong>T\u00cdTULO: Visibilizaci\u00f3n y defensa de activistas de DDHH en el marco de protecci\u00f3n de los derechos del colectivo LGTBIQ+ en El Salvador<\/strong><\/span><\/p><p><span style=\"font-size: large;\"><strong>Financiador: Generalitat Valenciana<\/strong><\/span><br \/><span style=\"font-size: large;\"><strong>Presupuesto total: 28.448,55 \u20ac<\/strong><\/span><br \/><span style=\"font-size: large;\"><strong>Importe subvenci\u00f3n: 22.758,84 \u20ac<\/strong><\/span><br \/><span style=\"font-size: large;\"><strong>Fecha inicio: 1\/05\/2021<\/strong><\/span><br \/><span style=\"font-size: large;\"><strong>Fecha fin: 1\/11\/2021<\/strong><\/span><\/p><p>[\/et_pb_text][et_pb_text admin_label=\"Titulo\" _builder_version=\"4.27.4\" _module_preset=\"default\" text_font=\"|700|||||||\" text_text_color=\"#FFFFFF\" text_orientation=\"center\" background_layout=\"dark\" custom_padding=\"7px|||||\" animation_style=\"fold\" global_colors_info=\"{}\"]<\/p><h2 style=\"text-align: center;\"><span style=\"color: #92857c;\"><i>Resumen<\/i><\/span><i><\/i><\/h2><p>[\/et_pb_text][et_pb_text _builder_version=\"4.27.4\" _module_preset=\"default\" global_colors_info=\"{}\" custom_padding=\"||0px|||\"]<\/p><p style=\"text-align: justify;\"><span style=\"font-weight: 400;\">Este proyecto nace con el prop\u00f3sito de acercar a la sociedad valenciana las luchas diarias de mujeres activistas de derechos humanos en El Salvador que dedican su vida a la defensa del colectivo LGTBIQ+. A trav\u00e9s de su labor, organizaciones como COMCAVIS TRANS y Cristosal denuncian la grave desprotecci\u00f3n que sufren estas comunidades, as\u00ed como las deficiencias de los sistemas jur\u00eddicos, pol\u00edticos e institucionales que deber\u00edan garantizar sus derechos. Dar a conocer su trabajo significa tambi\u00e9n visibilizar las amenazas que enfrentan a diario quienes defienden la dignidad y la igualdad en un contexto hostil.<\/span><\/p><p style=\"text-align: justify;\"><span style=\"font-weight: 400;\">La intervenci\u00f3n busca fomentar una ciudadan\u00eda global m\u00e1s cr\u00edtica, consciente y comprometida, capaz de exigir el fin de la violencia y la implementaci\u00f3n de pol\u00edticas p\u00fablicas que aseguren la protecci\u00f3n tanto de las personas defensoras como del colectivo al que acompa\u00f1an. Las actividades impulsadas en este marco se orientan a sensibilizar a la sociedad valenciana sobre la situaci\u00f3n de vulnerabilidad que atraviesan estas mujeres activistas en su pa\u00eds de origen, y a reforzar la incidencia pol\u00edtica para que las instituciones de la Comunitat Valenciana se impliquen activamente en su defensa. De este modo, se aspira a generar cambios reales que mejoren las condiciones de quienes arriesgan su vida por los derechos humanos.<\/span><\/p><p style=\"text-align: justify;\"><span style=\"font-weight: 400;\">Al mismo tiempo, el proyecto promueve la creaci\u00f3n de alianzas y la construcci\u00f3n de redes entre organizaciones de El Salvador y entidades de la Comunitat Valenciana, fortaleciendo as\u00ed el trabajo conjunto en defensa de los derechos humanos. Con la difusi\u00f3n de estas experiencias y la consolidaci\u00f3n de v\u00ednculos solidarios, se ampl\u00eda el alcance de las acciones de sensibilizaci\u00f3n y se multiplica el n\u00famero de personas implicadas en esta causa. La voz de las activistas salvadore\u00f1as se convierte as\u00ed en un puente entre realidades distintas, capaz de inspirar compromiso social y de abrir nuevos caminos hacia la igualdad y la justicia.<\/span><\/p><p>[\/et_pb_text][\/et_pb_column][\/et_pb_row][et_pb_row _builder_version=\"4.27.4\" _module_preset=\"default\" global_colors_info=\"{}\"][et_pb_column type=\"4_4\" _builder_version=\"4.27.4\" _module_preset=\"default\" global_colors_info=\"{}\"][et_pb_button button_url=\"https:\/\/www.youtube.com\/watch?v=G9G55BlOsmk\" button_text=\"Documental 'Mujeres Trans. El derecho a poder ser'\" button_alignment=\"center\" _builder_version=\"4.27.4\" _module_preset=\"default\" custom_button=\"on\" button_text_size=\"18px\" button_text_color=\"#ada39a\" transform_scale=\"105%|105%\" hover_enabled=\"0\" global_colors_info=\"{}\" sticky_enabled=\"0\"][\/et_pb_button][\/et_pb_column][\/et_pb_row][\/et_pb_section][et_pb_section fb_built=\"1\" admin_label=\"Secci\u00f3n\" _builder_version=\"4.27.4\" _module_preset=\"default\" background_color=\"#92857c\" background_image=\"https:\/\/fundacionporlajusticia.org\/wp-content\/uploads\/2022\/03\/Fonzo_Verde_Fundacion_baja.jpeg\" locked=\"off\" global_colors_info=\"{}\"][et_pb_row admin_label=\"Como\" _builder_version=\"4.16\" _module_preset=\"default\" collapsed=\"off\" global_colors_info=\"{}\"][et_pb_column type=\"4_4\" _builder_version=\"4.16\" _module_preset=\"default\" global_colors_info=\"{}\"][\/et_pb_column][\/et_pb_row][\/et_pb_section][et_pb_section fb_built=\"1\" _builder_version=\"4.16\" _module_preset=\"default\" global_colors_info=\"{}\"][et_pb_row _builder_version=\"4.16\" _module_preset=\"default\" global_colors_info=\"{}\"][et_pb_column type=\"4_4\" _builder_version=\"4.16\" _module_preset=\"default\" global_colors_info=\"{}\"][et_pb_text admin_label=\"Texto\" _builder_version=\"4.17.1\" _module_preset=\"default\" global_colors_info=\"{}\"]<\/p><h3 style=\"text-align: center;\">Proyectos relacionados<\/h3><p>[\/et_pb_text][et_pb_divider _builder_version=\"4.17.1\" _module_preset=\"default\" global_colors_info=\"{}\"][\/et_pb_divider][et_pb_blog fullwidth=\"off\" posts_number=\"9\" include_categories=\"6\" excerpt_length=\"498\" show_author=\"off\" _builder_version=\"4.17.1\" _module_preset=\"default\" border_radii_image=\"on|10px|10px|10px|10px\" global_colors_info=\"{}\"][\/et_pb_blog][\/et_pb_column][\/et_pb_row][\/et_pb_section]<\/p>","_et_gb_content_width":"","_uf_show_specific_survey":0,"_uf_disable_surveys":false,"footnotes":""},"class_list":["post-13545","page","type-page","status-publish","hentry"],"aioseo_notices":[],"_links":{"self":[{"href":"https:\/\/fundacionporlajusticia.org\/en\/wp-json\/wp\/v2\/pages\/13545","targetHints":{"allow":["GET"]}}],"collection":[{"href":"https:\/\/fundacionporlajusticia.org\/en\/wp-json\/wp\/v2\/pages"}],"about":[{"href":"https:\/\/fundacionporlajusticia.org\/en\/wp-json\/wp\/v2\/types\/page"}],"author":[{"embeddable":true,"href":"https:\/\/fundacionporlajusticia.org\/en\/wp-json\/wp\/v2\/users\/2"}],"replies":[{"embeddable":true,"href":"https:\/\/fundacionporlajusticia.org\/en\/wp-json\/wp\/v2\/comments?post=13545"}],"version-history":[{"count":4,"href":"https:\/\/fundacionporlajusticia.org\/en\/wp-json\/wp\/v2\/pages\/13545\/revisions"}],"predecessor-version":[{"id":13550,"href":"https:\/\/fundacionporlajusticia.org\/en\/wp-json\/wp\/v2\/pages\/13545\/revisions\/13550"}],"up":[{"embeddable":true,"href":"https:\/\/fundacionporlajusticia.org\/en\/wp-json\/wp\/v2\/pages\/13527"}],"wp:attachment":[{"href":"https:\/\/fundacionporlajusticia.org\/en\/wp-json\/wp\/v2\/media?parent=13545"}],"curies":[{"name":"wp","href":"https:\/\/api.w.org\/{rel}","templated":true}]}}