{"id":13507,"date":"2025-09-24T13:52:11","date_gmt":"2025-09-24T11:52:11","guid":{"rendered":"https:\/\/fundacionporlajusticia.org\/?page_id=13507"},"modified":"2026-02-23T13:34:33","modified_gmt":"2026-02-23T12:34:33","slug":"futuros-en-libertad-2025","status":"publish","type":"page","link":"https:\/\/fundacionporlajusticia.org\/en\/proyectos\/accion-social\/futuros-en-libertad\/futuros-en-libertad-2025\/","title":{"rendered":"Futuros en Libertad (2025)"},"content":{"rendered":"<p>[et_pb_section fb_built=\u00bb1&#8243; _builder_version=\u00bb4.27.4&#8243; _module_preset=\u00bbdefault\u00bb background_color=\u00bb#92857c\u00bb background_image=\u00bbhttps:\/\/fundacionporlajusticia.org\/wp-content\/uploads\/2022\/03\/Fonzo_Verde_Fundacion_baja.jpeg\u00bb global_colors_info=\u00bb{}\u00bb][et_pb_row admin_label=\u00bbComo\u00bb _builder_version=\u00bb4.16&#8243; _module_preset=\u00bbdefault\u00bb global_colors_info=\u00bb{}\u00bb][et_pb_column type=\u00bb4_4&#8243; _builder_version=\u00bb4.16&#8243; _module_preset=\u00bbdefault\u00bb global_colors_info=\u00bb{}\u00bb][et_pb_text admin_label=\u00bbTitulo\u00bb _builder_version=\u00bb4.27.4&#8243; _module_preset=\u00bbdefault\u00bb text_font=\u00bb|700|||||||\u00bb text_text_color=\u00bb#FFFFFF\u00bb text_orientation=\u00bbcenter\u00bb background_layout=\u00bbdark\u00bb custom_padding=\u00bb7px|||||\u00bb animation_style=\u00bbfold\u00bb global_colors_info=\u00bb{}\u00bb]<\/p>\n<h2 style=\"text-align: center;\"><span style=\"color: #92857c;\">FUTUROS EN LIBERTAD. <\/span><\/h2>\n<h2 style=\"text-align: center;\"><span style=\"color: #92857c;\">VOCES FEMENINAS PARA INTEGRARTE (2025)\u00a0<br \/><\/span><i><\/i><\/h2>\n<p>[\/et_pb_text][\/et_pb_column][\/et_pb_row][\/et_pb_section][et_pb_section fb_built=\u00bb1&#8243; _builder_version=\u00bb4.27.4&#8243; _module_preset=\u00bbdefault\u00bb global_colors_info=\u00bb{}\u00bb][et_pb_row _builder_version=\u00bb4.27.4&#8243; _module_preset=\u00bbdefault\u00bb global_colors_info=\u00bb{}\u00bb][et_pb_column type=\u00bb4_4&#8243; _builder_version=\u00bb4.27.4&#8243; _module_preset=\u00bbdefault\u00bb global_colors_info=\u00bb{}\u00bb][et_pb_text _builder_version=\u00bb4.27.4&#8243; _module_preset=\u00bbdefault\u00bb custom_padding=\u00bb||0px|||\u00bb global_colors_info=\u00bb{}\u00bb]<\/p>\n<p><span style=\"font-size: large;\"><strong>T\u00cdTULO: Futuros en libertad. Voces femeninas para IntegrArte.<br \/><\/strong><\/span><\/p>\n<p><span style=\"font-size: large;\"><strong>Financiador: Ayuntamiento de Val\u00e8ncia<\/strong><\/span><br \/><span style=\"font-size: large;\"><strong>Presupuesto total: 16.469 \u20ac<\/strong><\/span><br \/><span style=\"font-size: large;\"><strong>Importe subvenci\u00f3n: 13.135,20 \u20ac<\/strong><\/span><br \/><span style=\"font-size: large;\"><strong>Fecha inicio: 1\/12\/2024<\/strong><\/span><br \/><span style=\"font-size: large;\"><strong>Fecha fin: 30\/11\/2025<\/strong><\/span><\/p>\n<p>[\/et_pb_text][et_pb_text admin_label=\u00bbTitulo\u00bb _builder_version=\u00bb4.27.4&#8243; _module_preset=\u00bbdefault\u00bb text_font=\u00bb|700|||||||\u00bb text_text_color=\u00bb#FFFFFF\u00bb text_orientation=\u00bbcenter\u00bb background_layout=\u00bbdark\u00bb custom_padding=\u00bb7px|||||\u00bb animation_style=\u00bbfold\u00bb global_colors_info=\u00bb{}\u00bb]<\/p>\n<h2 style=\"text-align: center;\"><span style=\"color: #92857c;\"><i>Resumen<\/i><\/span><i><\/i><\/h2>\n<p>[\/et_pb_text][et_pb_text _builder_version=\u00bb4.27.4&#8243; _module_preset=\u00bbdefault\u00bb global_colors_info=\u00bb{}\u00bb]<\/p>\n<p style=\"text-align: justify;\"><strong>\u00abFuturos en libertad. Voces femeninas para IntegrArte\u00bb <\/strong>es una propuesta impulsada por Fundaci\u00f3n por la Justicia para acompa\u00f1ar a mujeres privadas de libertad en el Centro Penitenciario de Val\u00e8ncia (Picassent) a trav\u00e9s de la creaci\u00f3n art\u00edstica como v\u00eda de empoderamiento, expresi\u00f3n emocional y transformaci\u00f3n personal. El proyecto nace de una necesidad evidente: la situaci\u00f3n de las mujeres en prisi\u00f3n, marcadas por desigualdades estructurales, violencia de g\u00e9nero, problemas de salud mental y altos niveles de exclusi\u00f3n social, requiere intervenciones espec\u00edficas, centradas en sus vivencias y en el fortalecimiento de su identidad. A trav\u00e9s de metodolog\u00edas creativas como el Teatro Foro, el Teatro del Oprimido y el Teatro Sist\u00e9mico, se plantea un espacio seguro y participativo donde las mujeres puedan explorar su cuerpo, sus emociones y sus historias, rompiendo barreras comunicativas y potenciando procesos de resiliencia y solidaridad.<\/p>\n<p style=\"text-align: justify;\">El trabajo teatral realizado durante las primeras fases del proyecto sirve como base para la creaci\u00f3n de documentales sonoros, piezas \u00edntimas en las que las participantes transforman sus experiencias en relatos audibles cargados de significado. Este formato permite una expresi\u00f3n libre y accesible, eliminando barreras visuales y fomentando la autenticidad de las voces implicadas. A trav\u00e9s del juego, la experimentaci\u00f3n y la construcci\u00f3n colectiva, las mujeres trabajan habilidades de comunicaci\u00f3n, confianza, trabajo en equipo y reflexi\u00f3n cr\u00edtica, mientras consolidan nuevas formas de narrarse a s\u00ed mismas y al mundo. En todo momento, el acompa\u00f1amiento profesional garantiza un entorno protegido, que cada participante pueda sentir como propio, facilitando la reconstrucci\u00f3n de v\u00ednculos emocionales positivos y el reconocimiento de su propia capacidad creadora.<\/p>\n<p style=\"text-align: justify;\">M\u00e1s all\u00e1 del desarrollo personal, el proyecto busca generar impacto social al compartir estas creaciones en espacios culturales, promoviendo la escucha activa y la ruptura de estereotipos en torno a las mujeres reclusas. El proceso completo se construye desde la participaci\u00f3n activa de las propias mujeres, que eligen los temas, dise\u00f1an las escenas y escriben los guiones. Con ello, se fomenta una reflexi\u00f3n conjunta sobre los estigmas y condicionamientos que afectan a sus vidas, al tiempo que se abren nuevas posibilidades de expresi\u00f3n, reconocimiento y reconstrucci\u00f3n. Voces femeninas para IntegrArte no solo crea arte desde la c\u00e1rcel, sino que transforma ese arte en herramienta de libertad, conciencia y posibilidad futura.<\/p>\n<p>[\/et_pb_text][\/et_pb_column][\/et_pb_row][et_pb_row _builder_version=\u00bb4.27.4&#8243; _module_preset=\u00bbdefault\u00bb global_colors_info=\u00bb{}\u00bb][et_pb_column type=\u00bb4_4&#8243; _builder_version=\u00bb4.27.4&#8243; _module_preset=\u00bbdefault\u00bb global_colors_info=\u00bb{}\u00bb][et_pb_button button_url=\u00bbhttps:\/\/youtu.be\/6GUYR1Qquu4&#8243; url_new_window=\u00bbon\u00bb button_text=\u00bbSonodocu \u00bb button_alignment=\u00bbcenter\u00bb _builder_version=\u00bb4.27.5&#8243; _module_preset=\u00bbdefault\u00bb custom_button=\u00bbon\u00bb button_text_size=\u00bb18px\u00bb button_text_color=\u00bb#ada39a\u00bb transform_scale=\u00bb105%|105%\u00bb global_colors_info=\u00bb{}\u00bb][\/et_pb_button][\/et_pb_column][\/et_pb_row][\/et_pb_section][et_pb_section fb_built=\u00bb1&#8243; admin_label=\u00bbSecci\u00f3n\u00bb _builder_version=\u00bb4.27.4&#8243; _module_preset=\u00bbdefault\u00bb background_color=\u00bb#92857c\u00bb background_image=\u00bbhttps:\/\/fundacionporlajusticia.org\/wp-content\/uploads\/2022\/03\/Fonzo_Verde_Fundacion_baja.jpeg\u00bb locked=\u00bboff\u00bb global_colors_info=\u00bb{}\u00bb][et_pb_row admin_label=\u00bbComo\u00bb _builder_version=\u00bb4.16&#8243; _module_preset=\u00bbdefault\u00bb collapsed=\u00bboff\u00bb global_colors_info=\u00bb{}\u00bb][et_pb_column type=\u00bb4_4&#8243; _builder_version=\u00bb4.16&#8243; _module_preset=\u00bbdefault\u00bb global_colors_info=\u00bb{}\u00bb][\/et_pb_column][\/et_pb_row][\/et_pb_section][et_pb_section fb_built=\u00bb1&#8243; _builder_version=\u00bb4.16&#8243; _module_preset=\u00bbdefault\u00bb global_colors_info=\u00bb{}\u00bb][et_pb_row _builder_version=\u00bb4.16&#8243; _module_preset=\u00bbdefault\u00bb global_colors_info=\u00bb{}\u00bb][et_pb_column type=\u00bb4_4&#8243; _builder_version=\u00bb4.16&#8243; _module_preset=\u00bbdefault\u00bb global_colors_info=\u00bb{}\u00bb][et_pb_text admin_label=\u00bbTexto\u00bb _builder_version=\u00bb4.17.1&#8243; _module_preset=\u00bbdefault\u00bb global_colors_info=\u00bb{}\u00bb]<\/p>\n<h3 style=\"text-align: center;\">Proyectos relacionados<\/h3>\n<p>[\/et_pb_text][et_pb_divider _builder_version=\u00bb4.17.1&#8243; _module_preset=\u00bbdefault\u00bb global_colors_info=\u00bb{}\u00bb][\/et_pb_divider][et_pb_blog fullwidth=\u00bboff\u00bb posts_number=\u00bb9&#8243; include_categories=\u00bb6&#8243; excerpt_length=\u00bb498&#8243; show_author=\u00bboff\u00bb _builder_version=\u00bb4.17.1&#8243; _module_preset=\u00bbdefault\u00bb border_radii_image=\u00bbon|10px|10px|10px|10px\u00bb global_colors_info=\u00bb{}\u00bb][\/et_pb_blog][\/et_pb_column][\/et_pb_row][\/et_pb_section]<\/p>\n","protected":false},"excerpt":{"rendered":"<p>FUTUROS EN LIBERTAD. VOCES FEMENINAS PARA INTEGRARTE (2025)\u00a0T\u00cdTULO: Futuros en libertad. Voces femeninas para IntegrArte. Financiador: Ayuntamiento de Val\u00e8nciaPresupuesto total: 16.469 \u20acImporte subvenci\u00f3n: 13.135,20 \u20acFecha inicio: 1\/12\/2024Fecha fin: 30\/11\/2025Resumen \u00abFuturos en libertad. Voces femeninas para IntegrArte\u00bb es una propuesta impulsada por Fundaci\u00f3n por la Justicia para acompa\u00f1ar a mujeres privadas de libertad en el Centro [&hellip;]<\/p>\n","protected":false},"author":2,"featured_media":0,"parent":13457,"menu_order":0,"comment_status":"closed","ping_status":"closed","template":"","meta":{"_et_pb_use_builder":"on","_et_pb_old_content":"<p>[et_pb_section fb_built=\"1\" _builder_version=\"4.27.4\" _module_preset=\"default\" background_color=\"#92857c\" background_image=\"https:\/\/fundacionporlajusticia.org\/wp-content\/uploads\/2022\/03\/Fonzo_Verde_Fundacion_baja.jpeg\" global_colors_info=\"{}\"][et_pb_row admin_label=\"Como\" _builder_version=\"4.16\" _module_preset=\"default\" global_colors_info=\"{}\"][et_pb_column type=\"4_4\" _builder_version=\"4.16\" _module_preset=\"default\" global_colors_info=\"{}\"][et_pb_text admin_label=\"Titulo\" _builder_version=\"4.27.4\" _module_preset=\"default\" text_font=\"|700|||||||\" text_text_color=\"#FFFFFF\" text_orientation=\"center\" background_layout=\"dark\" custom_padding=\"7px|||||\" animation_style=\"fold\" global_colors_info=\"{}\"]<\/p><h2 style=\"text-align: center;\"><span style=\"color: #92857c;\">FUTUROS EN LIBERTAD. ESPACIO REINTEGR-ARTE (2023)<\/span><i><\/i><\/h2><p>[\/et_pb_text][\/et_pb_column][\/et_pb_row][\/et_pb_section][et_pb_section fb_built=\"1\" _builder_version=\"4.27.4\" _module_preset=\"default\" global_colors_info=\"{}\"][et_pb_row _builder_version=\"4.27.4\" _module_preset=\"default\" global_colors_info=\"{}\"][et_pb_column type=\"4_4\" _builder_version=\"4.27.4\" _module_preset=\"default\" global_colors_info=\"{}\"][et_pb_text _builder_version=\"4.27.4\" _module_preset=\"default\" custom_padding=\"||0px|||\" global_colors_info=\"{}\"]<\/p><p><span style=\"font-size: large;\"><strong>T\u00cdTULO: Futuros en libertad. Espacio Reintegr-Arte<\/strong><\/span><\/p><p><span style=\"font-size: large;\"><strong>Financiador: Ayuntamiento de Val\u00e8ncia<\/strong><\/span><br \/><span style=\"font-size: large;\"><strong>Presupuesto total: 15.747,50 \u20ac<\/strong><\/span><br \/><span style=\"font-size: large;\"><strong>Importe subvenci\u00f3n: 12.598 \u20ac<\/strong><\/span><br \/><span style=\"font-size: large;\"><strong>Fecha inicio: 1\/12\/2023<\/strong><\/span><br \/><span style=\"font-size: large;\"><strong>Fecha fin: 30\/11\/2024<\/strong><\/span><\/p><p>[\/et_pb_text][et_pb_text admin_label=\"Titulo\" _builder_version=\"4.27.4\" _module_preset=\"default\" text_font=\"|700|||||||\" text_text_color=\"#FFFFFF\" text_orientation=\"center\" background_layout=\"dark\" custom_padding=\"7px|||||\" animation_style=\"fold\" global_colors_info=\"{}\"]<\/p><h2 style=\"text-align: center;\"><span style=\"color: #92857c;\"><i>Resumen<\/i><\/span><i><\/i><\/h2><p>[\/et_pb_text][et_pb_text _builder_version=\"4.27.4\" _module_preset=\"default\" global_colors_info=\"{}\"]<\/p><p style=\"text-align: justify;\"><strong>\"Futuros en libertad. Espacio Reintegr-Arte\" <\/strong>es un proyecto impulsado por Fundaci\u00f3n por la Justicia con el objetivo de mejorar la calidad de vida de las personas privadas de libertad en el Centro Penitenciario de Val\u00e8ncia Antoni Asunci\u00f3n Hern\u00e1ndez. A trav\u00e9s de una intervenci\u00f3n que combina el desarrollo personal, comunitario y formativo, se propone fortalecer la autoestima, las habilidades emocionales y la convivencia entre los reclusos, al tiempo que se consolidan competencias adquiridas en proyectos anteriores, especialmente en el \u00e1mbito audiovisual. El n\u00facleo de esta edici\u00f3n se centra en la creaci\u00f3n participativa de un documental que narra la experiencia de un taller de baile dentro del centro, una actividad pionera en el sistema penitenciario de la Comunidad Valenciana. El documental est\u00e1 ideado, grabado y producido por las propias personas internas, integrando a participantes del taller de baile y a quienes formaron parte de procesos de formaci\u00f3n audiovisual en ediciones previas, en un ejercicio colectivo de memoria, expresi\u00f3n corporal y narraci\u00f3n compartida.<\/p><p style=\"text-align: justify;\">Adem\u00e1s de esta producci\u00f3n audiovisual, el proyecto incorpora una segunda l\u00ednea de trabajo centrada en la reflexi\u00f3n, la gesti\u00f3n emocional y la exploraci\u00f3n subjetiva. A partir de la visualizaci\u00f3n del documental, se desarrollan sesiones grupales que abordan c\u00f3mo influyen los estereotipos en la forma de ser y relacionarse, generando espacios de confianza donde se favorece la expresi\u00f3n libre de emociones. Estas sesiones se apoyan en din\u00e1micas de juego, t\u00e9cnicas del Teatro del Oprimido y metodolog\u00edas de facilitaci\u00f3n de grupos, buscando una conexi\u00f3n \u00edntima entre el cuerpo, la memoria y la identidad de las personas participantes. Todo el proceso est\u00e1 dise\u00f1ado para fomentar tanto la expresi\u00f3n individual como la creaci\u00f3n colectiva, en un entorno cuidado y seguro, guiado por profesionales con experiencia en intervenci\u00f3n art\u00edstica y psicosocial en contextos de privaci\u00f3n de libertad.<\/p><p style=\"text-align: justify;\">El proyecto incluye, adem\u00e1s, la presentaci\u00f3n del documental en el centro penitenciario de Castell\u00f3n II (Alboc\u00e0sser), con el objetivo de extender esta buena pr\u00e1ctica a otros centros penitenciarios. La propuesta cuenta con el respaldo del propio centro de Picassent, que valora positivamente su enfoque creativo, colaborativo y profundamente trabajado, as\u00ed como su capacidad para generar di\u00e1logo y reflexi\u00f3n fuera del recinto penitenciario, en espacios como el Humans Fest \u2013 Festival Internacional de Cine y Derechos Humanos. La dimensi\u00f3n innovadora del proyecto se manifiesta en su metodolog\u00eda abierta y multidisciplinar, en el uso del arte como herramienta de empoderamiento emocional y social, y en los resultados alcanzados: por un lado, un documental que visibiliza una actividad transformadora en un contexto altamente masculinizado; por otro, un ciclo de talleres participativos que aportan herramientas reales para el desarrollo personal y la futura integraci\u00f3n social de las personas participantes. Todo ello, desde un enfoque de g\u00e9nero, diversidad y derechos humanos que acoge tambi\u00e9n las realidades alejadas de la heteronormatividad, favoreciendo la inclusi\u00f3n y el bienestar com\u00fan.<\/p><p>[\/et_pb_text][\/et_pb_column][\/et_pb_row][et_pb_row _builder_version=\"4.27.4\" _module_preset=\"default\" global_colors_info=\"{}\"][et_pb_column type=\"4_4\" _builder_version=\"4.27.4\" _module_preset=\"default\" global_colors_info=\"{}\"][et_pb_button button_url=\"https:\/\/humansmedia.org\/content\/cortos-participativos\/cuando-el-cuerpo-baila-la-mente-olvida\/play\" button_text=\"Documental 'Cuando el cuerpo baila, la mente olvida'\" button_alignment=\"center\" _builder_version=\"4.27.4\" _module_preset=\"default\" custom_button=\"on\" button_text_size=\"18px\" button_text_color=\"#ada39a\" transform_scale=\"105%|105%\" hover_enabled=\"0\" global_colors_info=\"{}\" sticky_enabled=\"0\"][\/et_pb_button][\/et_pb_column][\/et_pb_row][\/et_pb_section][et_pb_section fb_built=\"1\" admin_label=\"Secci\u00f3n\" _builder_version=\"4.27.4\" _module_preset=\"default\" background_color=\"#92857c\" background_image=\"https:\/\/fundacionporlajusticia.org\/wp-content\/uploads\/2022\/03\/Fonzo_Verde_Fundacion_baja.jpeg\" locked=\"off\" global_colors_info=\"{}\"][et_pb_row admin_label=\"Como\" _builder_version=\"4.16\" _module_preset=\"default\" collapsed=\"off\" global_colors_info=\"{}\"][et_pb_column type=\"4_4\" _builder_version=\"4.16\" _module_preset=\"default\" global_colors_info=\"{}\"][\/et_pb_column][\/et_pb_row][\/et_pb_section][et_pb_section fb_built=\"1\" _builder_version=\"4.16\" _module_preset=\"default\" global_colors_info=\"{}\"][et_pb_row _builder_version=\"4.16\" _module_preset=\"default\" global_colors_info=\"{}\"][et_pb_column type=\"4_4\" _builder_version=\"4.16\" _module_preset=\"default\" global_colors_info=\"{}\"][et_pb_text admin_label=\"Texto\" _builder_version=\"4.17.1\" _module_preset=\"default\" global_colors_info=\"{}\"]<\/p><h3 style=\"text-align: center;\">Proyectos relacionados<\/h3><p>[\/et_pb_text][et_pb_divider _builder_version=\"4.17.1\" _module_preset=\"default\" global_colors_info=\"{}\"][\/et_pb_divider][et_pb_blog fullwidth=\"off\" posts_number=\"9\" include_categories=\"6\" excerpt_length=\"498\" show_author=\"off\" _builder_version=\"4.17.1\" _module_preset=\"default\" border_radii_image=\"on|10px|10px|10px|10px\" global_colors_info=\"{}\"][\/et_pb_blog][\/et_pb_column][\/et_pb_row][\/et_pb_section]<\/p>","_et_gb_content_width":"","_uf_show_specific_survey":0,"_uf_disable_surveys":false,"footnotes":""},"class_list":["post-13507","page","type-page","status-publish","hentry"],"aioseo_notices":[],"_links":{"self":[{"href":"https:\/\/fundacionporlajusticia.org\/en\/wp-json\/wp\/v2\/pages\/13507","targetHints":{"allow":["GET"]}}],"collection":[{"href":"https:\/\/fundacionporlajusticia.org\/en\/wp-json\/wp\/v2\/pages"}],"about":[{"href":"https:\/\/fundacionporlajusticia.org\/en\/wp-json\/wp\/v2\/types\/page"}],"author":[{"embeddable":true,"href":"https:\/\/fundacionporlajusticia.org\/en\/wp-json\/wp\/v2\/users\/2"}],"replies":[{"embeddable":true,"href":"https:\/\/fundacionporlajusticia.org\/en\/wp-json\/wp\/v2\/comments?post=13507"}],"version-history":[{"count":9,"href":"https:\/\/fundacionporlajusticia.org\/en\/wp-json\/wp\/v2\/pages\/13507\/revisions"}],"predecessor-version":[{"id":14033,"href":"https:\/\/fundacionporlajusticia.org\/en\/wp-json\/wp\/v2\/pages\/13507\/revisions\/14033"}],"up":[{"embeddable":true,"href":"https:\/\/fundacionporlajusticia.org\/en\/wp-json\/wp\/v2\/pages\/13457"}],"wp:attachment":[{"href":"https:\/\/fundacionporlajusticia.org\/en\/wp-json\/wp\/v2\/media?parent=13507"}],"curies":[{"name":"wp","href":"https:\/\/api.w.org\/{rel}","templated":true}]}}