{"id":12871,"date":"2025-05-05T12:06:33","date_gmt":"2025-05-05T12:06:33","guid":{"rendered":"https:\/\/fundacionporlajusticia.org\/?page_id=12871"},"modified":"2025-05-05T12:08:30","modified_gmt":"2025-05-05T12:08:30","slug":"proteccio-de-dades","status":"publish","type":"page","link":"https:\/\/fundacionporlajusticia.org\/en\/proteccio-de-dades\/","title":{"rendered":"Data Protection"},"content":{"rendered":"<p><b>Who is responsible for the processing of your data?<\/b><\/p>\n<p><span style=\"font-weight: 400;\">Fundaci\u00f3 per la Justicia de la Comunitat Valenciana with CIF G96356290 and located at c\/ Ripalda, 16 Baix de Val\u00e8ncia 46003.<\/span><\/p>\n<p>&nbsp;<\/p>\n<p><b>Why do we use your personal data?<\/b><\/p>\n<p><span style=\"font-weight: 400;\">The personal details that the facilities are provided will serve the exclusive purpose of managing your participation in activities, training actions, events or projects organized by the Fundaci\u00f3 per la Just\u00edcia. No automated decisions will be made nor will profiles be created based on data.<\/span><\/p>\n<p>&nbsp;<\/p>\n<p><b>Who is the legitimacy for the treatment of these rights?<\/b><\/p>\n<p><span style=\"font-weight: 400;\">The legal basis for the procedure is your consent, which is authorized by sending the corresponding registration or participation form.<\/span><\/p>\n<p>&nbsp;<\/p>\n<p><b>How long will we keep your data?<\/b><\/p>\n<p><span style=\"font-weight: 400;\">The personal data provided will be kept for the duration of the activity or project in which you participate and, subsequently, for the time necessary to comply with both the legal and substantiating obligations of the financial entities. To revoke your consent and request the deletion of your data at any time, write to: info@fundacionporlajusticia.org.<\/span><\/p>\n<p>&nbsp;<\/p>\n<p><b>To whom will we communicate your details?<\/b><\/p>\n<p><span style=\"font-weight: 400;\">We will not transfer your rights to third parties, except under legal obligation or in cases where it is still necessary to fulfill both of the stated purposes.<\/span><\/p>\n<p>&nbsp;<\/p>\n<p><b>Who are the rights that make these data easier?<\/b><\/p>\n<p><span style=\"font-weight: 400;\">You must access your personal data, request that they be corrected if they are incorrect or incomplete, request that they be deleted, limit your use, object to the data that they treat, or request that they be sent to you (portability). You can exercise these rights at any time by writing to: info@fundacionporlajusticia.org. Once again the request is made, and we will respond within the legal term. If you are not satisfied with our response or consider that these rights have not been respected, you can file a claim with the Spanish Agency for Child Protection: www.aepd.es.<\/span><\/p>","protected":false},"excerpt":{"rendered":"<p>Qui \u00e9s el responsable del tractament de les teues dades? Fundaci\u00f3 per la Just\u00edcia de la Comunitat Valenciana amb CIF G96356290 i seu en c\/ Ripalda, 16 Baix de Val\u00e8ncia 46003. &nbsp; Per a qu\u00e8 utilitzem les teues dades personals? Les dades personals que ens facilites es tractaran amb la finalitat exclusiva de gestionar la [&hellip;]<\/p>\n","protected":false},"author":2,"featured_media":0,"parent":0,"menu_order":0,"comment_status":"closed","ping_status":"closed","template":"","meta":{"_et_pb_use_builder":"","_et_pb_old_content":"","_et_gb_content_width":"","_uf_show_specific_survey":0,"_uf_disable_surveys":false,"footnotes":""},"class_list":["post-12871","page","type-page","status-publish","hentry"],"aioseo_notices":[],"_links":{"self":[{"href":"https:\/\/fundacionporlajusticia.org\/en\/wp-json\/wp\/v2\/pages\/12871","targetHints":{"allow":["GET"]}}],"collection":[{"href":"https:\/\/fundacionporlajusticia.org\/en\/wp-json\/wp\/v2\/pages"}],"about":[{"href":"https:\/\/fundacionporlajusticia.org\/en\/wp-json\/wp\/v2\/types\/page"}],"author":[{"embeddable":true,"href":"https:\/\/fundacionporlajusticia.org\/en\/wp-json\/wp\/v2\/users\/2"}],"replies":[{"embeddable":true,"href":"https:\/\/fundacionporlajusticia.org\/en\/wp-json\/wp\/v2\/comments?post=12871"}],"version-history":[{"count":2,"href":"https:\/\/fundacionporlajusticia.org\/en\/wp-json\/wp\/v2\/pages\/12871\/revisions"}],"predecessor-version":[{"id":12873,"href":"https:\/\/fundacionporlajusticia.org\/en\/wp-json\/wp\/v2\/pages\/12871\/revisions\/12873"}],"wp:attachment":[{"href":"https:\/\/fundacionporlajusticia.org\/en\/wp-json\/wp\/v2\/media?parent=12871"}],"curies":[{"name":"wp","href":"https:\/\/api.w.org\/{rel}","templated":true}]}}