{"id":12868,"date":"2025-05-05T12:00:57","date_gmt":"2025-05-05T12:00:57","guid":{"rendered":"https:\/\/fundacionporlajusticia.org\/?page_id=12868"},"modified":"2025-05-05T12:01:29","modified_gmt":"2025-05-05T12:01:29","slug":"proteccion-de-datos","status":"publish","type":"page","link":"https:\/\/fundacionporlajusticia.org\/en\/proteccion-de-datos\/","title":{"rendered":"Data protection"},"content":{"rendered":"<p><b>Who is responsible for processing your data?\u00a0<\/b><\/p>\n<p><span style=\"font-weight: 400;\">Foundation for Justice of the Valencian Community with CIF G96356290 and headquarters at c\/ Ripalda, 16 Bajo de Val\u00e8ncia 46003.<\/span><\/p>\n<p>&nbsp;<\/p>\n<p><b>What do we use your personal data for?<\/b><\/p>\n<p><span style=\"font-weight: 400;\">The personal data you provide will be processed solely for the purpose of managing your participation in activities, training activities, events, or projects organized by the Foundation for Justice. No automated decisions will be made, nor will any profiles be created based on your data.<\/span><\/p>\n<p>&nbsp;<\/p>\n<p><b>What is the legitimacy for processing your data?<\/b><\/p>\n<p><span style=\"font-weight: 400;\">The legal basis for processing is your consent, which is deemed to have been granted upon submitting the corresponding registration or participation form.<\/span><\/p>\n<p>&nbsp;<\/p>\n<p><b>How long will we retain your data?\u00a0<\/b><\/p>\n<p><span style=\"font-weight: 400;\">The personal data you provide will be retained for the duration of the activity or project in which you participate and, subsequently, for the time necessary to comply with legal obligations and provide justification to funding entities. You can revoke your consent and request the deletion of your data at any time by writing to: info@fundacionporlajusticia.org.<\/span><\/p>\n<p>&nbsp;<\/p>\n<p><b>Who will we share your data with?<\/b><span style=\"font-weight: 400;\">\u00a0<\/span><\/p>\n<p><span style=\"font-weight: 400;\">We will not share your data with third parties unless legally required or necessary to fulfill the aforementioned purposes.<\/span><\/p>\n<p>&nbsp;<\/p>\n<p><b>What are your rights when you provide us with your data?\u00a0<\/b><\/p>\n<p><span style=\"font-weight: 400;\">You have the right to access your personal data, request that we correct it if it is incorrect or incomplete, request that we delete it, restrict its use, object to its processing, or request that we send it to you (portability). You can exercise these rights at any time by writing to: <\/span><a href=\"mailto:info@fundacionporlajusticia.org\"><span style=\"font-weight: 400;\">info@fundacionporlajusticia.org<\/span><\/a><span style=\"font-weight: 400;\">Once we receive your request, we will respond within the legal deadline. If you are not satisfied with our response or believe your rights have not been respected, you can file a complaint with the Spanish Data Protection Agency:<\/span><a href=\"http:\/\/www.aepd.es\"> <span style=\"font-weight: 400;\">www.aepd.es<\/span><\/a><span style=\"font-weight: 400;\">.<\/span><\/p>\n<p>&nbsp;<\/p>","protected":false},"excerpt":{"rendered":"<p>\u00bfQui\u00e9n es el responsable del tratamiento de tus datos?\u00a0 Fundaci\u00f3n por la Justicia de la Comunitat Valenciana con CIF G96356290 y sede en c\/ Ripalda, 16 Bajo de Val\u00e8ncia 46003. &nbsp; \u00bfPara qu\u00e9 utilizamos tus datos personales? Los datos personales que nos facilitas se tratar\u00e1n con la finalidad exclusiva de gestionar tu participaci\u00f3n en actividades, [&hellip;]<\/p>\n","protected":false},"author":2,"featured_media":0,"parent":0,"menu_order":0,"comment_status":"closed","ping_status":"closed","template":"","meta":{"_et_pb_use_builder":"","_et_pb_old_content":"","_et_gb_content_width":"","_uf_show_specific_survey":0,"_uf_disable_surveys":false,"footnotes":""},"class_list":["post-12868","page","type-page","status-publish","hentry"],"aioseo_notices":[],"_links":{"self":[{"href":"https:\/\/fundacionporlajusticia.org\/en\/wp-json\/wp\/v2\/pages\/12868","targetHints":{"allow":["GET"]}}],"collection":[{"href":"https:\/\/fundacionporlajusticia.org\/en\/wp-json\/wp\/v2\/pages"}],"about":[{"href":"https:\/\/fundacionporlajusticia.org\/en\/wp-json\/wp\/v2\/types\/page"}],"author":[{"embeddable":true,"href":"https:\/\/fundacionporlajusticia.org\/en\/wp-json\/wp\/v2\/users\/2"}],"replies":[{"embeddable":true,"href":"https:\/\/fundacionporlajusticia.org\/en\/wp-json\/wp\/v2\/comments?post=12868"}],"version-history":[{"count":2,"href":"https:\/\/fundacionporlajusticia.org\/en\/wp-json\/wp\/v2\/pages\/12868\/revisions"}],"predecessor-version":[{"id":12870,"href":"https:\/\/fundacionporlajusticia.org\/en\/wp-json\/wp\/v2\/pages\/12868\/revisions\/12870"}],"wp:attachment":[{"href":"https:\/\/fundacionporlajusticia.org\/en\/wp-json\/wp\/v2\/media?parent=12868"}],"curies":[{"name":"wp","href":"https:\/\/api.w.org\/{rel}","templated":true}]}}